{"id":1817,"date":"2022-01-07T10:07:47","date_gmt":"2022-01-07T09:07:47","guid":{"rendered":"http:\/\/bashkiakucove.gov.al\/?page_id=1817"},"modified":"2022-01-11T13:48:30","modified_gmt":"2022-01-11T12:48:30","slug":"pagesa-dhe-shperblimet-e-keshilltareve","status":"publish","type":"page","link":"https:\/\/bashkiakucove.gov.al\/?page_id=1817","title":{"rendered":"Pagesa dhe Shp\u00ebrblimet e K\u00ebshilltar\u00ebve"},"content":{"rendered":"<a href=\"https:\/\/bashkiakucove.gov.al\/wp-content\/uploads\/2022\/01\/Pagesa-dhe-shperblimi-i-Keshilltareve.pdf\" class=\"pdfemb-viewer\" style=\"\" data-width=\"max\" data-height=\"max\" data-toolbar=\"top\" data-toolbar-fixed=\"on\">Pagesa-dhe-shperblimi-i-Keshilltareve<\/a>\n<p class=\"wp-block-pdfemb-pdf-embedder-viewer\"><\/p>\n","protected":false},"excerpt":{"rendered":"","protected":false},"author":1,"featured_media":0,"parent":0,"menu_order":0,"comment_status":"closed","ping_status":"closed","template":"","meta":{"footnotes":""},"class_list":["post-1817","page","type-page","status-publish","hentry"],"yoast_head":"<!-- This site is optimized with the Yoast SEO plugin v27.3 - https:\/\/yoast.com\/product\/yoast-seo-wordpress\/ -->\n<title>Pagesa dhe Shp\u00ebrblimet e K\u00ebshilltar\u00ebve - Bashkia Kucove<\/title>\n<meta name=\"robots\" content=\"index, follow, max-snippet:-1, max-image-preview:large, max-video-preview:-1\" \/>\n<link rel=\"canonical\" href=\"https:\/\/bashkiakucove.gov.al\/?page_id=1817\" \/>\n<meta property=\"og:locale\" content=\"en_US\" \/>\n<meta property=\"og:type\" content=\"article\" \/>\n<meta property=\"og:title\" content=\"Pagesa dhe Shp\u00ebrblimet e K\u00ebshilltar\u00ebve - Bashkia Kucove\" \/>\n<meta property=\"og:url\" content=\"https:\/\/bashkiakucove.gov.al\/?page_id=1817\" \/>\n<meta property=\"og:site_name\" content=\"Bashkia Kucove\" \/>\n<meta property=\"article:modified_time\" content=\"2022-01-11T12:48:30+00:00\" \/>\n<meta name=\"twitter:card\" content=\"summary_large_image\" \/>\n<script type=\"application\/ld+json\" class=\"yoast-schema-graph\">{\"@context\":\"https:\\\/\\\/schema.org\",\"@graph\":[{\"@type\":\"WebPage\",\"@id\":\"https:\\\/\\\/bashkiakucove.gov.al\\\/?page_id=1817\",\"url\":\"https:\\\/\\\/bashkiakucove.gov.al\\\/?page_id=1817\",\"name\":\"Pagesa dhe Shp\u00ebrblimet e K\u00ebshilltar\u00ebve - Bashkia Kucove\",\"isPartOf\":{\"@id\":\"https:\\\/\\\/bashkiakucove.gov.al\\\/#website\"},\"datePublished\":\"2022-01-07T09:07:47+00:00\",\"dateModified\":\"2022-01-11T12:48:30+00:00\",\"breadcrumb\":{\"@id\":\"https:\\\/\\\/bashkiakucove.gov.al\\\/?page_id=1817#breadcrumb\"},\"inLanguage\":\"en-US\",\"potentialAction\":[{\"@type\":\"ReadAction\",\"target\":[\"https:\\\/\\\/bashkiakucove.gov.al\\\/?page_id=1817\"]}]},{\"@type\":\"BreadcrumbList\",\"@id\":\"https:\\\/\\\/bashkiakucove.gov.al\\\/?page_id=1817#breadcrumb\",\"itemListElement\":[{\"@type\":\"ListItem\",\"position\":1,\"name\":\"Home\",\"item\":\"https:\\\/\\\/bashkiakucove.gov.al\\\/\"},{\"@type\":\"ListItem\",\"position\":2,\"name\":\"Pagesa dhe Shp\u00ebrblimet e K\u00ebshilltar\u00ebve\"}]},{\"@type\":\"WebSite\",\"@id\":\"https:\\\/\\\/bashkiakucove.gov.al\\\/#website\",\"url\":\"https:\\\/\\\/bashkiakucove.gov.al\\\/\",\"name\":\"Bashkia Kucove\",\"description\":\"Bashkia Kucove\",\"potentialAction\":[{\"@type\":\"SearchAction\",\"target\":{\"@type\":\"EntryPoint\",\"urlTemplate\":\"https:\\\/\\\/bashkiakucove.gov.al\\\/?s={search_term_string}\"},\"query-input\":{\"@type\":\"PropertyValueSpecification\",\"valueRequired\":true,\"valueName\":\"search_term_string\"}}],\"inLanguage\":\"en-US\"}]}<\/script>\n<!-- \/ Yoast SEO plugin. -->","yoast_head_json":{"title":"Pagesa dhe Shp\u00ebrblimet e K\u00ebshilltar\u00ebve - Bashkia Kucove","robots":{"index":"index","follow":"follow","max-snippet":"max-snippet:-1","max-image-preview":"max-image-preview:large","max-video-preview":"max-video-preview:-1"},"canonical":"https:\/\/bashkiakucove.gov.al\/?page_id=1817","og_locale":"en_US","og_type":"article","og_title":"Pagesa dhe Shp\u00ebrblimet e K\u00ebshilltar\u00ebve - Bashkia Kucove","og_url":"https:\/\/bashkiakucove.gov.al\/?page_id=1817","og_site_name":"Bashkia Kucove","article_modified_time":"2022-01-11T12:48:30+00:00","twitter_card":"summary_large_image","schema":{"@context":"https:\/\/schema.org","@graph":[{"@type":"WebPage","@id":"https:\/\/bashkiakucove.gov.al\/?page_id=1817","url":"https:\/\/bashkiakucove.gov.al\/?page_id=1817","name":"Pagesa dhe Shp\u00ebrblimet e K\u00ebshilltar\u00ebve - Bashkia Kucove","isPartOf":{"@id":"https:\/\/bashkiakucove.gov.al\/#website"},"datePublished":"2022-01-07T09:07:47+00:00","dateModified":"2022-01-11T12:48:30+00:00","breadcrumb":{"@id":"https:\/\/bashkiakucove.gov.al\/?page_id=1817#breadcrumb"},"inLanguage":"en-US","potentialAction":[{"@type":"ReadAction","target":["https:\/\/bashkiakucove.gov.al\/?page_id=1817"]}]},{"@type":"BreadcrumbList","@id":"https:\/\/bashkiakucove.gov.al\/?page_id=1817#breadcrumb","itemListElement":[{"@type":"ListItem","position":1,"name":"Home","item":"https:\/\/bashkiakucove.gov.al\/"},{"@type":"ListItem","position":2,"name":"Pagesa dhe Shp\u00ebrblimet e K\u00ebshilltar\u00ebve"}]},{"@type":"WebSite","@id":"https:\/\/bashkiakucove.gov.al\/#website","url":"https:\/\/bashkiakucove.gov.al\/","name":"Bashkia Kucove","description":"Bashkia Kucove","potentialAction":[{"@type":"SearchAction","target":{"@type":"EntryPoint","urlTemplate":"https:\/\/bashkiakucove.gov.al\/?s={search_term_string}"},"query-input":{"@type":"PropertyValueSpecification","valueRequired":true,"valueName":"search_term_string"}}],"inLanguage":"en-US"}]}},"_links":{"self":[{"href":"https:\/\/bashkiakucove.gov.al\/index.php?rest_route=\/wp\/v2\/pages\/1817","targetHints":{"allow":["GET"]}}],"collection":[{"href":"https:\/\/bashkiakucove.gov.al\/index.php?rest_route=\/wp\/v2\/pages"}],"about":[{"href":"https:\/\/bashkiakucove.gov.al\/index.php?rest_route=\/wp\/v2\/types\/page"}],"author":[{"embeddable":true,"href":"https:\/\/bashkiakucove.gov.al\/index.php?rest_route=\/wp\/v2\/users\/1"}],"replies":[{"embeddable":true,"href":"https:\/\/bashkiakucove.gov.al\/index.php?rest_route=%2Fwp%2Fv2%2Fcomments&post=1817"}],"version-history":[{"count":2,"href":"https:\/\/bashkiakucove.gov.al\/index.php?rest_route=\/wp\/v2\/pages\/1817\/revisions"}],"predecessor-version":[{"id":1868,"href":"https:\/\/bashkiakucove.gov.al\/index.php?rest_route=\/wp\/v2\/pages\/1817\/revisions\/1868"}],"wp:attachment":[{"href":"https:\/\/bashkiakucove.gov.al\/index.php?rest_route=%2Fwp%2Fv2%2Fmedia&parent=1817"}],"curies":[{"name":"wp","href":"https:\/\/api.w.org\/{rel}","templated":true}]}}