{"id":554,"date":"2021-09-09T10:56:12","date_gmt":"2021-09-09T10:56:12","guid":{"rendered":"https:\/\/bashkia.said.al\/?page_id=554"},"modified":"2026-04-21T13:58:35","modified_gmt":"2026-04-21T11:58:35","slug":"formulari-i-kerkeses-standardet-dhe-procedurat","status":"publish","type":"page","link":"https:\/\/bashkiakucove.gov.al\/?page_id=554","title":{"rendered":"Formulari i k\u00ebrkes\u00ebs \/ Standardet dhe Pro\u00e7edurat"},"content":{"rendered":"\n<h2 class=\"wp-block-heading\">Formulari i kerkeses \/ Standardet dhe Pro\u00e7edurat<\/h2>\n\n\n\n<p>\u200b&nbsp;<\/p>\n\n\n\n<p><strong><em>1. Formulari i k\u00ebrkes\u00ebs \/ adresa postare\/ elektronike e dor\u00ebzimit\u200b<\/em><\/strong><\/p>\n\n\n\n<p><em>Ne zbatim te ligjit 119\/2014 &#8220;Per te Drejten e Informimit&#8221;, me poshte do \u00a0te gjeni formularin e kerkeses per informacion. \u00a0Formularin e plotesuar\u00a0\u00a0mund ta dergoni prane Bashkise Kucove\u00a0ne adresen e bashkise, <u><a href=\"mailto:Info@bashkiakucove.gov.al\">Info@bashkiakucove.gov.al<\/a> <\/u>si edhe ne adresen e Koordinatorit per te Drejten e Informimit<a href=\"erion.daci@bashkiakucove.gov.al\" type=\"link\" id=\"erion.daci@bashkiakucove.gov.al\">\u00a0<u>erion.daci@bashkiakucove.gov.al<\/u><\/a> gjithashtu mund ta dorezoni dorazi ose \u00a0nepermjet postes\u00a0ne adresen: Lagjia nr. 1, Blloku &#8220;Tafil Skendo&#8221;, sheshi &#8220;18 Tetori&#8221;,\u00a0Kucove.<\/em><\/p>\n\n\n\n<div class=\"wp-block-file\"><a id=\"wp-block-file--media-aafd6d40-b023-4964-908e-631b99a4a4c8\" href=\"https:\/\/bashkiakucove.gov.al\/wp-content\/uploads\/2026\/03\/formulari-i-kerkeses-1.docx\">formulari i kerkeses<\/a><a href=\"https:\/\/bashkiakucove.gov.al\/wp-content\/uploads\/2026\/03\/formulari-i-kerkeses-1.docx\" class=\"wp-block-file__button wp-element-button\" download aria-describedby=\"wp-block-file--media-aafd6d40-b023-4964-908e-631b99a4a4c8\">Download<\/a><\/div>\n\n\n\n<p><strong>Informacioni do t\u00eb d\u00ebrgohet me post ose n\u00eb m\u00ebnyre elektronike<\/strong><\/p>\n\n\n\n<p><strong><em>2. Procedura q\u00eb duhet ndjekur p\u00ebr t\u00eb b\u00ebr\u00eb nj\u00eb k\u00ebrkes\u00eb p\u00ebr informacion.<\/em><\/strong><\/p>\n\n\n\n<p>E DREJTA E INFORMIMIT DHE TRANSPARENCA, Neni 3<\/p>\n\n\n\n<p><strong>E drejta e informimit<\/strong>!<\/p>\n\n\n\n<p>&nbsp;1. \u00c7do person g\u00ebzon t\u00eb drejt\u00ebn e njohjes me informacionin publik, pa u detyruar t\u00eb shpjegoj\u00eb motivet.<\/p>\n\n\n\n<p>&nbsp;2. Autoriteti publik \u00ebsht\u00eb i detyruar t\u00eb informoj\u00eb k\u00ebrkuesin n\u00ebse ka ose jo n\u00eb zot\u00ebrim informacionin e k\u00ebrkuar.<\/p>\n\n\n\n<p>&nbsp;3. \u00c7do person ka t\u00eb drejt\u00eb t\u00eb njihet me informacionin publik, n\u00ebp\u00ebrmjet dokumentit origjinal ose duke marr\u00eb nj\u00eb kopje t\u00eb tij n\u00eb form\u00ebn ose formatin q\u00eb mund\u00ebson akses t\u00eb plot\u00eb n\u00eb p\u00ebrmbajtjen e dokumentit.&nbsp;<\/p>\n\n\n\n<p>4. Informacioni publik q\u00eb i \u00ebsht\u00eb dh\u00ebn\u00eb nj\u00eb personi, nuk mund t\u2019i refuzohet asnj\u00eb personi tjet\u00ebr q\u00eb e k\u00ebrkon at\u00eb, me p\u00ebrjashtim t\u00eb rastit kur informacioni p\u00ebrmban t\u00eb dh\u00ebna personale t\u00eb subjektit, n\u00eb p\u00ebrputhje me nenin 17 t\u00eb k\u00ebtij ligji.&nbsp;<\/p>\n\n\n\n<p>NJOHJA ME INFORMACIONIN PUBLIK, Neni 11&nbsp;<\/p>\n\n\n\n<p><strong>K\u00ebrkesa p\u00ebr informim<\/strong><\/p>\n\n\n\n<p>&nbsp;1. K\u00ebrkesa p\u00ebr informim b\u00ebhet me shkrim dhe d\u00ebrgohet dorazi, me post\u00eb ose me post\u00eb elektronike, duke paraqitur sakt\u00eb identitetin e k\u00ebrkuesit dhe n\u00ebnshkrimin e tij. N\u00eb \u00e7do rast, k\u00ebrkesa regjistrohet n\u00eb Regjistrin e K\u00ebrkesave dhe P\u00ebrgjigjeve, t\u00eb parashikuar n\u00eb nenin 8 t\u00eb k\u00ebtij ligji.&nbsp;<\/p>\n\n\n\n<p>2. N\u00eb \u00e7do rast, k\u00ebrkesa p\u00ebr informim regjistrohet dhe p\u00ebr t\u00eb caktohet nj\u00eb num\u00ebr rendor. Numri rendor, s\u00eb bashku me t\u00eb dh\u00ebnat e kontaktit t\u00eb koordinatorit p\u00ebr t\u00eb drejt\u00ebn e informimit, i jepen k\u00ebrkuesit q\u00eb ka b\u00ebr\u00eb k\u00ebrkes\u00ebn p\u00ebr informim.&nbsp;<\/p>\n\n\n\n<p>3. K\u00ebrkesat p\u00ebr informim regjistrohen sipas radh\u00ebs s\u00eb paraqitjes dhe trajtohen pa dallime mes tyre.<\/p>\n\n\n\n<p>&nbsp;4. K\u00ebrkesa p\u00ebr informim duhet t\u00eb p\u00ebrmbaj\u00eb: a) emrin dhe mbiemrin e k\u00ebrkuesit; b) adres\u00ebn postare ose elektronike ku k\u00ebrkohet t\u00eb d\u00ebrgohet informacioni; c) p\u00ebrshkrimin e informacionit q\u00eb k\u00ebrkohet; \u00e7) formatin n\u00eb t\u00eb cilin preferohet informacioni; d) \u00e7do t\u00eb dh\u00ebn\u00eb q\u00eb k\u00ebrkuesi gjykon se mund t\u00eb ndihmoj\u00eb n\u00eb identifikimin e informacionit t\u00eb k\u00ebrkuar.&nbsp;<\/p>\n\n\n\n<p>5. N\u00eb qoft\u00eb se k\u00ebrkesa p\u00ebr informim nuk e p\u00ebrcakton formatin n\u00eb t\u00eb cilin k\u00ebrkohet informacioni, ai jepet n\u00eb m\u00ebnyr\u00ebn m\u00eb t\u00eb efektshme dhe me koston m\u00eb t\u00eb ul\u00ebt p\u00ebr autoritetin publik.<\/p>\n\n\n\n<p><strong>3. Afatet e marrjes s\u00eb p\u00ebrgjigjes.<\/strong><\/p>\n\n\n\n<p>Neni 15&nbsp;<\/p>\n\n\n\n<p>Afati p\u00ebr marrjen e informacionit&nbsp;<\/p>\n\n\n\n<p>1. Autoriteti publik trajton k\u00ebrkes\u00ebn p\u00ebr informim, duke parashtruar informacionin e k\u00ebrkuar sa m\u00eb shpejt q\u00eb t\u00eb jet\u00eb e mundur, por jo m\u00eb von\u00eb se 10 dit\u00eb pune nga dita e dor\u00ebzimit t\u00eb saj, p\u00ebrve\u00e7 rasteve kur ligji i posa\u00e7\u00ebm parashikon ndryshe.&nbsp;<\/p>\n\n\n\n<p>2. Kur autoriteti publik q\u00eb merr k\u00ebrkes\u00ebn p\u00ebr informim ia d\u00ebrgon at\u00eb nj\u00eb autoriteti tjet\u00ebr, ai kthen p\u00ebrgjigje jo m\u00eb von\u00eb se 15 dit\u00eb pune nga dita e mb\u00ebrritjes s\u00eb k\u00ebrkes\u00ebs n\u00eb autoritetin e par\u00eb.&nbsp;<\/p>\n\n\n\n<p>3. Afati i parashikuar n\u00eb pikat 1 dhe 2, t\u00eb k\u00ebtij neni, mund t\u00eb zgjatet me jo m\u00eb shum\u00eb se 5 dit\u00eb pune p\u00ebr nj\u00eb nga shkaqet e m\u00ebposhtme: a) nevoja p\u00ebr t\u00eb k\u00ebrkuar dhe shqyrtuar dokumente t\u00eb shumta e voluminoze; b) nevoja p\u00ebr t\u2019i shtrir\u00eb k\u00ebrkimet n\u00eb zyra dhe mjedise q\u00eb jan\u00eb fizikisht t\u00eb ndara nga zyra qendrore e autoritetit; c) nevoja p\u00ebr t\u2019u konsultuar me autoritete t\u00eb tjera publike p\u00ebrpara marrjes s\u00eb nj\u00eb vendimi p\u00ebr plot\u00ebsimin ose jo t\u00eb k\u00ebrkes\u00ebs. Vendimi p\u00ebr zgjatjen e afatit i njoftohet menj\u00ebher\u00eb k\u00ebrkuesit.&nbsp;<\/p>\n\n\n\n<p>4. N\u00eb \u00e7do rast, mostrajtimi i k\u00ebrkes\u00ebs p\u00ebr informim brenda afateve t\u00eb sip\u00ebrp\u00ebrmendura do t\u00eb konsiderohet refuzim.<\/p>\n\n\n\n<p>&nbsp;5. Dispozitat e k\u00ebtij neni zbatohen edhe p\u00ebr njohjen me informacionin arkivor t\u00eb \u00e7do lloji.&nbsp;<\/p>\n\n\n\n<p><strong>4.Procedurat q\u00eb duhen djekur p\u00ebr t\u00eb b\u00ebr\u00eb nj\u00eb ankes\u00eb p\u00ebr mosdh\u00ebnie informacioni nga Bashkia Ku\u00e7ov\u00eb<\/strong><\/p>\n\n\n\n<p>Neni 24&nbsp;<\/p>\n\n\n\n<p>Procedurat p\u00ebr shqyrtimin e ankesave&nbsp;<\/p>\n\n\n\n<p>1. \u00c7do person, kur \u00e7mon se i jan\u00eb shkelur t\u00eb drejtat e parashikuara nga ky ligj, ka t\u00eb drejt\u00eb t\u00eb ankohet n\u00eb rrug\u00eb administrative pran\u00eb Komisionerit p\u00ebr t\u00eb Drejt\u00ebn e Informimit dhe Mbrojtjen e t\u00eb Dh\u00ebnave Personale, n\u00eb p\u00ebrputhje me k\u00ebt\u00eb ligj dhe Kodin e Procedurave Administrative.&nbsp;<\/p>\n\n\n\n<p>2. Ankimi administrativ pran\u00eb Komisionerit p\u00ebr t\u00eb Drejt\u00ebn e Informimit dhe Mbrojtjen e t\u00eb Dh\u00ebnave Personale b\u00ebhet brenda 30 dit\u00ebve pune nga dita kur: a) ankuesi ka marr\u00eb njoftim p\u00ebr refuzimin e informacionit; b) ka kaluar afati i parashikuar n\u00eb k\u00ebt\u00eb ligj p\u00ebr dh\u00ebnien e informacionit.&nbsp;\u200b<\/p>\n\n\n\n<p><strong>5. Adresa postare\/ elektronike p\u00ebr d\u00ebrgimin e ankes\u00ebs p\u00ebr mosdh\u00ebnie informacion<\/strong>\u200b<\/p>\n\n\n\n<p><strong>Rr. &#8220;Abdi Toptani&#8221;, Nd. 5,Kodi postar 1001, Tiran\u00ebE-mail: info@idp.al<\/strong><\/p>\n\n\n\n<p><strong>6. Kufizimi i s\u00eb drejt\u00ebs p\u00ebr inform<\/strong><\/p>\n\n\n\n<p><strong>im.<\/strong><\/p>\n\n\n\n<p>Neni 17<\/p>\n\n\n\n<p>Kufizime&nbsp;<\/p>\n\n\n\n<p>1. E drejta e informimit mund t\u00eb kufizohet n\u00eb rast se \u00ebsht\u00eb e domosdoshme, proporcionale dhe n\u00ebse dh\u00ebnia e informacionit d\u00ebmton interesat e m\u00ebposht\u00ebm: a) t\u00eb drejt\u00ebn p\u00ebr nj\u00eb jet\u00eb private; b) sekretin tregtar; c) t\u00eb drejt\u00ebn e autorit; \u00e7) patentat. Kufizimi i s\u00eb drejt\u00ebs s\u00eb informimit, p\u00ebr shkak t\u00eb interesave t\u00eb parashikuar n\u00eb shkronjat \u201ca\u201d, \u201cb\u201d, \u201cc\u201d dhe \u201c\u00e7\u201d, t\u00eb k\u00ebsaj pike, nuk zbatohet kur titullari i k\u00ebtyre t\u00eb drejtave ka dh\u00ebn\u00eb vet\u00eb p\u00eblqimin p\u00ebr dh\u00ebnien e informacionit p\u00ebrkat\u00ebs ose kur n\u00eb momentin e dh\u00ebnies s\u00eb informacionit ai \u00ebsht\u00eb konsideruar autoritet publik n\u00eb baz\u00eb t\u00eb parashikimeve t\u00eb k\u00ebtij ligji. Pavar\u00ebsisht nga sa parashikohet n\u00eb k\u00ebt\u00eb pik\u00eb, informacioni i k\u00ebrkuar nuk refuzohet n\u00eb rast se ekziston nj\u00eb interes publik m\u00eb i lart\u00eb p\u00ebr dh\u00ebnien e tij.&nbsp;<\/p>\n\n\n\n<p>2. E drejta e informimit kufizohet n\u00eb rast se \u00ebsht\u00eb e domosdoshme, proporcionale dhe n\u00ebse dh\u00ebnia e informacionit shkakton nj\u00eb d\u00ebm t\u00eb qart\u00eb dhe t\u00eb r\u00ebnd\u00eb ndaj interesave t\u00eb m\u00ebposht\u00ebm: a) sigurin\u00eb komb\u00ebtare, sipas p\u00ebrkufizimit t\u00eb b\u00ebr\u00eb nga legjislacioni p\u00ebr informacionin e klasifikuar; b) parandalimin, hetimin dhe ndjekjen e veprave penale; c) mbar\u00ebvajtjen e hetimit administrativ n\u00eb kuad\u00ebr t\u00eb nj\u00eb procedimi disiplinor; \u00e7) mbar\u00ebvajtjen e procedurave t\u00eb inspektimit dhe auditimit t\u00eb autoriteteve publike; d) formulimin e politikave monetare dhe fiskale t\u00eb shtetit; dh) barazin\u00eb e pal\u00ebve n\u00eb nj\u00eb proces gjyq\u00ebsor dhe mbar\u00ebvajtjen e procesit gjyq\u00ebsor; e) k\u00ebshillimin dhe diskutimin paraprak brenda ose midis autoriteteve publike p\u00ebr zhvillimin e politikave publike; \u00eb) mbar\u00ebvajtjen e marr\u00ebdh\u00ebnieve nd\u00ebrkomb\u00ebtare ose nd\u00ebrqeveritare. Pavar\u00ebsisht nga sa parashikohet n\u00eb paragrafin e par\u00eb, t\u00eb pik\u00ebs 2, t\u00eb k\u00ebtij neni, informacioni i k\u00ebrkuar nuk refuzohet n\u00eb rast se ekziston nj\u00eb interes publik m\u00eb i lart\u00eb p\u00ebr dh\u00ebnien e tij. Kufizimi mbi t\u00eb drejt\u00ebn e informimit, p\u00ebr shkak t\u00eb interesit t\u00eb parashikuar n\u00eb pik\u00ebn 2, shkronjat \u201cc\u201d dhe \u201c\u00e7\u201d, t\u00eb k\u00ebtij neni, nuk zbatohet kur hetimi administrativ, n\u00eb kuad\u00ebr t\u00eb nj\u00eb 8 procedimi disiplinor, dhe procedurat e inspektimit e t\u00eb auditimit t\u00eb autoriteteve publike kan\u00eb p\u00ebrfunduar. Kufizimi mbi t\u00eb drejt\u00ebn e informimit, p\u00ebr shkak t\u00eb interesit t\u00eb parashikuar n\u00eb pik\u00ebn 2, shkronjat \u201cd\u201d dhe \u201cdh\u201d, t\u00eb k\u00ebtij neni, nuk zbatohet kur t\u00eb dh\u00ebnat p\u00ebrkat\u00ebse jan\u00eb fakte, analiza t\u00eb fakteve, t\u00eb dh\u00ebna teknike ose t\u00eb dh\u00ebna statistikore. Kufizimi mbi t\u00eb drejt\u00ebn e informimit, p\u00ebr shkak t\u00eb interesit t\u00eb parashikuar n\u00eb pik\u00ebn 2, shkronja \u201ce\u201d, t\u00eb k\u00ebtij neni, nuk zbatohet pasi politikat jan\u00eb b\u00ebr\u00eb publike.&nbsp;<\/p>\n\n\n\n<p>3. E drejta e informimit kufizohet, n\u00ebse \u00ebsht\u00eb e domosdoshme, proporcionale dhe n\u00eb qoft\u00eb se p\u00ebrhapja e informacionit do t\u00eb shkelte sekretin profesional t\u00eb garantuar nga ligji.<\/p>\n\n\n\n<p>4. E drejta e informimit kufizohet edhe kur, pavar\u00ebsisht nga ndihma e dh\u00ebn\u00eb nga autoriteti publik, k\u00ebrkesa mbetet e paqart\u00eb dhe b\u00ebhet i pamundur identifikimi i informacionit t\u00eb k\u00ebrkuar.&nbsp;<\/p>\n\n\n\n<p>5. E drejta e informimit nuk refuzohet automatikisht kur informacioni i k\u00ebrkuar gjendet n\u00eb dokumente t\u00eb klasifikuara \u201csekret shtet\u00ebror\u201d. N\u00eb k\u00ebt\u00eb rast, autoriteti publik, t\u00eb cilit i \u00ebsht\u00eb d\u00ebrguar k\u00ebrkesa p\u00ebr informim, fillon menj\u00ebher\u00eb procedur\u00ebn e rishikimit t\u00eb klasifikimit pran\u00eb autoritetit publik q\u00eb ka urdh\u00ebruar klasifikimin, sipas ligjit nr. 8457, dat\u00eb 11.2.1999, \u201cP\u00ebr informacionin e klasifikuar \u201csekret shtet\u00ebror\u201d\u201d, t\u00eb ndryshuar. Autoriteti publik njofton menj\u00ebher\u00eb k\u00ebrkuesin p\u00ebr fillimin e procedur\u00ebs p\u00ebr rishikimin e klasifikimit, sipas ligjit, dhe vendos shtyrjen e afatit p\u00ebr dh\u00ebnien e informacionit brenda 30 dit\u00ebve pune. N\u00eb \u00e7do rast, vendimi p\u00ebr trajtimin ose jo t\u00eb k\u00ebrkes\u00ebs p\u00ebr informim merret dhe arsyetohet n\u00eb baz\u00eb t\u00eb kritereve t\u00eb k\u00ebtij neni.&nbsp;<\/p>\n\n\n\n<p>6. N\u00ebse kufizimi prek vet\u00ebm nj\u00eb pjes\u00eb t\u00eb informacionit t\u00eb k\u00ebrkuar, pjesa tjet\u00ebr nuk i refuzohet k\u00ebrkuesit. Autoriteti publik tregon qart\u00eb pjes\u00ebt e dokumentacionit p\u00ebrkat\u00ebs q\u00eb jan\u00eb refuzuar, si dhe n\u00eb baz\u00eb t\u00eb cil\u00ebs pik\u00eb t\u00eb k\u00ebtij neni \u00ebsht\u00eb b\u00ebr\u00eb ky refuzim. 7. Dispozitat e k\u00ebtij neni zbatohen edhe p\u00ebr njohjen me informacionin arkivor t\u00eb \u00e7do lloji, pavar\u00ebsisht nga parashikimet e ligjit p\u00ebr arkivat.&nbsp;<br><br><\/p>\n\n\n\n<p><strong>7. Tarfia p\u00ebr dh\u00ebnien e informacionit<\/strong><\/p>\n\n\n\n<p>Referuar Paket\u00ebs Fiksale, miratuar me Vendim t\u00eb K\u00ebshillit Bashkiak Ku\u00e7ov\u00eb&nbsp;nr.93,&nbsp; dat\u00eb 23.11.2018 , p\u00ebr taksat dhe tarifat e sh\u00ebrbimeve p\u00ebr vitin 2019, nuk \u00ebsht\u00eb parashikuar <strong>asnj\u00eb tarif\u00eb p\u00ebr dh\u00ebnie informacioni.<\/strong><\/p>\n","protected":false},"excerpt":{"rendered":"<p>Formulari i kerkeses \/ Standardet dhe Pro\u00e7edurat \u200b&nbsp; 1. Formulari i k\u00ebrkes\u00ebs \/ adresa postare\/ elektronike e dor\u00ebzimit\u200b Ne zbatim te ligjit 119\/2014 &#8220;Per te Drejten e Informimit&#8221;, me poshte do \u00a0te gjeni formularin e kerkeses per informacion. \u00a0Formularin e plotesuar\u00a0\u00a0mund ta dergoni prane Bashkise Kucove\u00a0ne adresen e bashkise, Info@bashkiakucove.gov.al si edhe ne adresen e [&hellip;]<\/p>\n","protected":false},"author":1,"featured_media":0,"parent":542,"menu_order":0,"comment_status":"closed","ping_status":"closed","template":"","meta":{"_acf_changed":false,"footnotes":""},"class_list":["post-554","page","type-page","status-publish","hentry"],"acf":[],"yoast_head":"<!-- This site is optimized with the Yoast SEO plugin v27.3 - https:\/\/yoast.com\/product\/yoast-seo-wordpress\/ -->\n<title>Formulari i k\u00ebrkes\u00ebs \/ Standardet dhe Pro\u00e7edurat - Bashkia Kucove<\/title>\n<meta name=\"description\" content=\"Formulari i kerkeses \/ Standardet dhe Pro\u00e7edurat\" \/>\n<meta name=\"robots\" content=\"index, follow, max-snippet:-1, max-image-preview:large, max-video-preview:-1\" \/>\n<link rel=\"canonical\" href=\"https:\/\/bashkiakucove.gov.al\/?page_id=554\" \/>\n<meta property=\"og:locale\" content=\"en_US\" \/>\n<meta property=\"og:type\" content=\"article\" \/>\n<meta property=\"og:title\" content=\"Formulari i k\u00ebrkes\u00ebs \/ Standardet dhe Pro\u00e7edurat - Bashkia Kucove\" \/>\n<meta property=\"og:description\" content=\"Formulari i kerkeses \/ Standardet dhe Pro\u00e7edurat\" \/>\n<meta property=\"og:url\" content=\"https:\/\/bashkiakucove.gov.al\/?page_id=554\" \/>\n<meta property=\"og:site_name\" content=\"Bashkia Kucove\" \/>\n<meta property=\"article:modified_time\" content=\"2026-04-21T11:58:35+00:00\" \/>\n<meta name=\"twitter:card\" content=\"summary_large_image\" \/>\n<meta name=\"twitter:label1\" content=\"Est. reading time\" \/>\n\t<meta name=\"twitter:data1\" content=\"7 minutes\" \/>\n<script type=\"application\/ld+json\" class=\"yoast-schema-graph\">{\"@context\":\"https:\\\/\\\/schema.org\",\"@graph\":[{\"@type\":\"WebPage\",\"@id\":\"https:\\\/\\\/bashkiakucove.gov.al\\\/?page_id=554\",\"url\":\"https:\\\/\\\/bashkiakucove.gov.al\\\/?page_id=554\",\"name\":\"Formulari i k\u00ebrkes\u00ebs \\\/ Standardet dhe Pro\u00e7edurat - Bashkia Kucove\",\"isPartOf\":{\"@id\":\"https:\\\/\\\/bashkiakucove.gov.al\\\/#website\"},\"datePublished\":\"2021-09-09T10:56:12+00:00\",\"dateModified\":\"2026-04-21T11:58:35+00:00\",\"description\":\"Formulari i kerkeses \\\/ Standardet dhe Pro\u00e7edurat\",\"breadcrumb\":{\"@id\":\"https:\\\/\\\/bashkiakucove.gov.al\\\/?page_id=554#breadcrumb\"},\"inLanguage\":\"en-US\",\"potentialAction\":[{\"@type\":\"ReadAction\",\"target\":[\"https:\\\/\\\/bashkiakucove.gov.al\\\/?page_id=554\"]}]},{\"@type\":\"BreadcrumbList\",\"@id\":\"https:\\\/\\\/bashkiakucove.gov.al\\\/?page_id=554#breadcrumb\",\"itemListElement\":[{\"@type\":\"ListItem\",\"position\":1,\"name\":\"Home\",\"item\":\"https:\\\/\\\/bashkiakucove.gov.al\\\/\"},{\"@type\":\"ListItem\",\"position\":2,\"name\":\"Bashkia\",\"item\":\"https:\\\/\\\/bashkiakucove.gov.al\\\/?page_id=538\"},{\"@type\":\"ListItem\",\"position\":3,\"name\":\"Administrata\",\"item\":\"https:\\\/\\\/bashkiakucove.gov.al\\\/?page_id=542\"},{\"@type\":\"ListItem\",\"position\":4,\"name\":\"Formulari i k\u00ebrkes\u00ebs \\\/ Standardet dhe Pro\u00e7edurat\"}]},{\"@type\":\"WebSite\",\"@id\":\"https:\\\/\\\/bashkiakucove.gov.al\\\/#website\",\"url\":\"https:\\\/\\\/bashkiakucove.gov.al\\\/\",\"name\":\"Bashkia Kucove\",\"description\":\"Bashkia Kucove\",\"potentialAction\":[{\"@type\":\"SearchAction\",\"target\":{\"@type\":\"EntryPoint\",\"urlTemplate\":\"https:\\\/\\\/bashkiakucove.gov.al\\\/?s={search_term_string}\"},\"query-input\":{\"@type\":\"PropertyValueSpecification\",\"valueRequired\":true,\"valueName\":\"search_term_string\"}}],\"inLanguage\":\"en-US\"}]}<\/script>\n<!-- \/ Yoast SEO plugin. -->","yoast_head_json":{"title":"Formulari i k\u00ebrkes\u00ebs \/ Standardet dhe Pro\u00e7edurat - Bashkia Kucove","description":"Formulari i kerkeses \/ Standardet dhe Pro\u00e7edurat","robots":{"index":"index","follow":"follow","max-snippet":"max-snippet:-1","max-image-preview":"max-image-preview:large","max-video-preview":"max-video-preview:-1"},"canonical":"https:\/\/bashkiakucove.gov.al\/?page_id=554","og_locale":"en_US","og_type":"article","og_title":"Formulari i k\u00ebrkes\u00ebs \/ Standardet dhe Pro\u00e7edurat - Bashkia Kucove","og_description":"Formulari i kerkeses \/ Standardet dhe Pro\u00e7edurat","og_url":"https:\/\/bashkiakucove.gov.al\/?page_id=554","og_site_name":"Bashkia Kucove","article_modified_time":"2026-04-21T11:58:35+00:00","twitter_card":"summary_large_image","twitter_misc":{"Est. reading time":"7 minutes"},"schema":{"@context":"https:\/\/schema.org","@graph":[{"@type":"WebPage","@id":"https:\/\/bashkiakucove.gov.al\/?page_id=554","url":"https:\/\/bashkiakucove.gov.al\/?page_id=554","name":"Formulari i k\u00ebrkes\u00ebs \/ Standardet dhe Pro\u00e7edurat - Bashkia Kucove","isPartOf":{"@id":"https:\/\/bashkiakucove.gov.al\/#website"},"datePublished":"2021-09-09T10:56:12+00:00","dateModified":"2026-04-21T11:58:35+00:00","description":"Formulari i kerkeses \/ Standardet dhe Pro\u00e7edurat","breadcrumb":{"@id":"https:\/\/bashkiakucove.gov.al\/?page_id=554#breadcrumb"},"inLanguage":"en-US","potentialAction":[{"@type":"ReadAction","target":["https:\/\/bashkiakucove.gov.al\/?page_id=554"]}]},{"@type":"BreadcrumbList","@id":"https:\/\/bashkiakucove.gov.al\/?page_id=554#breadcrumb","itemListElement":[{"@type":"ListItem","position":1,"name":"Home","item":"https:\/\/bashkiakucove.gov.al\/"},{"@type":"ListItem","position":2,"name":"Bashkia","item":"https:\/\/bashkiakucove.gov.al\/?page_id=538"},{"@type":"ListItem","position":3,"name":"Administrata","item":"https:\/\/bashkiakucove.gov.al\/?page_id=542"},{"@type":"ListItem","position":4,"name":"Formulari i k\u00ebrkes\u00ebs \/ Standardet dhe Pro\u00e7edurat"}]},{"@type":"WebSite","@id":"https:\/\/bashkiakucove.gov.al\/#website","url":"https:\/\/bashkiakucove.gov.al\/","name":"Bashkia Kucove","description":"Bashkia Kucove","potentialAction":[{"@type":"SearchAction","target":{"@type":"EntryPoint","urlTemplate":"https:\/\/bashkiakucove.gov.al\/?s={search_term_string}"},"query-input":{"@type":"PropertyValueSpecification","valueRequired":true,"valueName":"search_term_string"}}],"inLanguage":"en-US"}]}},"_links":{"self":[{"href":"https:\/\/bashkiakucove.gov.al\/index.php?rest_route=\/wp\/v2\/pages\/554","targetHints":{"allow":["GET"]}}],"collection":[{"href":"https:\/\/bashkiakucove.gov.al\/index.php?rest_route=\/wp\/v2\/pages"}],"about":[{"href":"https:\/\/bashkiakucove.gov.al\/index.php?rest_route=\/wp\/v2\/types\/page"}],"author":[{"embeddable":true,"href":"https:\/\/bashkiakucove.gov.al\/index.php?rest_route=\/wp\/v2\/users\/1"}],"replies":[{"embeddable":true,"href":"https:\/\/bashkiakucove.gov.al\/index.php?rest_route=%2Fwp%2Fv2%2Fcomments&post=554"}],"version-history":[{"count":3,"href":"https:\/\/bashkiakucove.gov.al\/index.php?rest_route=\/wp\/v2\/pages\/554\/revisions"}],"predecessor-version":[{"id":4381,"href":"https:\/\/bashkiakucove.gov.al\/index.php?rest_route=\/wp\/v2\/pages\/554\/revisions\/4381"}],"up":[{"embeddable":true,"href":"https:\/\/bashkiakucove.gov.al\/index.php?rest_route=\/wp\/v2\/pages\/542"}],"wp:attachment":[{"href":"https:\/\/bashkiakucove.gov.al\/index.php?rest_route=%2Fwp%2Fv2%2Fmedia&parent=554"}],"curies":[{"name":"wp","href":"https:\/\/api.w.org\/{rel}","templated":true}]}}