{"id":562,"date":"2021-09-09T10:57:34","date_gmt":"2021-09-09T10:57:34","guid":{"rendered":"https:\/\/bashkia.said.al\/?page_id=562"},"modified":"2025-09-04T11:05:03","modified_gmt":"2025-09-04T09:05:03","slug":"projekte","status":"publish","type":"page","link":"https:\/\/bashkiakucove.gov.al\/?page_id=562","title":{"rendered":"Projekte"},"content":{"rendered":"\n<p><\/p>\n\n\n\n<h3 class=\"wp-block-heading\">\u200b\u200b\u200b\u200bInfrastruktura rrugore\/&nbsp;Sh\u00ebrbimet Sociale\/\u200b&nbsp;Sh\u00ebrbimet Publike\u200b\/\u200b Arsimi\/&nbsp; Sport\u200bi\/ Kultura&nbsp;\u200b\u200b<\/h3>\n\n\n\n<p>N\u00eb kuad\u00ebr t\u00eb ligjit nr.119\/2014 &#8221; P\u00ebr t\u00eb Drejt\u00ebn e Informimit&#8221;, neni 7, Bashkia Ku\u00e7ov\u00eb v\u00eb n\u00eb dispozicion p\u00ebr publikun informacion t\u00eb plot\u00eb mbi projektet e aplikuara dhe ato t\u00eb zbatuara.<\/p>\n\n\n\n<p>Gjat\u00eb kat\u00ebr viteve t\u00eb fundit (2021\u20132024), Bashkia e Ku\u00e7ov\u00ebs ka realizuar dhe ka n\u00eb proces disa projekte zhvillimi n\u00eb fusha t\u00eb ndryshme, duke p\u00ebrfshir\u00eb infrastruktur\u00ebn, arsimin, energjin\u00eb dhe bujq\u00ebsin\u00eb. Ja nj\u00eb p\u00ebrmbledhje e disa prej tyre:<\/p>\n\n\n\n<p><strong>Infrastruktur\u00eb dhe Energjitik\u00eb<\/strong><\/p>\n\n\n\n<ul class=\"wp-block-list\">\n<li><strong>Ndri\u00e7imi Rrugor Ku\u00e7ov\u00eb\u2013Dimal<\/strong>: N\u00eb gusht 2025, p\u00ebrfunduan punimet p\u00ebr nd\u00ebrtimin e rrjetit t\u00eb ndri\u00e7imit rrugor n\u00eb segmentin Ku\u00e7ov\u00eb\u2013Dimal, duke rritur sigurin\u00eb p\u00ebr p\u00ebrdoruesit e k\u00ebsaj rruge.<\/li>\n\n\n\n<li><strong>Ndri\u00e7imi LED dhe Fasadat<\/strong>: Bashkia ka p\u00ebrgatitur nj\u00eb projekt p\u00ebr ndri\u00e7imin LED t\u00eb rrug\u00ebve kryesore dhe p\u00ebr p\u00ebrmir\u00ebsimin e fasadave t\u00eb qytetit, duke p\u00ebrfshir\u00eb instalimin e rreth 400 ndri\u00e7uesve LED.<\/li>\n<\/ul>\n\n\n\n<ul class=\"wp-block-list\">\n<li><strong>\u00a0Arsim dhe Teknologji<\/strong><\/li>\n<\/ul>\n\n\n\n<ul class=\"wp-block-list\">\n<li><strong>Kampi &#8220;Glow Code&#8221;<\/strong>: N\u00eb vitin 2025, Bashkia, n\u00eb bashk\u00ebpunim me Zyr\u00ebn Arsimore dhe Korpusin e Paqes, zhvilloi nj\u00eb ceremoni p\u00ebrmbyll\u00ebse t\u00eb kampit &#8220;Glow Code&#8221; n\u00eb shkoll\u00ebn &#8220;28 N\u00ebntori&#8221;, ku 16 vajza m\u00ebsuan gjuh\u00ebn e kodimit CSS dhe HTML.<\/li>\n\n\n\n<li><strong>Rikonstruksioni i Shkoll\u00ebs &#8220;Llazar Kuli&#8221;<\/strong>: Ky projekt ka p\u00ebr q\u00ebllim p\u00ebrmir\u00ebsimin e kushteve m\u00ebsimore dhe infrastrukturore t\u00eb shkoll\u00ebs &#8220;Llazar Kuli&#8221; n\u00eb Ku\u00e7ov\u00eb.<\/li>\n\n\n\n<li><strong>Rikontruksion i Shkoll\u00ebs &#8221; Gaqi Karakashi&#8221;<\/strong> Ky projekt ka p\u00ebr q\u00ebllim p\u00ebrmir\u00ebsimin e kushteve m\u00ebsimore dhe infrastrukturore t\u00eb shkoll\u00ebs me klasa moderne, laborator\u00eb,Biblotek\u00eb, dhe terrene sportive.<\/li>\n<\/ul>\n\n\n\n<ul class=\"wp-block-list\">\n<li><strong>Efi\u00e7ienca Energjitike<\/strong><\/li>\n\n\n\n<li><strong>Ndri\u00e7imi LED dhe Fasadat<\/strong>: Bashkia ka p\u00ebrgatitur nj\u00eb projekt p\u00ebr ndri\u00e7imin LED t\u00eb rrug\u00ebve kryesore dhe p\u00ebr p\u00ebrmir\u00ebsimin e fasadave t\u00eb qytetit, duke p\u00ebrfshir\u00eb instalimin e rreth 400 ndri\u00e7uesve LED.<\/li>\n<\/ul>\n\n\n\n<ul class=\"wp-block-list\">\n<li><strong>Bujq\u00ebsi dhe Zhvillim Rural<\/strong><\/li>\n<\/ul>\n\n\n\n<ul class=\"wp-block-list\">\n<li><strong>Investime n\u00eb Stall\u00eb Moderne<\/strong>: Kompania &#8220;Benja 22&#8221; n\u00eb Geg\u00eb, Ku\u00e7ov\u00eb, ka realizuar investime n\u00eb nd\u00ebrtimin e nj\u00eb stalle moderne me mb\u00ebshtetje nga Skema Komb\u00ebtare e Investimeve.<\/li>\n\n\n\n<li><strong>Serra Diellore<\/strong>: Gentjana Dupi, nj\u00eb fermer n\u00eb Ku\u00e7ov\u00eb, ka nd\u00ebrtuar nj\u00eb ser\u00eb diellore me mb\u00ebshtetje nga Skema Komb\u00ebtare e Investimeve.<\/li>\n<\/ul>\n\n\n\n<p>P\u00ebr m\u00eb shum\u00eb informacion mbi k\u00ebto projekte dhe zhvillimet e tjera n\u00eb Ku\u00e7ov\u00eb, mund t\u00eb vizitoni faqen zyrtare t\u00eb Bashkis\u00eb s\u00eb Ku\u00e7ov\u00ebs: <a href=\"https:\/\/bashkiakucove.gov.al\/?utm_source=chatgpt.com\">bashkiakucove.gov.al<\/a><\/p>\n\n\n\n<p><\/p>\n\n\n<a href=\"https:\/\/bashkiakucove.gov.al\/wp-content\/uploads\/2021\/11\/LISTA-E-PROJEKTEVE-TE-APLIKUARA-DHE-ZBATUARA-NGA-BASHKIA-KUCOVE-2014-2019.pdf\" class=\"pdfemb-viewer\" style=\"\" data-width=\"max\" data-height=\"max\" data-toolbar=\"top\" data-toolbar-fixed=\"on\">LISTA-E-PROJEKTEVE-TE-APLIKUARA-DHE-ZBATUARA-NGA-BASHKIA-KUCOVE-2014-2019<\/a>","protected":false},"excerpt":{"rendered":"<p>\u200b\u200b\u200b\u200bInfrastruktura rrugore\/&nbsp;Sh\u00ebrbimet Sociale\/\u200b&nbsp;Sh\u00ebrbimet Publike\u200b\/\u200b Arsimi\/&nbsp; Sport\u200bi\/ Kultura&nbsp;\u200b\u200b N\u00eb kuad\u00ebr t\u00eb ligjit nr.119\/2014 &#8221; P\u00ebr t\u00eb Drejt\u00ebn e Informimit&#8221;, neni 7, Bashkia Ku\u00e7ov\u00eb v\u00eb n\u00eb dispozicion p\u00ebr publikun informacion t\u00eb plot\u00eb mbi projektet e aplikuara dhe ato t\u00eb zbatuara. Gjat\u00eb kat\u00ebr viteve t\u00eb fundit (2021\u20132024), Bashkia e Ku\u00e7ov\u00ebs ka realizuar dhe ka n\u00eb proces disa projekte [&hellip;]<\/p>\n","protected":false},"author":1,"featured_media":0,"parent":538,"menu_order":0,"comment_status":"closed","ping_status":"closed","template":"","meta":{"_acf_changed":false,"footnotes":""},"class_list":["post-562","page","type-page","status-publish","hentry"],"acf":[],"yoast_head":"<!-- This site is optimized with the Yoast SEO plugin v27.3 - https:\/\/yoast.com\/product\/yoast-seo-wordpress\/ -->\n<title>Projekte - Bashkia Kucove<\/title>\n<meta name=\"description\" content=\"\u200b\u200b\u200b\u200bInfrastruktura rrugore\/ Sh\u00ebrbimet Sociale\/\u200b Sh\u00ebrbimet Publike\u200b\/\u200b Arsimi\/ Sport\u200bi\/ Kultura \u200b\u200b\" \/>\n<meta name=\"robots\" content=\"index, follow, max-snippet:-1, max-image-preview:large, max-video-preview:-1\" \/>\n<link rel=\"canonical\" href=\"https:\/\/bashkiakucove.gov.al\/?page_id=562\" \/>\n<meta property=\"og:locale\" content=\"en_US\" \/>\n<meta property=\"og:type\" content=\"article\" \/>\n<meta property=\"og:title\" content=\"Projekte - Bashkia Kucove\" \/>\n<meta property=\"og:description\" content=\"\u200b\u200b\u200b\u200bInfrastruktura rrugore\/ Sh\u00ebrbimet Sociale\/\u200b Sh\u00ebrbimet Publike\u200b\/\u200b Arsimi\/ Sport\u200bi\/ Kultura \u200b\u200b\" \/>\n<meta property=\"og:url\" content=\"https:\/\/bashkiakucove.gov.al\/?page_id=562\" \/>\n<meta property=\"og:site_name\" content=\"Bashkia Kucove\" \/>\n<meta property=\"article:modified_time\" content=\"2025-09-04T09:05:03+00:00\" \/>\n<meta name=\"twitter:card\" content=\"summary_large_image\" \/>\n<meta name=\"twitter:label1\" content=\"Est. reading time\" \/>\n\t<meta name=\"twitter:data1\" content=\"2 minutes\" \/>\n<script type=\"application\/ld+json\" class=\"yoast-schema-graph\">{\"@context\":\"https:\\\/\\\/schema.org\",\"@graph\":[{\"@type\":\"WebPage\",\"@id\":\"https:\\\/\\\/bashkiakucove.gov.al\\\/?page_id=562\",\"url\":\"https:\\\/\\\/bashkiakucove.gov.al\\\/?page_id=562\",\"name\":\"Projekte - Bashkia Kucove\",\"isPartOf\":{\"@id\":\"https:\\\/\\\/bashkiakucove.gov.al\\\/#website\"},\"datePublished\":\"2021-09-09T10:57:34+00:00\",\"dateModified\":\"2025-09-04T09:05:03+00:00\",\"description\":\"\u200b\u200b\u200b\u200bInfrastruktura rrugore\\\/ Sh\u00ebrbimet Sociale\\\/\u200b Sh\u00ebrbimet Publike\u200b\\\/\u200b Arsimi\\\/ Sport\u200bi\\\/ Kultura \u200b\u200b\",\"breadcrumb\":{\"@id\":\"https:\\\/\\\/bashkiakucove.gov.al\\\/?page_id=562#breadcrumb\"},\"inLanguage\":\"en-US\",\"potentialAction\":[{\"@type\":\"ReadAction\",\"target\":[\"https:\\\/\\\/bashkiakucove.gov.al\\\/?page_id=562\"]}]},{\"@type\":\"BreadcrumbList\",\"@id\":\"https:\\\/\\\/bashkiakucove.gov.al\\\/?page_id=562#breadcrumb\",\"itemListElement\":[{\"@type\":\"ListItem\",\"position\":1,\"name\":\"Home\",\"item\":\"https:\\\/\\\/bashkiakucove.gov.al\\\/\"},{\"@type\":\"ListItem\",\"position\":2,\"name\":\"Bashkia\",\"item\":\"https:\\\/\\\/bashkiakucove.gov.al\\\/?page_id=538\"},{\"@type\":\"ListItem\",\"position\":3,\"name\":\"Projekte\"}]},{\"@type\":\"WebSite\",\"@id\":\"https:\\\/\\\/bashkiakucove.gov.al\\\/#website\",\"url\":\"https:\\\/\\\/bashkiakucove.gov.al\\\/\",\"name\":\"Bashkia Kucove\",\"description\":\"Bashkia Kucove\",\"potentialAction\":[{\"@type\":\"SearchAction\",\"target\":{\"@type\":\"EntryPoint\",\"urlTemplate\":\"https:\\\/\\\/bashkiakucove.gov.al\\\/?s={search_term_string}\"},\"query-input\":{\"@type\":\"PropertyValueSpecification\",\"valueRequired\":true,\"valueName\":\"search_term_string\"}}],\"inLanguage\":\"en-US\"}]}<\/script>\n<!-- \/ Yoast SEO plugin. -->","yoast_head_json":{"title":"Projekte - Bashkia Kucove","description":"\u200b\u200b\u200b\u200bInfrastruktura rrugore\/ Sh\u00ebrbimet Sociale\/\u200b Sh\u00ebrbimet Publike\u200b\/\u200b Arsimi\/ Sport\u200bi\/ Kultura \u200b\u200b","robots":{"index":"index","follow":"follow","max-snippet":"max-snippet:-1","max-image-preview":"max-image-preview:large","max-video-preview":"max-video-preview:-1"},"canonical":"https:\/\/bashkiakucove.gov.al\/?page_id=562","og_locale":"en_US","og_type":"article","og_title":"Projekte - Bashkia Kucove","og_description":"\u200b\u200b\u200b\u200bInfrastruktura rrugore\/ Sh\u00ebrbimet Sociale\/\u200b Sh\u00ebrbimet Publike\u200b\/\u200b Arsimi\/ Sport\u200bi\/ Kultura \u200b\u200b","og_url":"https:\/\/bashkiakucove.gov.al\/?page_id=562","og_site_name":"Bashkia Kucove","article_modified_time":"2025-09-04T09:05:03+00:00","twitter_card":"summary_large_image","twitter_misc":{"Est. reading time":"2 minutes"},"schema":{"@context":"https:\/\/schema.org","@graph":[{"@type":"WebPage","@id":"https:\/\/bashkiakucove.gov.al\/?page_id=562","url":"https:\/\/bashkiakucove.gov.al\/?page_id=562","name":"Projekte - Bashkia Kucove","isPartOf":{"@id":"https:\/\/bashkiakucove.gov.al\/#website"},"datePublished":"2021-09-09T10:57:34+00:00","dateModified":"2025-09-04T09:05:03+00:00","description":"\u200b\u200b\u200b\u200bInfrastruktura rrugore\/ Sh\u00ebrbimet Sociale\/\u200b Sh\u00ebrbimet Publike\u200b\/\u200b Arsimi\/ Sport\u200bi\/ Kultura \u200b\u200b","breadcrumb":{"@id":"https:\/\/bashkiakucove.gov.al\/?page_id=562#breadcrumb"},"inLanguage":"en-US","potentialAction":[{"@type":"ReadAction","target":["https:\/\/bashkiakucove.gov.al\/?page_id=562"]}]},{"@type":"BreadcrumbList","@id":"https:\/\/bashkiakucove.gov.al\/?page_id=562#breadcrumb","itemListElement":[{"@type":"ListItem","position":1,"name":"Home","item":"https:\/\/bashkiakucove.gov.al\/"},{"@type":"ListItem","position":2,"name":"Bashkia","item":"https:\/\/bashkiakucove.gov.al\/?page_id=538"},{"@type":"ListItem","position":3,"name":"Projekte"}]},{"@type":"WebSite","@id":"https:\/\/bashkiakucove.gov.al\/#website","url":"https:\/\/bashkiakucove.gov.al\/","name":"Bashkia Kucove","description":"Bashkia Kucove","potentialAction":[{"@type":"SearchAction","target":{"@type":"EntryPoint","urlTemplate":"https:\/\/bashkiakucove.gov.al\/?s={search_term_string}"},"query-input":{"@type":"PropertyValueSpecification","valueRequired":true,"valueName":"search_term_string"}}],"inLanguage":"en-US"}]}},"_links":{"self":[{"href":"https:\/\/bashkiakucove.gov.al\/index.php?rest_route=\/wp\/v2\/pages\/562","targetHints":{"allow":["GET"]}}],"collection":[{"href":"https:\/\/bashkiakucove.gov.al\/index.php?rest_route=\/wp\/v2\/pages"}],"about":[{"href":"https:\/\/bashkiakucove.gov.al\/index.php?rest_route=\/wp\/v2\/types\/page"}],"author":[{"embeddable":true,"href":"https:\/\/bashkiakucove.gov.al\/index.php?rest_route=\/wp\/v2\/users\/1"}],"replies":[{"embeddable":true,"href":"https:\/\/bashkiakucove.gov.al\/index.php?rest_route=%2Fwp%2Fv2%2Fcomments&post=562"}],"version-history":[{"count":3,"href":"https:\/\/bashkiakucove.gov.al\/index.php?rest_route=\/wp\/v2\/pages\/562\/revisions"}],"predecessor-version":[{"id":3007,"href":"https:\/\/bashkiakucove.gov.al\/index.php?rest_route=\/wp\/v2\/pages\/562\/revisions\/3007"}],"up":[{"embeddable":true,"href":"https:\/\/bashkiakucove.gov.al\/index.php?rest_route=\/wp\/v2\/pages\/538"}],"wp:attachment":[{"href":"https:\/\/bashkiakucove.gov.al\/index.php?rest_route=%2Fwp%2Fv2%2Fmedia&parent=562"}],"curies":[{"name":"wp","href":"https:\/\/api.w.org\/{rel}","templated":true}]}}