{"id":568,"date":"2021-09-09T10:58:39","date_gmt":"2021-09-09T10:58:39","guid":{"rendered":"https:\/\/bashkia.said.al\/?page_id=568"},"modified":"2026-04-15T11:12:43","modified_gmt":"2026-04-15T09:12:43","slug":"legjislacioni","status":"publish","type":"page","link":"https:\/\/bashkiakucove.gov.al\/?page_id=568","title":{"rendered":"Legjislacioni"},"content":{"rendered":"\n<div class=\"wp-block-file\"><a id=\"wp-block-file--media-7c097679-46e2-4d5f-876b-dd75bac52dbb\" href=\"https:\/\/bashkiakucove.gov.al\/wp-content\/uploads\/2026\/04\/ligj-2026-02-03-23.pdf\">Ligji nr. 23\/2026 p\u00ebr parandalimin e konfliktit t\u00eb interesit n\u00eb ushtrimin e funksioneve publike<\/a><a href=\"https:\/\/bashkiakucove.gov.al\/wp-content\/uploads\/2026\/04\/ligj-2026-02-03-23.pdf\" class=\"wp-block-file__button wp-element-button\" download aria-describedby=\"wp-block-file--media-7c097679-46e2-4d5f-876b-dd75bac52dbb\">Download<\/a><\/div>\n\n\n\n<div class=\"wp-block-file\"><a id=\"wp-block-file--media-425357e1-779e-4fcc-b111-ee23ca8c3ca9\" href=\"https:\/\/bashkiakucove.gov.al\/wp-content\/uploads\/2026\/04\/ligj-2026-01-28-12.pdf\">Ligji nr. 12\/2026 p\u00ebr lobimin n\u00eb republik\u00ebn e shqip\u00ebris\u00eb<\/a><a href=\"https:\/\/bashkiakucove.gov.al\/wp-content\/uploads\/2026\/04\/ligj-2026-01-28-12.pdf\" class=\"wp-block-file__button wp-element-button\" download aria-describedby=\"wp-block-file--media-425357e1-779e-4fcc-b111-ee23ca8c3ca9\">Download<\/a><\/div>\n\n\n\n<div class=\"wp-block-file\"><a id=\"wp-block-file--media-8d2e650a-b0ad-4581-b9cd-eb5b2e59ff8d\" href=\"https:\/\/bashkiakucove.gov.al\/wp-content\/uploads\/2026\/04\/ligj-2025-12-18-96.docx\"><br>Ligji nr. 96\/2025 p\u00ebr sinjalizimin dhe mbrojtjen e sinjalizuesve<\/a><a href=\"https:\/\/bashkiakucove.gov.al\/wp-content\/uploads\/2026\/04\/ligj-2025-12-18-96.docx\" class=\"wp-block-file__button wp-element-button\" download aria-describedby=\"wp-block-file--media-8d2e650a-b0ad-4581-b9cd-eb5b2e59ff8d\">Download<\/a><\/div>\n\n\n\n<div class=\"wp-block-file\"><a href=\"https:\/\/bashkiakucove.gov.al\/wp-content\/uploads\/2022\/01\/Vkm_816_16_11_2016_per_ngritje_strukturave_converted_3392.pdf\">VKM_816_16_11_2016_per_ngritje_strukturave_converted_3392<\/a><a href=\"https:\/\/bashkiakucove.gov.al\/wp-content\/uploads\/2022\/01\/Vkm_816_16_11_2016_per_ngritje_strukturave_converted_3392.pdf\" class=\"wp-block-file__button wp-element-button\" download>Download<\/a><\/div>\n\n\n\n<div class=\"wp-block-file\"><a href=\"https:\/\/bashkiakucove.gov.al\/wp-content\/uploads\/2022\/01\/Urdher-nr.1222dt11.07.2017-Rregj-Sinjal.pdf\">Urdher-nr.1222dt11.07.2017-Rregj-Sinjal<\/a><a href=\"https:\/\/bashkiakucove.gov.al\/wp-content\/uploads\/2022\/01\/Urdher-nr.1222dt11.07.2017-Rregj-Sinjal.pdf\" class=\"wp-block-file__button wp-element-button\" download>Download<\/a><\/div>\n\n\n\n<div class=\"wp-block-file\"><a href=\"https:\/\/bashkiakucove.gov.al\/wp-content\/uploads\/2022\/01\/ligj-nr-60-dt-per-sinjalizimin-dhe-mbrojtjen-sinjalizuesve1.pdf\">LIGJI-Nr-60-dt-per-sinjalizimin-dhe-mbrojtjen-sinjalizuesve1<\/a><a href=\"https:\/\/bashkiakucove.gov.al\/wp-content\/uploads\/2022\/01\/ligj-nr-60-dt-per-sinjalizimin-dhe-mbrojtjen-sinjalizuesve1.pdf\" class=\"wp-block-file__button wp-element-button\" download>Download<\/a><\/div>\n\n\n\n<div class=\"wp-block-file\"><a href=\"https:\/\/bashkiakucove.gov.al\/wp-content\/uploads\/2021\/10\/LIGJ-Nr.-139-2015-Per-Veteqeverisjen-Vendore.pdf\">LIGJ-Nr.-139-2015-Per-Veteqeverisjen-Vendore<\/a><a href=\"https:\/\/bashkiakucove.gov.al\/wp-content\/uploads\/2021\/10\/LIGJ-Nr.-139-2015-Per-Veteqeverisjen-Vendore.pdf\" class=\"wp-block-file__button wp-element-button\" download>Download<\/a><\/div>\n\n\n\n<div class=\"wp-block-file\"><a href=\"https:\/\/bashkiakucove.gov.al\/wp-content\/uploads\/2021\/10\/LIGJI-Nr.7961-date-12.07.1995-Kodi-i-Punes.pdf\">LIGJI-Nr.7961-date-12.07.1995-Kodi-i-Punes<\/a><a href=\"https:\/\/bashkiakucove.gov.al\/wp-content\/uploads\/2021\/10\/LIGJI-Nr.7961-date-12.07.1995-Kodi-i-Punes.pdf\" class=\"wp-block-file__button wp-element-button\" download>Download<\/a><\/div>\n\n\n\n<div class=\"wp-block-file\"><a href=\"https:\/\/bashkiakucove.gov.al\/wp-content\/uploads\/2021\/10\/LIGJI-Nr.9367-date-07.04.2005-Per-Parandalimin-e-Konfliktit-te-Interesave.pdf\">LIGJI-Nr.9367-date-07.04.2005-Per-Parandalimin-e-Konfliktit-te-Interesave<\/a><a href=\"https:\/\/bashkiakucove.gov.al\/wp-content\/uploads\/2021\/10\/LIGJI-Nr.9367-date-07.04.2005-Per-Parandalimin-e-Konfliktit-te-Interesave.pdf\" class=\"wp-block-file__button wp-element-button\" download>Download<\/a><\/div>\n\n\n\n<div class=\"wp-block-file\"><a href=\"https:\/\/bashkiakucove.gov.al\/wp-content\/uploads\/2021\/10\/LIGJi-Nr.-119-2014-Per-te-Drejten-e-Informimit-1.pdf\">LIGJi-Nr.-119-2014-Per-te-Drejten-e-Informimit-1<\/a><a href=\"https:\/\/bashkiakucove.gov.al\/wp-content\/uploads\/2021\/10\/LIGJi-Nr.-119-2014-Per-te-Drejten-e-Informimit-1.pdf\" class=\"wp-block-file__button wp-element-button\" download>Download<\/a><\/div>\n\n\n\n<div class=\"wp-block-file\"><a href=\"https:\/\/bashkiakucove.gov.al\/wp-content\/uploads\/2021\/10\/LIGJI-Nr.-9131-date-08.09.2003-Per-Rregullat-e-Etikes-ne-Administraten-Publike.pdf\">LIGJI-Nr.-9131-date-08.09.2003-Per-Rregullat-e-Etikes-ne-Administraten-Publike<\/a><a href=\"https:\/\/bashkiakucove.gov.al\/wp-content\/uploads\/2021\/10\/LIGJI-Nr.-9131-date-08.09.2003-Per-Rregullat-e-Etikes-ne-Administraten-Publike.pdf\" class=\"wp-block-file__button wp-element-button\" download>Download<\/a><\/div>\n\n\n\n<div class=\"wp-block-file\"><a href=\"https:\/\/bashkiakucove.gov.al\/wp-content\/uploads\/2021\/10\/LIGJI-Nr.9887-date-10.03.2008-Per-Mbrojtjen-e-te-Dhenave-Personale.pdf\">LIGJI-Nr.9887-date-10.03.2008-Per-Mbrojtjen-e-te-Dhenave-Personale<\/a><a href=\"https:\/\/bashkiakucove.gov.al\/wp-content\/uploads\/2021\/10\/LIGJI-Nr.9887-date-10.03.2008-Per-Mbrojtjen-e-te-Dhenave-Personale.pdf\" class=\"wp-block-file__button wp-element-button\" download>Download<\/a><\/div>\n\n\n\n<div class=\"wp-block-file\"><a href=\"https:\/\/bashkiakucove.gov.al\/wp-content\/uploads\/2021\/10\/LIGJI-Nr.9936-date-26.06.2008-Per-Menaxhimin-e-Sistemit-Buxhetor-ne-Republiken-e-Shqiperise.pdf\">LIGJI-Nr.9936-date-26.06.2008-Per-Menaxhimin-e-Sistemit-Buxhetor-ne-Republiken-e-Shqiperise<\/a><a href=\"https:\/\/bashkiakucove.gov.al\/wp-content\/uploads\/2021\/10\/LIGJI-Nr.9936-date-26.06.2008-Per-Menaxhimin-e-Sistemit-Buxhetor-ne-Republiken-e-Shqiperise.pdf\" class=\"wp-block-file__button wp-element-button\" download>Download<\/a><\/div>\n\n\n\n<div class=\"wp-block-file\"><a href=\"https:\/\/bashkiakucove.gov.al\/wp-content\/uploads\/2021\/10\/LIGJI-Nr.152-2013-Per-Nepunesin-Civil.pdf\">LIGJI-Nr.152-2013-Per-Nepunesin-Civil<\/a><a href=\"https:\/\/bashkiakucove.gov.al\/wp-content\/uploads\/2021\/10\/LIGJI-Nr.152-2013-Per-Nepunesin-Civil.pdf\" class=\"wp-block-file__button wp-element-button\" download>Download<\/a><\/div>\n\n\n\n<div class=\"wp-block-file\"><a href=\"https:\/\/bashkiakucove.gov.al\/wp-content\/uploads\/2021\/10\/LIGJI-Nr.-9920-date-19.05.2008-Per-procedurat-tatimore-ne-Republiken-e-Shqiperise-i-ndryshuar.pdf\">LIGJI-Nr.-9920-date-19.05.2008-Per-procedurat-tatimore-ne-Republiken-e-Shqiperise-i-ndryshuar<\/a><a href=\"https:\/\/bashkiakucove.gov.al\/wp-content\/uploads\/2021\/10\/LIGJI-Nr.-9920-date-19.05.2008-Per-procedurat-tatimore-ne-Republiken-e-Shqiperise-i-ndryshuar.pdf\" class=\"wp-block-file__button wp-element-button\" download>Download<\/a><\/div>\n\n\n\n<div class=\"wp-block-file\"><a href=\"https:\/\/bashkiakucove.gov.al\/wp-content\/uploads\/2021\/10\/LIGJI-Nr.-9632-date-30.10.2006-Per-Sistemimin-e-Taksave-Vendore.pdf\">LIGJI-Nr.-9632-date-30.10.2006-Per-Sistemimin-e-Taksave-Vendore<\/a><a href=\"https:\/\/bashkiakucove.gov.al\/wp-content\/uploads\/2021\/10\/LIGJI-Nr.-9632-date-30.10.2006-Per-Sistemimin-e-Taksave-Vendore.pdf\" class=\"wp-block-file__button wp-element-button\" download>Download<\/a><\/div>\n\n\n\n<div class=\"wp-block-file\"><a href=\"https:\/\/bashkiakucove.gov.al\/wp-content\/uploads\/2021\/10\/LIGJI-Nr.-107-2014-Per-Planifikimin-dhe-Zhvillimin-e-Territorit.pdf\">LIGJI-Nr.-107-2014-Per-Planifikimin-dhe-Zhvillimin-e-Territorit<\/a><a href=\"https:\/\/bashkiakucove.gov.al\/wp-content\/uploads\/2021\/10\/LIGJI-Nr.-107-2014-Per-Planifikimin-dhe-Zhvillimin-e-Territorit.pdf\" class=\"wp-block-file__button wp-element-button\" download>Download<\/a><\/div>\n\n\n\n<div class=\"wp-block-file\"><a href=\"https:\/\/bashkiakucove.gov.al\/wp-content\/uploads\/2021\/10\/LIGJI-Nr.8224-date-15.05.1997-Per-Organizmin-dhe-Funksionimin-e-Policise-te-Bashkise-dhe-te-Komunes.pdf\">LIGJI-Nr.8224-date-15.05.1997-Per-Organizmin-dhe-Funksionimin-e-Policise-te-Bashkise-dhe-te-Komunes<\/a><a href=\"https:\/\/bashkiakucove.gov.al\/wp-content\/uploads\/2021\/10\/LIGJI-Nr.8224-date-15.05.1997-Per-Organizmin-dhe-Funksionimin-e-Policise-te-Bashkise-dhe-te-Komunes.pdf\" class=\"wp-block-file__button wp-element-button\" download>Download<\/a><\/div>\n","protected":false},"excerpt":{"rendered":"Ligji nr. 23\/2026 p\u00ebr parandalimin e konfliktit t\u00eb interesit n\u00eb ushtrimin e funksioneve publikeDownload Ligji nr. 12\/2026 p\u00ebr lobimin n\u00eb republik\u00ebn e shqip\u00ebris\u00ebDownload Ligji nr. 96\/2025 p\u00ebr sinjalizimin dhe mbrojtjen e sinjalizuesveDownload VKM_816_16_11_2016_per_ngritje_strukturave_converted_3392Download Urdher-nr.1222dt11.07.2017-Rregj-SinjalDownload LIGJI-Nr-60-dt-per-sinjalizimin-dhe-mbrojtjen-sinjalizuesve1Download LIGJ-Nr.-139-2015-Per-Veteqeverisjen-VendoreDownload LIGJI-Nr.7961-date-12.07.1995-Kodi-i-PunesDownload LIGJI-Nr.9367-date-07.04.2005-Per-Parandalimin-e-Konfliktit-te-InteresaveDownload LIGJi-Nr.-119-2014-Per-te-Drejten-e-Informimit-1Download LIGJI-Nr.-9131-date-08.09.2003-Per-Rregullat-e-Etikes-ne-Administraten-PublikeDownload LIGJI-Nr.9887-date-10.03.2008-Per-Mbrojtjen-e-te-Dhenave-PersonaleDownload LIGJI-Nr.9936-date-26.06.2008-Per-Menaxhimin-e-Sistemit-Buxhetor-ne-Republiken-e-ShqiperiseDownload LIGJI-Nr.152-2013-Per-Nepunesin-CivilDownload LIGJI-Nr.-9920-date-19.05.2008-Per-procedurat-tatimore-ne-Republiken-e-Shqiperise-i-ndryshuarDownload LIGJI-Nr.-9632-date-30.10.2006-Per-Sistemimin-e-Taksave-VendoreDownload LIGJI-Nr.-107-2014-Per-Planifikimin-dhe-Zhvillimin-e-TerritoritDownload LIGJI-Nr.8224-date-15.05.1997-Per-Organizmin-dhe-Funksionimin-e-Policise-te-Bashkise-dhe-te-KomunesDownload","protected":false},"author":1,"featured_media":0,"parent":538,"menu_order":0,"comment_status":"closed","ping_status":"closed","template":"","meta":{"footnotes":""},"class_list":["post-568","page","type-page","status-publish","hentry"],"yoast_head":"<!-- This site is optimized with the Yoast SEO plugin v27.3 - https:\/\/yoast.com\/product\/yoast-seo-wordpress\/ -->\n<title>Legjislacioni - Bashkia Kucove<\/title>\n<meta name=\"description\" content=\"Legjislacioni\" \/>\n<meta name=\"robots\" content=\"index, follow, max-snippet:-1, max-image-preview:large, max-video-preview:-1\" \/>\n<link rel=\"canonical\" href=\"https:\/\/bashkiakucove.gov.al\/?page_id=568\" \/>\n<meta property=\"og:locale\" content=\"en_US\" \/>\n<meta property=\"og:type\" content=\"article\" \/>\n<meta property=\"og:title\" content=\"Legjislacioni - Bashkia Kucove\" \/>\n<meta property=\"og:description\" content=\"Legjislacioni\" \/>\n<meta property=\"og:url\" content=\"https:\/\/bashkiakucove.gov.al\/?page_id=568\" \/>\n<meta property=\"og:site_name\" content=\"Bashkia Kucove\" \/>\n<meta property=\"article:modified_time\" content=\"2026-04-15T09:12:43+00:00\" \/>\n<meta name=\"twitter:card\" content=\"summary_large_image\" \/>\n<meta name=\"twitter:label1\" content=\"Est. reading time\" \/>\n\t<meta name=\"twitter:data1\" content=\"1 minute\" \/>\n<script type=\"application\/ld+json\" class=\"yoast-schema-graph\">{\"@context\":\"https:\\\/\\\/schema.org\",\"@graph\":[{\"@type\":\"WebPage\",\"@id\":\"https:\\\/\\\/bashkiakucove.gov.al\\\/?page_id=568\",\"url\":\"https:\\\/\\\/bashkiakucove.gov.al\\\/?page_id=568\",\"name\":\"Legjislacioni - Bashkia Kucove\",\"isPartOf\":{\"@id\":\"https:\\\/\\\/bashkiakucove.gov.al\\\/#website\"},\"datePublished\":\"2021-09-09T10:58:39+00:00\",\"dateModified\":\"2026-04-15T09:12:43+00:00\",\"description\":\"Legjislacioni\",\"breadcrumb\":{\"@id\":\"https:\\\/\\\/bashkiakucove.gov.al\\\/?page_id=568#breadcrumb\"},\"inLanguage\":\"en-US\",\"potentialAction\":[{\"@type\":\"ReadAction\",\"target\":[\"https:\\\/\\\/bashkiakucove.gov.al\\\/?page_id=568\"]}]},{\"@type\":\"BreadcrumbList\",\"@id\":\"https:\\\/\\\/bashkiakucove.gov.al\\\/?page_id=568#breadcrumb\",\"itemListElement\":[{\"@type\":\"ListItem\",\"position\":1,\"name\":\"Home\",\"item\":\"https:\\\/\\\/bashkiakucove.gov.al\\\/\"},{\"@type\":\"ListItem\",\"position\":2,\"name\":\"Bashkia\",\"item\":\"https:\\\/\\\/bashkiakucove.gov.al\\\/?page_id=538\"},{\"@type\":\"ListItem\",\"position\":3,\"name\":\"Legjislacioni\"}]},{\"@type\":\"WebSite\",\"@id\":\"https:\\\/\\\/bashkiakucove.gov.al\\\/#website\",\"url\":\"https:\\\/\\\/bashkiakucove.gov.al\\\/\",\"name\":\"Bashkia Kucove\",\"description\":\"Bashkia Kucove\",\"potentialAction\":[{\"@type\":\"SearchAction\",\"target\":{\"@type\":\"EntryPoint\",\"urlTemplate\":\"https:\\\/\\\/bashkiakucove.gov.al\\\/?s={search_term_string}\"},\"query-input\":{\"@type\":\"PropertyValueSpecification\",\"valueRequired\":true,\"valueName\":\"search_term_string\"}}],\"inLanguage\":\"en-US\"}]}<\/script>\n<!-- \/ Yoast SEO plugin. -->","yoast_head_json":{"title":"Legjislacioni - Bashkia Kucove","description":"Legjislacioni","robots":{"index":"index","follow":"follow","max-snippet":"max-snippet:-1","max-image-preview":"max-image-preview:large","max-video-preview":"max-video-preview:-1"},"canonical":"https:\/\/bashkiakucove.gov.al\/?page_id=568","og_locale":"en_US","og_type":"article","og_title":"Legjislacioni - Bashkia Kucove","og_description":"Legjislacioni","og_url":"https:\/\/bashkiakucove.gov.al\/?page_id=568","og_site_name":"Bashkia Kucove","article_modified_time":"2026-04-15T09:12:43+00:00","twitter_card":"summary_large_image","twitter_misc":{"Est. reading time":"1 minute"},"schema":{"@context":"https:\/\/schema.org","@graph":[{"@type":"WebPage","@id":"https:\/\/bashkiakucove.gov.al\/?page_id=568","url":"https:\/\/bashkiakucove.gov.al\/?page_id=568","name":"Legjislacioni - Bashkia Kucove","isPartOf":{"@id":"https:\/\/bashkiakucove.gov.al\/#website"},"datePublished":"2021-09-09T10:58:39+00:00","dateModified":"2026-04-15T09:12:43+00:00","description":"Legjislacioni","breadcrumb":{"@id":"https:\/\/bashkiakucove.gov.al\/?page_id=568#breadcrumb"},"inLanguage":"en-US","potentialAction":[{"@type":"ReadAction","target":["https:\/\/bashkiakucove.gov.al\/?page_id=568"]}]},{"@type":"BreadcrumbList","@id":"https:\/\/bashkiakucove.gov.al\/?page_id=568#breadcrumb","itemListElement":[{"@type":"ListItem","position":1,"name":"Home","item":"https:\/\/bashkiakucove.gov.al\/"},{"@type":"ListItem","position":2,"name":"Bashkia","item":"https:\/\/bashkiakucove.gov.al\/?page_id=538"},{"@type":"ListItem","position":3,"name":"Legjislacioni"}]},{"@type":"WebSite","@id":"https:\/\/bashkiakucove.gov.al\/#website","url":"https:\/\/bashkiakucove.gov.al\/","name":"Bashkia Kucove","description":"Bashkia Kucove","potentialAction":[{"@type":"SearchAction","target":{"@type":"EntryPoint","urlTemplate":"https:\/\/bashkiakucove.gov.al\/?s={search_term_string}"},"query-input":{"@type":"PropertyValueSpecification","valueRequired":true,"valueName":"search_term_string"}}],"inLanguage":"en-US"}]}},"_links":{"self":[{"href":"https:\/\/bashkiakucove.gov.al\/index.php?rest_route=\/wp\/v2\/pages\/568","targetHints":{"allow":["GET"]}}],"collection":[{"href":"https:\/\/bashkiakucove.gov.al\/index.php?rest_route=\/wp\/v2\/pages"}],"about":[{"href":"https:\/\/bashkiakucove.gov.al\/index.php?rest_route=\/wp\/v2\/types\/page"}],"author":[{"embeddable":true,"href":"https:\/\/bashkiakucove.gov.al\/index.php?rest_route=\/wp\/v2\/users\/1"}],"replies":[{"embeddable":true,"href":"https:\/\/bashkiakucove.gov.al\/index.php?rest_route=%2Fwp%2Fv2%2Fcomments&post=568"}],"version-history":[{"count":3,"href":"https:\/\/bashkiakucove.gov.al\/index.php?rest_route=\/wp\/v2\/pages\/568\/revisions"}],"predecessor-version":[{"id":4205,"href":"https:\/\/bashkiakucove.gov.al\/index.php?rest_route=\/wp\/v2\/pages\/568\/revisions\/4205"}],"up":[{"embeddable":true,"href":"https:\/\/bashkiakucove.gov.al\/index.php?rest_route=\/wp\/v2\/pages\/538"}],"wp:attachment":[{"href":"https:\/\/bashkiakucove.gov.al\/index.php?rest_route=%2Fwp%2Fv2%2Fmedia&parent=568"}],"curies":[{"name":"wp","href":"https:\/\/api.w.org\/{rel}","templated":true}]}}