{"id":596,"date":"2021-09-09T12:04:09","date_gmt":"2021-09-09T12:04:09","guid":{"rendered":"https:\/\/bashkia.said.al\/?page_id=596"},"modified":"2021-11-16T11:45:19","modified_gmt":"2021-11-16T10:45:19","slug":"organizimi-administrativo-territorial-misioni-dhe-funksionet-e-bashkise-kucove","status":"publish","type":"page","link":"https:\/\/bashkiakucove.gov.al\/?page_id=596","title":{"rendered":"Organizimi Administrativo-Territorial, Misioni dhe Funksionet e Bashkise Kucove"},"content":{"rendered":"\n<p><strong>Sh\u00ebrbimet n\u00eb Bashkin\u00eb Ku\u00e7ov\u00eb<\/strong><\/p>\n\n\n\n<p><strong>-Planifikimi I Territorit<\/strong><\/p>\n\n\n\n<ol class=\"wp-block-list\" type=\"1\"><li>Informim n\u00eb lidhje me zhvillimin e pron\u00ebs sipas PPV apo PDV;<\/li><li>Hartimi I PDV-ve (Bashki ose privat);<\/li><li>Hartime gentplan I azhorniuar I pron\u00ebs (p\u00ebr leje zhvillimi, p\u00ebr deklarime paraprake);<\/li><li>Konfirmimp\u00ebr vijen kufizuese t\u00eb Bashkis\u00eb Ku\u00e7ov\u00eb;<\/li><li>Leje nd\u00ebrtimi;<\/li><li>Rishikim I kushteve t\u00eb lejes s\u00eb nd\u00ebrtimit;<\/li><li>Shtyrja e afatit t\u00eb lejes s\u00eb nd\u00ebrtimit;<\/li><li>Llogaritje e taks\u00ebs s\u00eb ndikimit ne infrastruktur\u00ebs<\/li><li>Konfirmim I lejes s\u00eb nd\u00ebrtimit;<\/li><li>Konfirmim I akt-kontrolleve t\u00eb objektevet\u00eb miratuame leje nd\u00ebrtimi;<\/li><li>Aktet e kontrollit t\u00eb fazave t\u00eb nd\u00ebrtimit;<\/li><li>Shqyrtim I pro\u00e7edur\u00ebs s\u00eb kalimit n\u00eb pron\u00ebsi t\u00eb pasurive t\u00eb paluajt\u00ebshme t\u00eb nd\u00ebrtuara deri n\u00eb 10.08.1991;<\/li><li>Deklarat\u00eb p\u00ebr kryerje punimes;<\/li><li>Autorizim per kryerje punime ndertimi<\/li><\/ol>\n\n\n\n<p><strong>Tokat bujqesore<\/strong><\/p>\n\n\n\n<ol class=\"wp-block-list\" type=\"1\"><li>Pajisje me v\u00ebrtetim mbi p\u00ebrcaktimin e kategoris\u00eb s\u00eb tok\u00ebs bujq\u00ebsore;<\/li><li>Pajisje me v\u00ebrtetim q\u00eb ka q\u00ebn\u00eb anetar I ish-kooperativave\/ ish ndermarjeve bujqesore buj\u00ebsore deri n\u00eb 01 gusht 1991;<\/li><li>Pajisje me me v\u00ebrtetim t\u00eb tok\u00ebs n\u00eb pron\u00ebsi\/p\u00ebrdorim;<\/li><li>Pajisje me v\u00ebrtetim p\u00ebr ushtrim aktiviteti bujq\u00ebsor dhe blektoral;<\/li><li>Pajisje me aktin e marrjes s\u00eb tok\u00ebs n\u00eb pron\u00ebsi;<\/li><li>Pajisje me v\u00ebrtetim p\u00ebr pages\u00ebn e taks\u00ebs p\u00ebr tok\u00ebn bujq\u00ebsore dhe nd\u00ebrtes\u00ebn;<\/li><li>D\u00ebrgim dokumentacioni mbi studimin dhe p\u00ebrcaktimin e kategoris\u00eb s\u00eb tok\u00ebs;<\/li><li>Pajisje me deklarat\u00eb kufitar\u00ebsh;<\/li><li>Pajisje me v\u00ebrtetim q\u00eb \u00ebsht\u00eb furnizuar me tok\u00eb (p\u00ebr efekt dalje jasht kufiri);<\/li><li>Pajisje me v\u00ebrtetim q\u00eb nuk \u00ebsht\u00eb furnizuar me tok\u00eb bujq\u00ebsore;<\/li><li>Pajisje me akt shitje;<\/li><li>Pajije me v\u00ebrtetim p\u00ebr ark\u00ebtim akt-shitje;<\/li><li>D\u00ebrgim dokumentacioni p\u00ebr regjistrimfillestar t\u00eb tok\u00ebs bujq\u00ebsore;<\/li><li>D\u00ebrgim dokumentacioni p\u00ebr regjistrim fillestar tok\u00eb troje;<\/li><\/ol>\n\n\n\n<p><strong>Prona<\/strong><\/p>\n\n\n\n<ol class=\"wp-block-list\" type=\"1\"><li>Pajisje me konfirmim Kufizim pron\u00eb private me pron\u00eb shtet\u00ebrore;<\/li><li>Pajisje me v\u00ebrtetim trajtim me tok\u00ebn (ar\u00eb) sipas ligjit nr.7501;<\/li><li>Pajisje me konfirmim p\u00ebr pronat e Bashkis\u00eb;<\/li><\/ol>\n\n\n\n<p><strong>Taksat dhe tarifat vendore<\/strong><\/p>\n\n\n\n<ol class=\"wp-block-list\" type=\"1\"><li>P\u00ebrfitim regjistrimi subjekti n\u00eb zyr\u00ebn e taksave dhe tarifave vendore;<\/li><li>Pajisje me v\u00ebrtetim t\u00eb pages\u00ebs p\u00ebr taksat dhe tarifave vendore;<\/li><li>P\u00ebrfitim reduktimi t\u00eb taks\u00ebs familjare;<\/li><li>P\u00ebrfitim p\u00ebrjashtimi nga taksa e pastrimit dhe pagesat UKT (pensionist\/invalid);<\/li><li>Pajisje me njoftim vlersimi tarifor;<\/li><\/ol>\n\n\n\n<p><strong>Strehimi<\/strong><\/p>\n\n\n\n<ol class=\"wp-block-list\" type=\"1\"><li>P\u00ebrfitim nga programet e strehimit social;<\/li><li>Pajisje me v\u00ebrtetim si I pastrehe;<\/li><\/ol>\n\n\n\n<p><strong>Sh\u00ebrbimi Social<\/strong><\/p>\n\n\n\n<ol class=\"wp-block-list\" type=\"1\"><li>P\u00ebrfitim burs\u00eb studimi brenda vendit;<\/li><li>P\u00ebrfitim ndihm\u00eb ekonomike;<\/li><li>P\u00ebrfitim pagese p\u00ebr paraplegjik dhe tretraplegjik\u00eb;<\/li><li>P\u00ebrfitim pagese p\u00ebr verb\u00ebri;<\/li><li>P\u00ebrfitim pagese p\u00ebr shtes\u00eb invaliditeti;<\/li><li>P\u00ebrfitim pagese p\u00ebr aft\u00ebsi t\u00eb ndryshme;<\/li><li>P\u00ebrfitim ndihme ekonomike p\u00ebr sh\u00ebrbim kujdestarie p\u00ebr t\u00eb mitur;<\/li><li>Pajisje me v\u00ebrtetim t\u00eb t\u00eb ardhurave ekonomike;<\/li><\/ol>\n\n\n\n<p><strong>Sh\u00ebrbimi publik i varrimit<\/strong><\/p>\n\n\n\n<ol class=\"wp-block-list\" type=\"1\"><li>Pajisje me leje varrimi;<\/li><li>Pajisje me leje zhvarrimi;<\/li><\/ol>\n\n\n\n<p><strong>Ushqimi dhe Veterinaria<\/strong><\/p>\n\n\n\n<ol class=\"wp-block-list\" type=\"1\"><li>Pajisje me \u00e7ertifiakt\u00eb sh\u00ebndet\u00ebsore veterinare p\u00ebr gjedh\u00ebt;<\/li><li>Pajisje me \u00e7ertifikat\u00eb sh\u00ebndet\u00ebsore veterinare p\u00ebr bag\u00ebtit\u00eb e imta;<\/li><li>Pajisje me \u00e8ertifikat\u00eb sh\u00ebndet\u00ebsore veterinare t\u00eb n\u00ebnprodukteve t\u00eb mishit;<\/li><li>Pajisje me \u00e7ertifikat\u00eb sh\u00ebndet\u00ebsore veterinare t\u00eb n\u00ebnprodukteve t\u00eb qumshit;<\/li><\/ol>\n\n\n\n<p><strong>Emergjenca Civile<\/strong><\/p>\n\n\n\n<ol class=\"wp-block-list\" type=\"1\"><li>P\u00ebrfitim ndihme financiare n\u00eb rast fatkeq\u00ebsie natyrore;<\/li><\/ol>\n\n\n\n<p><strong>Arkiva<\/strong><\/p>\n\n\n\n<p>1.Pajisje me fotokopje dokumenti arkivor;<\/p>\n\n\n\n<p><strong>Gj\u00ebndja Civile<\/strong><\/p>\n\n\n\n<ol class=\"wp-block-list\" type=\"1\"><li>\u00c7erftifikat\u00eb p\u00ebr lidhje martese midis dy shtetasve shqip\u00ebtar;<\/li><li>\u00c7erftifikat\u00eb lidhje martese midis nj\u00eb shtetasi shqip\u00ebtar dhe nj\u00eb shtetasi t\u00eb huaj;<\/li><li>\u00c7ertifikat\u00eb akt-martese dhe akt-lindje p\u00ebr jasht\u00eb shtetit;<\/li><li>Pajisje me pro\u00e7esverbal p\u00ebr njohje at\u00ebsie;<\/li><li>Pajisje me pro\u00e7esverbal p\u00ebr bashkim familjar\u00eb;<\/li><li>Pajisje me pro\u00e7esverbal p\u00ebr ve\u00e7im familjar;<\/li><li>Rregjistrim lindje<\/li><li>Rregjistrim I t\u00eb vdekurve;<\/li><li>\u00c7ertifikat\u00eb Personale;<\/li><li>\u00c7ertifikat\u00eb familjare;<\/li><li>\u00c7ertifikat\u00eb martes;<\/li><li>Pajisje me v\u00ebrtetim banimi;<\/li><\/ol>\n","protected":false},"excerpt":{"rendered":"<p>Sh\u00ebrbimet n\u00eb Bashkin\u00eb Ku\u00e7ov\u00eb -Planifikimi I Territorit Informim n\u00eb lidhje me zhvillimin e pron\u00ebs sipas PPV apo PDV; Hartimi I PDV-ve (Bashki ose privat); Hartime gentplan I azhorniuar I pron\u00ebs (p\u00ebr leje zhvillimi, p\u00ebr deklarime paraprake); Konfirmimp\u00ebr vijen kufizuese t\u00eb Bashkis\u00eb Ku\u00e7ov\u00eb; Leje nd\u00ebrtimi; Rishikim I kushteve t\u00eb lejes s\u00eb nd\u00ebrtimit; Shtyrja e afatit t\u00eb [&hellip;]<\/p>\n","protected":false},"author":1,"featured_media":0,"parent":582,"menu_order":0,"comment_status":"closed","ping_status":"closed","template":"","meta":{"_acf_changed":false,"footnotes":""},"class_list":["post-596","page","type-page","status-publish","hentry"],"acf":[],"yoast_head":"<!-- This site is optimized with the Yoast SEO plugin v27.3 - https:\/\/yoast.com\/product\/yoast-seo-wordpress\/ -->\n<title>Organizimi Administrativo-Territorial, Misioni dhe Funksionet e Bashkise Kucove - Bashkia Kucove<\/title>\n<meta name=\"robots\" content=\"index, follow, max-snippet:-1, max-image-preview:large, max-video-preview:-1\" \/>\n<link rel=\"canonical\" href=\"https:\/\/bashkiakucove.gov.al\/?page_id=596\" \/>\n<meta property=\"og:locale\" content=\"en_US\" \/>\n<meta property=\"og:type\" content=\"article\" \/>\n<meta property=\"og:title\" content=\"Organizimi Administrativo-Territorial, Misioni dhe Funksionet e Bashkise Kucove - Bashkia Kucove\" \/>\n<meta property=\"og:description\" content=\"Sh\u00ebrbimet n\u00eb Bashkin\u00eb Ku\u00e7ov\u00eb -Planifikimi I Territorit Informim n\u00eb lidhje me zhvillimin e pron\u00ebs sipas PPV apo PDV; Hartimi I PDV-ve (Bashki ose privat); Hartime gentplan I azhorniuar I pron\u00ebs (p\u00ebr leje zhvillimi, p\u00ebr deklarime paraprake); Konfirmimp\u00ebr vijen kufizuese t\u00eb Bashkis\u00eb Ku\u00e7ov\u00eb; Leje nd\u00ebrtimi; Rishikim I kushteve t\u00eb lejes s\u00eb nd\u00ebrtimit; Shtyrja e afatit t\u00eb [&hellip;]\" \/>\n<meta property=\"og:url\" content=\"https:\/\/bashkiakucove.gov.al\/?page_id=596\" \/>\n<meta property=\"og:site_name\" content=\"Bashkia Kucove\" \/>\n<meta property=\"article:modified_time\" content=\"2021-11-16T10:45:19+00:00\" \/>\n<meta name=\"twitter:card\" content=\"summary_large_image\" \/>\n<meta name=\"twitter:label1\" content=\"Est. reading time\" \/>\n\t<meta name=\"twitter:data1\" content=\"3 minutes\" \/>\n<script type=\"application\/ld+json\" class=\"yoast-schema-graph\">{\"@context\":\"https:\\\/\\\/schema.org\",\"@graph\":[{\"@type\":\"WebPage\",\"@id\":\"https:\\\/\\\/bashkiakucove.gov.al\\\/?page_id=596\",\"url\":\"https:\\\/\\\/bashkiakucove.gov.al\\\/?page_id=596\",\"name\":\"Organizimi Administrativo-Territorial, Misioni dhe Funksionet e Bashkise Kucove - Bashkia Kucove\",\"isPartOf\":{\"@id\":\"https:\\\/\\\/bashkiakucove.gov.al\\\/#website\"},\"datePublished\":\"2021-09-09T12:04:09+00:00\",\"dateModified\":\"2021-11-16T10:45:19+00:00\",\"breadcrumb\":{\"@id\":\"https:\\\/\\\/bashkiakucove.gov.al\\\/?page_id=596#breadcrumb\"},\"inLanguage\":\"en-US\",\"potentialAction\":[{\"@type\":\"ReadAction\",\"target\":[\"https:\\\/\\\/bashkiakucove.gov.al\\\/?page_id=596\"]}]},{\"@type\":\"BreadcrumbList\",\"@id\":\"https:\\\/\\\/bashkiakucove.gov.al\\\/?page_id=596#breadcrumb\",\"itemListElement\":[{\"@type\":\"ListItem\",\"position\":1,\"name\":\"Home\",\"item\":\"https:\\\/\\\/bashkiakucove.gov.al\\\/\"},{\"@type\":\"ListItem\",\"position\":2,\"name\":\"Qyteti\",\"item\":\"https:\\\/\\\/bashkiakucove.gov.al\\\/?page_id=582\"},{\"@type\":\"ListItem\",\"position\":3,\"name\":\"Organizimi Administrativo-Territorial, Misioni dhe Funksionet e Bashkise Kucove\"}]},{\"@type\":\"WebSite\",\"@id\":\"https:\\\/\\\/bashkiakucove.gov.al\\\/#website\",\"url\":\"https:\\\/\\\/bashkiakucove.gov.al\\\/\",\"name\":\"Bashkia Kucove\",\"description\":\"Bashkia Kucove\",\"potentialAction\":[{\"@type\":\"SearchAction\",\"target\":{\"@type\":\"EntryPoint\",\"urlTemplate\":\"https:\\\/\\\/bashkiakucove.gov.al\\\/?s={search_term_string}\"},\"query-input\":{\"@type\":\"PropertyValueSpecification\",\"valueRequired\":true,\"valueName\":\"search_term_string\"}}],\"inLanguage\":\"en-US\"}]}<\/script>\n<!-- \/ Yoast SEO plugin. -->","yoast_head_json":{"title":"Organizimi Administrativo-Territorial, Misioni dhe Funksionet e Bashkise Kucove - Bashkia Kucove","robots":{"index":"index","follow":"follow","max-snippet":"max-snippet:-1","max-image-preview":"max-image-preview:large","max-video-preview":"max-video-preview:-1"},"canonical":"https:\/\/bashkiakucove.gov.al\/?page_id=596","og_locale":"en_US","og_type":"article","og_title":"Organizimi Administrativo-Territorial, Misioni dhe Funksionet e Bashkise Kucove - Bashkia Kucove","og_description":"Sh\u00ebrbimet n\u00eb Bashkin\u00eb Ku\u00e7ov\u00eb -Planifikimi I Territorit Informim n\u00eb lidhje me zhvillimin e pron\u00ebs sipas PPV apo PDV; Hartimi I PDV-ve (Bashki ose privat); Hartime gentplan I azhorniuar I pron\u00ebs (p\u00ebr leje zhvillimi, p\u00ebr deklarime paraprake); Konfirmimp\u00ebr vijen kufizuese t\u00eb Bashkis\u00eb Ku\u00e7ov\u00eb; Leje nd\u00ebrtimi; Rishikim I kushteve t\u00eb lejes s\u00eb nd\u00ebrtimit; Shtyrja e afatit t\u00eb [&hellip;]","og_url":"https:\/\/bashkiakucove.gov.al\/?page_id=596","og_site_name":"Bashkia Kucove","article_modified_time":"2021-11-16T10:45:19+00:00","twitter_card":"summary_large_image","twitter_misc":{"Est. reading time":"3 minutes"},"schema":{"@context":"https:\/\/schema.org","@graph":[{"@type":"WebPage","@id":"https:\/\/bashkiakucove.gov.al\/?page_id=596","url":"https:\/\/bashkiakucove.gov.al\/?page_id=596","name":"Organizimi Administrativo-Territorial, Misioni dhe Funksionet e Bashkise Kucove - Bashkia Kucove","isPartOf":{"@id":"https:\/\/bashkiakucove.gov.al\/#website"},"datePublished":"2021-09-09T12:04:09+00:00","dateModified":"2021-11-16T10:45:19+00:00","breadcrumb":{"@id":"https:\/\/bashkiakucove.gov.al\/?page_id=596#breadcrumb"},"inLanguage":"en-US","potentialAction":[{"@type":"ReadAction","target":["https:\/\/bashkiakucove.gov.al\/?page_id=596"]}]},{"@type":"BreadcrumbList","@id":"https:\/\/bashkiakucove.gov.al\/?page_id=596#breadcrumb","itemListElement":[{"@type":"ListItem","position":1,"name":"Home","item":"https:\/\/bashkiakucove.gov.al\/"},{"@type":"ListItem","position":2,"name":"Qyteti","item":"https:\/\/bashkiakucove.gov.al\/?page_id=582"},{"@type":"ListItem","position":3,"name":"Organizimi Administrativo-Territorial, Misioni dhe Funksionet e Bashkise Kucove"}]},{"@type":"WebSite","@id":"https:\/\/bashkiakucove.gov.al\/#website","url":"https:\/\/bashkiakucove.gov.al\/","name":"Bashkia Kucove","description":"Bashkia Kucove","potentialAction":[{"@type":"SearchAction","target":{"@type":"EntryPoint","urlTemplate":"https:\/\/bashkiakucove.gov.al\/?s={search_term_string}"},"query-input":{"@type":"PropertyValueSpecification","valueRequired":true,"valueName":"search_term_string"}}],"inLanguage":"en-US"}]}},"_links":{"self":[{"href":"https:\/\/bashkiakucove.gov.al\/index.php?rest_route=\/wp\/v2\/pages\/596","targetHints":{"allow":["GET"]}}],"collection":[{"href":"https:\/\/bashkiakucove.gov.al\/index.php?rest_route=\/wp\/v2\/pages"}],"about":[{"href":"https:\/\/bashkiakucove.gov.al\/index.php?rest_route=\/wp\/v2\/types\/page"}],"author":[{"embeddable":true,"href":"https:\/\/bashkiakucove.gov.al\/index.php?rest_route=\/wp\/v2\/users\/1"}],"replies":[{"embeddable":true,"href":"https:\/\/bashkiakucove.gov.al\/index.php?rest_route=%2Fwp%2Fv2%2Fcomments&post=596"}],"version-history":[{"count":1,"href":"https:\/\/bashkiakucove.gov.al\/index.php?rest_route=\/wp\/v2\/pages\/596\/revisions"}],"predecessor-version":[{"id":1262,"href":"https:\/\/bashkiakucove.gov.al\/index.php?rest_route=\/wp\/v2\/pages\/596\/revisions\/1262"}],"up":[{"embeddable":true,"href":"https:\/\/bashkiakucove.gov.al\/index.php?rest_route=\/wp\/v2\/pages\/582"}],"wp:attachment":[{"href":"https:\/\/bashkiakucove.gov.al\/index.php?rest_route=%2Fwp%2Fv2%2Fmedia&parent=596"}],"curies":[{"name":"wp","href":"https:\/\/api.w.org\/{rel}","templated":true}]}}