{"id":646,"date":"2021-09-09T13:15:49","date_gmt":"2021-09-09T13:15:49","guid":{"rendered":"https:\/\/bashkia.said.al\/?page_id=646"},"modified":"2022-01-11T12:06:49","modified_gmt":"2022-01-11T11:06:49","slug":"rregullorja-e-keshillit-bashkiak-kucove","status":"publish","type":"page","link":"https:\/\/bashkiakucove.gov.al\/?page_id=646","title":{"rendered":"Legjislacioni dhe Rregulloret e KB"},"content":{"rendered":"\n<p><\/p>\n\n\n\n<figure class=\"wp-block-image size-large\"><img loading=\"lazy\" decoding=\"async\" width=\"750\" height=\"374\" src=\"https:\/\/bashkiakucove.gov.al\/wp-content\/uploads\/2021\/11\/keshilli.jpg\" alt=\"\" class=\"wp-image-1140\"\/><\/figure>\n\n\n\n<p><strong><u>Detyrat dhe Kompetencat e K\u00ebshillit Bashkiak<\/u><\/strong><\/p>\n\n\n\n<p><strong><u>(ligji 139\/2015 \u201cP\u00ebr Vet\u00ebqeverisjen Vendore\u201d)<\/u><\/strong><\/p>\n\n\n\n<p>                                                                                          <strong>Neni 54<\/strong><\/p>\n\n\n\n<p>                                                              <strong>Detyrat dhe Kompetencat e K\u00ebshillit Bashkiak<\/strong><\/p>\n\n\n\n<p>K\u00ebshilli bashkiak ka k\u00ebto detyra dhe kompetenca:<\/p>\n\n\n\n<p>a) zgjedh nga p\u00ebrb\u00ebrja e vet komisionet e k\u00ebshillit dhe miraton rregulloren e brendshme t\u00eb funksionimit t\u00eb vet;<\/p>\n\n\n\n<p>b) zgjedh, duke respektuar ligjin p\u00ebr barazin\u00eb gjinore, kryetarin dhe z\u00ebvend\u00ebskryetar\u00ebt e k\u00ebshillit dhe i shkarkon ata;<\/p>\n\n\n\n<p>c) em\u00ebron dhe shkarkon sekretarin e k\u00ebshillit bashkiak;<\/p>\n\n\n\n<p>&nbsp;\u00e7) miraton nivelin e pagave e t\u00eb shp\u00ebrblimeve t\u00eb punonj\u00ebsve e t\u00eb personave t\u00eb tjer\u00eb, t\u00eb zgjedhur ose t\u00eb em\u00ebruar, n\u00eb p\u00ebrputhje me legjislacionin n\u00eb fuqi;<\/p>\n\n\n\n<p>d) miraton aktet e themelimit t\u00eb nd\u00ebrmarrjeve, shoq\u00ebrive tregtare, si dhe t\u00eb personave t\u00eb tjer\u00eb juridik\u00eb q\u00eb krijon vet\u00eb ose me t\u00eb cil\u00ebt \u00ebsht\u00eb bashk\u00ebthemelues;<\/p>\n\n\n\n<p>dh) miraton buxhetin dhe ndryshimet e tij. N\u00eb vendimin p\u00ebr miratimin e buxhetit miraton, gjithashtu, edhe numrin e maksimal t\u00eb punonj\u00ebsve t\u00eb bashkis\u00eb, si dhe t\u00eb nj\u00ebsive e institucioneve buxhetore n\u00eb var\u00ebsi t\u00eb bashkis\u00eb;<\/p>\n\n\n\n<p>e) miraton tjet\u00ebrsimin ose dh\u00ebnien n\u00eb p\u00ebrdorim t\u00eb pronave t\u00eb tret\u00ebve; \u00eb) organizon dhe mbik\u00ebqyr kontrollin e brendsh\u00ebm t\u00eb bashkis\u00eb;<\/p>\n\n\n\n<p>f) vendos p\u00ebr taksat e tarifat vendore, sipas k\u00ebtij ligji dhe legjislacionit tjet\u00ebr n\u00eb fuqi;<\/p>\n\n\n\n<p>g) vendos p\u00ebr marrjen e kredive dhe shlyerjen e detyrimeve ndaj t\u00eb tret\u00ebve;<\/p>\n\n\n\n<p>gj) vendos p\u00ebr krijimin e institucioneve t\u00eb p\u00ebrbashk\u00ebta me nj\u00ebsi t\u00eb tjera t\u00eb vet\u00ebqeverisjes vendore, p\u00ebrfshir\u00eb subjektin e kompetencave t\u00eb p\u00ebrbashk\u00ebta ose me persona t\u00eb tret\u00eb;<\/p>\n\n\n\n<p>h) vendos p\u00ebr fillimin e procedurave gjyq\u00ebsore p\u00ebr \u00e7\u00ebshtje t\u00eb kompetenc\u00ebs s\u00eb vet;<\/p>\n\n\n\n<p>i) zgjedh p\u00ebrfaq\u00ebsuesit e k\u00ebshillit bashkiak n\u00eb k\u00ebshillin e qarkut, t\u00eb cil\u00ebt, n\u00eb jo m\u00eb pak se 50 p\u00ebr qind t\u00eb tyre, duhet t\u2019i p\u00ebrkasin gjinis\u00eb m\u00eb pak t\u00eb p\u00ebrfaq\u00ebsuar;<\/p>\n\n\n\n<p>&nbsp;j) vendos p\u00ebr dh\u00ebnien ose deklarimin e mbarimit t\u00eb mandatit t\u00eb k\u00ebshilltarit, kur ekzistojn\u00eb kushtet e parashikuara n\u00eb nenin 49 t\u00eb k\u00ebtij ligji;<\/p>\n\n\n\n<p>k) miraton norma, standarde e kritere p\u00ebr rregullimin dhe disiplinimin e funksioneve q\u00eb i jan\u00eb dh\u00ebn\u00eb atij me ligj, si dhe p\u00ebr mbrojtjen e garantimin e interesit publik;<\/p>\n\n\n\n<p>&nbsp;l) vendos p\u00ebr simbolet e bashkis\u00eb; 24<\/p>\n\n\n\n<p>&nbsp;ll) vendos p\u00ebr em\u00ebrtimin e rrug\u00ebve, shesheve, territoreve, institucioneve dhe objekteve n\u00eb juridiksionin e bashkis\u00eb;<\/p>\n\n\n\n<p>m) jep tituj nderi dhe stimuj;<\/p>\n\n\n\n<p>n) vendos p\u00ebr rregullat, procedurat dhe m\u00ebnyrat e realizimit t\u00eb funksioneve t\u00eb deleguara, n\u00eb baz\u00eb dhe p\u00ebr zbatim t\u00eb ligjit, me t\u00eb cilin b\u00ebhet ky delegim te bashkia.<\/p>\n\n\n\n<div class=\"wp-block-file\"><a href=\"https:\/\/bashkiakucove.gov.al\/wp-content\/uploads\/2021\/10\/LIGJ-Nr.-139-2015-Per-Veteqeverisjen-Vendore.pdf\">LIGJ-Nr.-139-2015-Per-Veteqeverisjen-Vendore<\/a><a href=\"https:\/\/bashkiakucove.gov.al\/wp-content\/uploads\/2021\/10\/LIGJ-Nr.-139-2015-Per-Veteqeverisjen-Vendore.pdf\" class=\"wp-block-file__button\" download>Download<\/a><\/div>\n","protected":false},"excerpt":{"rendered":"<p>Detyrat dhe Kompetencat e K\u00ebshillit Bashkiak (ligji 139\/2015 \u201cP\u00ebr Vet\u00ebqeverisjen Vendore\u201d) Neni 54 Detyrat dhe Kompetencat e K\u00ebshillit Bashkiak K\u00ebshilli bashkiak ka k\u00ebto detyra dhe kompetenca: a) zgjedh nga p\u00ebrb\u00ebrja e vet komisionet e k\u00ebshillit dhe miraton rregulloren e brendshme t\u00eb funksionimit t\u00eb vet; b) zgjedh, duke respektuar ligjin p\u00ebr barazin\u00eb gjinore, kryetarin dhe z\u00ebvend\u00ebskryetar\u00ebt [&hellip;]<\/p>\n","protected":false},"author":1,"featured_media":0,"parent":636,"menu_order":0,"comment_status":"closed","ping_status":"closed","template":"","meta":{"footnotes":""},"class_list":["post-646","page","type-page","status-publish","hentry"],"yoast_head":"<!-- This site is optimized with the Yoast SEO plugin v27.3 - https:\/\/yoast.com\/product\/yoast-seo-wordpress\/ -->\n<title>Legjislacioni dhe Rregulloret e KB - Bashkia Kucove<\/title>\n<meta name=\"robots\" content=\"index, follow, max-snippet:-1, max-image-preview:large, max-video-preview:-1\" \/>\n<link rel=\"canonical\" href=\"https:\/\/bashkiakucove.gov.al\/?page_id=646\" \/>\n<meta property=\"og:locale\" content=\"en_US\" \/>\n<meta property=\"og:type\" content=\"article\" \/>\n<meta property=\"og:title\" content=\"Legjislacioni dhe Rregulloret e KB - Bashkia Kucove\" \/>\n<meta property=\"og:description\" content=\"Detyrat dhe Kompetencat e K\u00ebshillit Bashkiak (ligji 139\/2015 \u201cP\u00ebr Vet\u00ebqeverisjen Vendore\u201d) Neni 54 Detyrat dhe Kompetencat e K\u00ebshillit Bashkiak K\u00ebshilli bashkiak ka k\u00ebto detyra dhe kompetenca: a) zgjedh nga p\u00ebrb\u00ebrja e vet komisionet e k\u00ebshillit dhe miraton rregulloren e brendshme t\u00eb funksionimit t\u00eb vet; b) zgjedh, duke respektuar ligjin p\u00ebr barazin\u00eb gjinore, kryetarin dhe z\u00ebvend\u00ebskryetar\u00ebt [&hellip;]\" \/>\n<meta property=\"og:url\" content=\"https:\/\/bashkiakucove.gov.al\/?page_id=646\" \/>\n<meta property=\"og:site_name\" content=\"Bashkia Kucove\" \/>\n<meta property=\"article:modified_time\" content=\"2022-01-11T11:06:49+00:00\" \/>\n<meta property=\"og:image\" content=\"http:\/\/bashkiakucove.gov.al\/wp-content\/uploads\/2021\/11\/keshilli.jpg\" \/>\n<meta name=\"twitter:card\" content=\"summary_large_image\" \/>\n<meta name=\"twitter:label1\" content=\"Est. reading time\" \/>\n\t<meta name=\"twitter:data1\" content=\"2 minutes\" \/>\n<script type=\"application\/ld+json\" class=\"yoast-schema-graph\">{\"@context\":\"https:\\\/\\\/schema.org\",\"@graph\":[{\"@type\":\"WebPage\",\"@id\":\"https:\\\/\\\/bashkiakucove.gov.al\\\/?page_id=646\",\"url\":\"https:\\\/\\\/bashkiakucove.gov.al\\\/?page_id=646\",\"name\":\"Legjislacioni dhe Rregulloret e KB - Bashkia Kucove\",\"isPartOf\":{\"@id\":\"https:\\\/\\\/bashkiakucove.gov.al\\\/#website\"},\"primaryImageOfPage\":{\"@id\":\"https:\\\/\\\/bashkiakucove.gov.al\\\/?page_id=646#primaryimage\"},\"image\":{\"@id\":\"https:\\\/\\\/bashkiakucove.gov.al\\\/?page_id=646#primaryimage\"},\"thumbnailUrl\":\"http:\\\/\\\/bashkiakucove.gov.al\\\/wp-content\\\/uploads\\\/2021\\\/11\\\/keshilli.jpg\",\"datePublished\":\"2021-09-09T13:15:49+00:00\",\"dateModified\":\"2022-01-11T11:06:49+00:00\",\"breadcrumb\":{\"@id\":\"https:\\\/\\\/bashkiakucove.gov.al\\\/?page_id=646#breadcrumb\"},\"inLanguage\":\"en-US\",\"potentialAction\":[{\"@type\":\"ReadAction\",\"target\":[\"https:\\\/\\\/bashkiakucove.gov.al\\\/?page_id=646\"]}]},{\"@type\":\"ImageObject\",\"inLanguage\":\"en-US\",\"@id\":\"https:\\\/\\\/bashkiakucove.gov.al\\\/?page_id=646#primaryimage\",\"url\":\"https:\\\/\\\/bashkiakucove.gov.al\\\/wp-content\\\/uploads\\\/2021\\\/11\\\/keshilli.jpg\",\"contentUrl\":\"https:\\\/\\\/bashkiakucove.gov.al\\\/wp-content\\\/uploads\\\/2021\\\/11\\\/keshilli.jpg\",\"width\":750,\"height\":374},{\"@type\":\"BreadcrumbList\",\"@id\":\"https:\\\/\\\/bashkiakucove.gov.al\\\/?page_id=646#breadcrumb\",\"itemListElement\":[{\"@type\":\"ListItem\",\"position\":1,\"name\":\"Home\",\"item\":\"https:\\\/\\\/bashkiakucove.gov.al\\\/\"},{\"@type\":\"ListItem\",\"position\":2,\"name\":\"Keshilli \\\/ Transparenca\",\"item\":\"https:\\\/\\\/bashkiakucove.gov.al\\\/?page_id=636\"},{\"@type\":\"ListItem\",\"position\":3,\"name\":\"Legjislacioni dhe Rregulloret e KB\"}]},{\"@type\":\"WebSite\",\"@id\":\"https:\\\/\\\/bashkiakucove.gov.al\\\/#website\",\"url\":\"https:\\\/\\\/bashkiakucove.gov.al\\\/\",\"name\":\"Bashkia Kucove\",\"description\":\"Bashkia Kucove\",\"potentialAction\":[{\"@type\":\"SearchAction\",\"target\":{\"@type\":\"EntryPoint\",\"urlTemplate\":\"https:\\\/\\\/bashkiakucove.gov.al\\\/?s={search_term_string}\"},\"query-input\":{\"@type\":\"PropertyValueSpecification\",\"valueRequired\":true,\"valueName\":\"search_term_string\"}}],\"inLanguage\":\"en-US\"}]}<\/script>\n<!-- \/ Yoast SEO plugin. -->","yoast_head_json":{"title":"Legjislacioni dhe Rregulloret e KB - Bashkia Kucove","robots":{"index":"index","follow":"follow","max-snippet":"max-snippet:-1","max-image-preview":"max-image-preview:large","max-video-preview":"max-video-preview:-1"},"canonical":"https:\/\/bashkiakucove.gov.al\/?page_id=646","og_locale":"en_US","og_type":"article","og_title":"Legjislacioni dhe Rregulloret e KB - Bashkia Kucove","og_description":"Detyrat dhe Kompetencat e K\u00ebshillit Bashkiak (ligji 139\/2015 \u201cP\u00ebr Vet\u00ebqeverisjen Vendore\u201d) Neni 54 Detyrat dhe Kompetencat e K\u00ebshillit Bashkiak K\u00ebshilli bashkiak ka k\u00ebto detyra dhe kompetenca: a) zgjedh nga p\u00ebrb\u00ebrja e vet komisionet e k\u00ebshillit dhe miraton rregulloren e brendshme t\u00eb funksionimit t\u00eb vet; b) zgjedh, duke respektuar ligjin p\u00ebr barazin\u00eb gjinore, kryetarin dhe z\u00ebvend\u00ebskryetar\u00ebt [&hellip;]","og_url":"https:\/\/bashkiakucove.gov.al\/?page_id=646","og_site_name":"Bashkia Kucove","article_modified_time":"2022-01-11T11:06:49+00:00","og_image":[{"url":"http:\/\/bashkiakucove.gov.al\/wp-content\/uploads\/2021\/11\/keshilli.jpg","type":"","width":"","height":""}],"twitter_card":"summary_large_image","twitter_misc":{"Est. reading time":"2 minutes"},"schema":{"@context":"https:\/\/schema.org","@graph":[{"@type":"WebPage","@id":"https:\/\/bashkiakucove.gov.al\/?page_id=646","url":"https:\/\/bashkiakucove.gov.al\/?page_id=646","name":"Legjislacioni dhe Rregulloret e KB - Bashkia Kucove","isPartOf":{"@id":"https:\/\/bashkiakucove.gov.al\/#website"},"primaryImageOfPage":{"@id":"https:\/\/bashkiakucove.gov.al\/?page_id=646#primaryimage"},"image":{"@id":"https:\/\/bashkiakucove.gov.al\/?page_id=646#primaryimage"},"thumbnailUrl":"http:\/\/bashkiakucove.gov.al\/wp-content\/uploads\/2021\/11\/keshilli.jpg","datePublished":"2021-09-09T13:15:49+00:00","dateModified":"2022-01-11T11:06:49+00:00","breadcrumb":{"@id":"https:\/\/bashkiakucove.gov.al\/?page_id=646#breadcrumb"},"inLanguage":"en-US","potentialAction":[{"@type":"ReadAction","target":["https:\/\/bashkiakucove.gov.al\/?page_id=646"]}]},{"@type":"ImageObject","inLanguage":"en-US","@id":"https:\/\/bashkiakucove.gov.al\/?page_id=646#primaryimage","url":"https:\/\/bashkiakucove.gov.al\/wp-content\/uploads\/2021\/11\/keshilli.jpg","contentUrl":"https:\/\/bashkiakucove.gov.al\/wp-content\/uploads\/2021\/11\/keshilli.jpg","width":750,"height":374},{"@type":"BreadcrumbList","@id":"https:\/\/bashkiakucove.gov.al\/?page_id=646#breadcrumb","itemListElement":[{"@type":"ListItem","position":1,"name":"Home","item":"https:\/\/bashkiakucove.gov.al\/"},{"@type":"ListItem","position":2,"name":"Keshilli \/ Transparenca","item":"https:\/\/bashkiakucove.gov.al\/?page_id=636"},{"@type":"ListItem","position":3,"name":"Legjislacioni dhe Rregulloret e KB"}]},{"@type":"WebSite","@id":"https:\/\/bashkiakucove.gov.al\/#website","url":"https:\/\/bashkiakucove.gov.al\/","name":"Bashkia Kucove","description":"Bashkia Kucove","potentialAction":[{"@type":"SearchAction","target":{"@type":"EntryPoint","urlTemplate":"https:\/\/bashkiakucove.gov.al\/?s={search_term_string}"},"query-input":{"@type":"PropertyValueSpecification","valueRequired":true,"valueName":"search_term_string"}}],"inLanguage":"en-US"}]}},"_links":{"self":[{"href":"https:\/\/bashkiakucove.gov.al\/index.php?rest_route=\/wp\/v2\/pages\/646","targetHints":{"allow":["GET"]}}],"collection":[{"href":"https:\/\/bashkiakucove.gov.al\/index.php?rest_route=\/wp\/v2\/pages"}],"about":[{"href":"https:\/\/bashkiakucove.gov.al\/index.php?rest_route=\/wp\/v2\/types\/page"}],"author":[{"embeddable":true,"href":"https:\/\/bashkiakucove.gov.al\/index.php?rest_route=\/wp\/v2\/users\/1"}],"replies":[{"embeddable":true,"href":"https:\/\/bashkiakucove.gov.al\/index.php?rest_route=%2Fwp%2Fv2%2Fcomments&post=646"}],"version-history":[{"count":7,"href":"https:\/\/bashkiakucove.gov.al\/index.php?rest_route=\/wp\/v2\/pages\/646\/revisions"}],"predecessor-version":[{"id":1849,"href":"https:\/\/bashkiakucove.gov.al\/index.php?rest_route=\/wp\/v2\/pages\/646\/revisions\/1849"}],"up":[{"embeddable":true,"href":"https:\/\/bashkiakucove.gov.al\/index.php?rest_route=\/wp\/v2\/pages\/636"}],"wp:attachment":[{"href":"https:\/\/bashkiakucove.gov.al\/index.php?rest_route=%2Fwp%2Fv2%2Fmedia&parent=646"}],"curies":[{"name":"wp","href":"https:\/\/api.w.org\/{rel}","templated":true}]}}