{"id":682,"date":"2021-09-09T13:21:44","date_gmt":"2021-09-09T13:21:44","guid":{"rendered":"https:\/\/bashkia.said.al\/?page_id=682"},"modified":"2021-11-16T14:40:11","modified_gmt":"2021-11-16T13:40:11","slug":"vizioni-dhe-misioni","status":"publish","type":"page","link":"https:\/\/bashkiakucove.gov.al\/?page_id=682","title":{"rendered":"Vizioni dhe Misioni"},"content":{"rendered":"\n<p><strong>Q\u00ebllimi\u00a0 Kryesor:<\/strong><\/p>\n\n\n\n<p><strong><em>\u201cT\u00eb bashkohemi e t\u00eb punojm\u00eb t\u00eb gjith\u00eb si nj\u00eb familje e madhe e vetme, n\u00eb interes t\u00eb secilit dhe n\u00eb interesin e t\u00eb gjith\u00ebve, p\u00ebr nj\u00eb Ku\u00e7ov\u00eb me em\u00ebr t\u00eb mir\u00eb ashtu si\u00e7 e meriton\u201d.<\/em><\/strong><\/p>\n\n\n\n<p><strong><em>&nbsp; <\/em><\/strong>Bashkia Ku\u00e7ov\u00eb \u00ebsht\u00eb nj\u00eb institucion ambicioz i nj\u00eb qeverisje vendore vullnetmir\u00eb dhe bashk\u00ebpunuese q\u00eb b\u00ebn p\u00ebrpjekjet dhe jep shembullin e maksimalizimit p\u00ebr p\u00ebrfitueshm\u00ebri dhe zgjidhje t\u00eb sfidave e projekteve t\u00eb zhvillimit&nbsp; p\u00ebr bashkin\u00eb dhe komunitetin.<\/p>\n\n\n\n<p><strong>Synimet kryesor\u00eb:<\/strong><\/p>\n\n\n\n<ul class=\"wp-block-list\"><li><strong><em>Bashkia t\u00eb shnd\u00ebrrohet n\u00eb nj\u00eb nj\u00ebsi baz\u00eb t\u00eb zhvillimit ekonomik t\u00eb vendit<\/em><\/strong><strong>, <\/strong>duke nxitur zhvillimin e sektor\u00ebve ekonomik\u00eb sipas karakteristikave t\u00eb&nbsp; zon\u00ebs si dhe identifikimin e sektor\u00ebve t\u00eb rinj.<\/li><li><strong><em>T\u00eb shuhen diferencat<\/em><\/strong><strong> <em>n\u00eb zhvillim, sh\u00ebrbime e infrastruktur\u00eb<\/em><\/strong> midis zonave m\u00eb t\u00eb larg\u00ebta e m\u00eb t\u00eb varf\u00ebra t\u00eb bashkis\u00eb dhe qendr\u00ebs s\u00eb saj.<\/li><li><strong><em>T\u00eb p\u00ebrfshijm\u00eb t\u00eb rinjt\u00eb e sot\u00ebm dhe t\u00eb p\u00ebrgatisim rinin\u00eb e s\u00eb ardhmes,<\/em><\/strong> p\u00ebr t\u00eb drejtuar dhe zhvilluar bashkin\u00eb e re si nj\u00ebsi baz\u00eb t\u00eb integrimit n\u00eb Europ\u00eb.<\/li><li><strong><em>T\u00eb shkurtojm\u00eb distancat dhe rrisim aksesin n\u00eb Pun\u00eb, Arsim dhe Sh\u00ebrbim <\/em><\/strong>t\u00eb familjes ku\u00e7ovare n\u00eb \u00e7do nj\u00ebsi adminstrative.&nbsp;<\/li><\/ul>\n\n\n\n<p><strong><em>T\u00eb shnd\u00ebrrojm\u00eb bashkin\u00eb n\u00eb qend\u00ebr t\u00eb zgjidhjes s\u00eb problemeve sociale dhe t\u00eb ndihm\u00ebs p\u00ebr cdo qytetar.<\/em><\/strong><\/p>\n\n\n\n<p><strong>Objektivat kryesor\u00eb:<\/strong><\/p>\n\n\n\n<ul class=\"wp-block-list\"><li><strong>Objektivi par\u00eb:<\/strong><strong><em> <\/em><\/strong>Unifikimi dhe konsolidimi administrativ dhe financiar i veprimtarive bashkiake n\u00eb gjith\u00eb popullsin\u00eb dhe territorin e vet.<\/li><li><strong><em>Synimi:<\/em><\/strong><strong><em> <\/em><\/strong>Administrata bashkiake t\u00eb veproj\u00eb si nj\u00eb struktur\u00eb e vetme n\u00eb zon\u00ebn urbane dhe rurale, p\u00ebr t\u00eb amortizuar n\u00eb nj\u00eb koh\u00eb sa m\u00eb t\u00eb shkurt\u00ebr efektet e bashkimit t\u00eb &nbsp;4 nj\u00ebsive ekzistuese, q\u00eb \u00e7do qytetar i nj\u00ebsis\u00eb son\u00eb t\u00eb ndihet i vler\u00ebsuar prej saj.<br><br><\/li><li><strong>Objektivi i dyt\u00eb:<\/strong> Projektimi dhe nd\u00ebrtimi i rrug\u00ebs Ku\u00e7ov\u00eb &#8211; Lumas brenda k\u00ebtij mandati.<\/li><li><strong><em>Synimi:<\/em><\/strong><strong><em> <\/em><\/strong>Komunikimi me rrug\u00eb t\u00eb asfaltuar t\u00eb banor\u00ebve t\u00eb nj\u00ebsis\u00eb administrative Lumas &nbsp;me qytetin e Ku\u00e7ov\u00ebs, p\u00ebr t\u00eb shkurtuar distancat kohore dhe p\u00ebr t\u2019i sh\u00ebrbyer sa m\u00eb shpejt n\u00eb l\u00ebvizjen e njer\u00ebzve dhe mallrave t\u00eb k\u00ebsaj zone.<\/li><li><strong>Objektivi i tret\u00eb<\/strong><em>:<\/em><em> <\/em>Rikonstruksioni total i rrjetit t\u00eb brendsh\u00ebm t\u00eb ujesjell\u00ebsit t\u00eb Ku\u00e7ov\u00ebs .<\/li><li><strong><em>Synimi:<\/em><\/strong> Furnizimi me uj\u00eb t\u00eb pijsh\u00ebm cil\u00ebsor, t\u00eb sigurt\u00eb dhe me nj\u00eb orar m\u00eb t\u00eb zgjatur, duke ulur humbjet n\u00eb rrjetin uj\u00ebsjell\u00ebs dhe duke eleminuar nderhyrjet n\u00eb rrjet.<\/li><li>&nbsp;<\/li><li><strong>Objektivi i kat\u00ebrt:<\/strong> <strong><em>&nbsp;<\/em><\/strong>Rehabilitimin e p\u00ebrgjithsh\u00ebm t\u00eb territorit t\u00eb ish Uzin\u00ebs s\u00eb P\u00ebrpunimit t\u00eb Naft\u00ebs, duke e nxjerr\u00eb nga harta e zonave t\u00eb nxehta komb\u00ebtare me mbetje t\u00eb rrezikshme.<\/li><li><strong><em>Synimi:<\/em><\/strong><strong><em>&nbsp; <\/em><\/strong>Kthimin e k\u00ebtij territori n\u00eb nj\u00eb nga zonat m\u00eb kreative t\u00eb Ku\u00e7ov\u00ebs, duke ofruar mund\u00ebsin\u00eb q\u00eb ky territor, pron\u00eb e bashkis\u00eb, t\u00eb mund\u00ebsoj\u00eb zhvillimin p\u00ebr aktivitete prodhuese dhe industriale,&nbsp; n\u00ebp\u00ebrmjet investimeve nga donator\u00eb vendas dhe t\u00eb huaj, t\u00eb cil\u00ebt i jan\u00eb ofruar bashkis\u00eb Ku\u00e7ov\u00eb me projekte konkrete. Objekte si: oxhaqet dhe paisje t\u00eb tjera, t\u00eb ruhen dhe konservohen si relike t\u00eb shekullit t\u00eb XX. S\u00eb bashku me t\u00eb do t\u00eb b\u00ebjm\u00eb edhe disiplinimin e ujrave t\u00eb P\u00ebrroit t\u00eb Driz\u00ebs, q\u00eb kalon pran\u00eb k\u00ebtij territori.<br><br><\/li><li><strong>Objektivi i pest\u00eb:<\/strong><strong><em> <\/em><\/strong>P\u00ebrmir\u00ebsimi&nbsp; dhe modernizimi i infrastruktur\u00ebs rrugore, sh\u00ebrbimeve n\u00eb p\u00ebrgjith\u00ebsi dhe n\u00eb zon\u00ebn rurale t\u00eb bashkis\u00eb n\u00eb ve\u00e7anti, n\u00eb m\u00ebnyr\u00eb q\u00eb komunitetet rurale t\u00eb ndjejn\u00eb shum\u00eb shpejt ep\u00ebrsin\u00eb e k\u00ebtij organizimi t\u00eb ri.<\/li><li><strong><em>Synimi:<\/em><\/strong><strong><em> <\/em><\/strong>Shtrirja e t\u00eb gjith\u00eb sh\u00ebrbimeve ndaj komunitetit n\u00eb p\u00ebrputhje me funksionet baz\u00eb t\u00eb bashkis\u00eb n\u00eb t\u00eb gjitha zonat e territorit.<br><br><\/li><\/ul>\n\n\n\n<p>&nbsp;&nbsp;&nbsp;&nbsp;&nbsp;&nbsp;&nbsp;&nbsp;&nbsp;&nbsp;&nbsp; \u00cbsht\u00eb&nbsp; shum\u00eb e r\u00ebnd\u00ebsishme t\u00eb pohoj se, ne nuk qeverisim mbi baz\u00ebn e premtimeve dhe ekzaltimeve t\u00eb fushat\u00ebs, por kemi hedhur hapa konkrete n\u00eb fush\u00ebn e strategjive dhe&nbsp; dokumentave baz\u00eb q\u00eb udh\u00ebheqin zhvillimin dhe t\u00eb ardhmen e bashkis\u00eb.<\/p>\n\n\n\n<ol class=\"wp-block-list\" type=\"1\"><li>&nbsp;Kemi hartuar <strong>Strategjin\u00eb e Zhvillimit t\u00eb Ekonomis\u00eb Vendore<\/strong> (Plani Strategjik i Zhvillimit Ekonomik) deri n\u00eb vitin 2017, i cili po rishikohet e plot\u00ebsohet deri n\u00eb vitin 2019,si dhe strategjit\u00eb sektoriale p\u00ebr \u00e7do fush\u00eb t\u00eb&nbsp; veprimtaris\u00eb s\u00eb qeverisjes vendore.<\/li><li>&nbsp;Jemi n\u00eb p\u00ebrfundim t\u00eb hartimit t\u00eb <strong>Planit t\u00eb P\u00ebrgjithsh\u00ebm Vendor,<\/strong> \u201ckushtetut\u00eb e zhvillimit&nbsp; urban t\u00eb bashkis\u00eb\u201d&nbsp; i cili pret t\u00eb implementohet, duke i dh\u00ebn\u00eb fund kaosit urban n\u00eb k\u00ebto 20 vjet dhe zhvillimit t\u00eb territorit sipas vizionit dhe q\u00ebllimeve t\u00eb k\u00ebtij plani.<\/li><\/ol>\n\n\n\n<p><strong><br>P\u00ebr m\u00eb shum\u00eb informacion ndiqni faqen zyrtare t\u00eb Bashkis\u00eb Ku\u00e7ov\u00eb.<\/strong><\/p>\n","protected":false},"excerpt":{"rendered":"<p>Q\u00ebllimi\u00a0 Kryesor: \u201cT\u00eb bashkohemi e t\u00eb punojm\u00eb t\u00eb gjith\u00eb si nj\u00eb familje e madhe e vetme, n\u00eb interes t\u00eb secilit dhe n\u00eb interesin e t\u00eb gjith\u00ebve, p\u00ebr nj\u00eb Ku\u00e7ov\u00eb me em\u00ebr t\u00eb mir\u00eb ashtu si\u00e7 e meriton\u201d. &nbsp; Bashkia Ku\u00e7ov\u00eb \u00ebsht\u00eb nj\u00eb institucion ambicioz i nj\u00eb qeverisje vendore vullnetmir\u00eb dhe bashk\u00ebpunuese q\u00eb b\u00ebn p\u00ebrpjekjet dhe [&hellip;]<\/p>\n","protected":false},"author":1,"featured_media":0,"parent":680,"menu_order":0,"comment_status":"closed","ping_status":"closed","template":"","meta":{"_acf_changed":false,"footnotes":""},"class_list":["post-682","page","type-page","status-publish","hentry"],"acf":[],"yoast_head":"<!-- This site is optimized with the Yoast SEO plugin v27.3 - https:\/\/yoast.com\/product\/yoast-seo-wordpress\/ -->\n<title>Vizioni dhe Misioni - Bashkia Kucove<\/title>\n<meta name=\"description\" content=\"Vizioni dhe Misioni\" \/>\n<meta name=\"robots\" content=\"index, follow, max-snippet:-1, max-image-preview:large, max-video-preview:-1\" \/>\n<link rel=\"canonical\" href=\"https:\/\/bashkiakucove.gov.al\/?page_id=682\" \/>\n<meta property=\"og:locale\" content=\"en_US\" \/>\n<meta property=\"og:type\" content=\"article\" \/>\n<meta property=\"og:title\" content=\"Vizioni dhe Misioni - Bashkia Kucove\" \/>\n<meta property=\"og:description\" content=\"Vizioni dhe Misioni\" \/>\n<meta property=\"og:url\" content=\"https:\/\/bashkiakucove.gov.al\/?page_id=682\" \/>\n<meta property=\"og:site_name\" content=\"Bashkia Kucove\" \/>\n<meta property=\"article:modified_time\" content=\"2021-11-16T13:40:11+00:00\" \/>\n<meta name=\"twitter:card\" content=\"summary_large_image\" \/>\n<meta name=\"twitter:label1\" content=\"Est. reading time\" \/>\n\t<meta name=\"twitter:data1\" content=\"3 minutes\" \/>\n<script type=\"application\/ld+json\" class=\"yoast-schema-graph\">{\"@context\":\"https:\\\/\\\/schema.org\",\"@graph\":[{\"@type\":\"WebPage\",\"@id\":\"https:\\\/\\\/bashkiakucove.gov.al\\\/?page_id=682\",\"url\":\"https:\\\/\\\/bashkiakucove.gov.al\\\/?page_id=682\",\"name\":\"Vizioni dhe Misioni - Bashkia Kucove\",\"isPartOf\":{\"@id\":\"https:\\\/\\\/bashkiakucove.gov.al\\\/#website\"},\"datePublished\":\"2021-09-09T13:21:44+00:00\",\"dateModified\":\"2021-11-16T13:40:11+00:00\",\"description\":\"Vizioni dhe Misioni\",\"breadcrumb\":{\"@id\":\"https:\\\/\\\/bashkiakucove.gov.al\\\/?page_id=682#breadcrumb\"},\"inLanguage\":\"en-US\",\"potentialAction\":[{\"@type\":\"ReadAction\",\"target\":[\"https:\\\/\\\/bashkiakucove.gov.al\\\/?page_id=682\"]}]},{\"@type\":\"BreadcrumbList\",\"@id\":\"https:\\\/\\\/bashkiakucove.gov.al\\\/?page_id=682#breadcrumb\",\"itemListElement\":[{\"@type\":\"ListItem\",\"position\":1,\"name\":\"Home\",\"item\":\"https:\\\/\\\/bashkiakucove.gov.al\\\/\"},{\"@type\":\"ListItem\",\"position\":2,\"name\":\"Sherbimet\",\"item\":\"https:\\\/\\\/bashkiakucove.gov.al\\\/?page_id=666\"},{\"@type\":\"ListItem\",\"position\":3,\"name\":\"Punesimi\",\"item\":\"https:\\\/\\\/bashkiakucove.gov.al\\\/?page_id=680\"},{\"@type\":\"ListItem\",\"position\":4,\"name\":\"Vizioni dhe Misioni\"}]},{\"@type\":\"WebSite\",\"@id\":\"https:\\\/\\\/bashkiakucove.gov.al\\\/#website\",\"url\":\"https:\\\/\\\/bashkiakucove.gov.al\\\/\",\"name\":\"Bashkia Kucove\",\"description\":\"Bashkia Kucove\",\"potentialAction\":[{\"@type\":\"SearchAction\",\"target\":{\"@type\":\"EntryPoint\",\"urlTemplate\":\"https:\\\/\\\/bashkiakucove.gov.al\\\/?s={search_term_string}\"},\"query-input\":{\"@type\":\"PropertyValueSpecification\",\"valueRequired\":true,\"valueName\":\"search_term_string\"}}],\"inLanguage\":\"en-US\"}]}<\/script>\n<!-- \/ Yoast SEO plugin. -->","yoast_head_json":{"title":"Vizioni dhe Misioni - Bashkia Kucove","description":"Vizioni dhe Misioni","robots":{"index":"index","follow":"follow","max-snippet":"max-snippet:-1","max-image-preview":"max-image-preview:large","max-video-preview":"max-video-preview:-1"},"canonical":"https:\/\/bashkiakucove.gov.al\/?page_id=682","og_locale":"en_US","og_type":"article","og_title":"Vizioni dhe Misioni - Bashkia Kucove","og_description":"Vizioni dhe Misioni","og_url":"https:\/\/bashkiakucove.gov.al\/?page_id=682","og_site_name":"Bashkia Kucove","article_modified_time":"2021-11-16T13:40:11+00:00","twitter_card":"summary_large_image","twitter_misc":{"Est. reading time":"3 minutes"},"schema":{"@context":"https:\/\/schema.org","@graph":[{"@type":"WebPage","@id":"https:\/\/bashkiakucove.gov.al\/?page_id=682","url":"https:\/\/bashkiakucove.gov.al\/?page_id=682","name":"Vizioni dhe Misioni - Bashkia Kucove","isPartOf":{"@id":"https:\/\/bashkiakucove.gov.al\/#website"},"datePublished":"2021-09-09T13:21:44+00:00","dateModified":"2021-11-16T13:40:11+00:00","description":"Vizioni dhe Misioni","breadcrumb":{"@id":"https:\/\/bashkiakucove.gov.al\/?page_id=682#breadcrumb"},"inLanguage":"en-US","potentialAction":[{"@type":"ReadAction","target":["https:\/\/bashkiakucove.gov.al\/?page_id=682"]}]},{"@type":"BreadcrumbList","@id":"https:\/\/bashkiakucove.gov.al\/?page_id=682#breadcrumb","itemListElement":[{"@type":"ListItem","position":1,"name":"Home","item":"https:\/\/bashkiakucove.gov.al\/"},{"@type":"ListItem","position":2,"name":"Sherbimet","item":"https:\/\/bashkiakucove.gov.al\/?page_id=666"},{"@type":"ListItem","position":3,"name":"Punesimi","item":"https:\/\/bashkiakucove.gov.al\/?page_id=680"},{"@type":"ListItem","position":4,"name":"Vizioni dhe Misioni"}]},{"@type":"WebSite","@id":"https:\/\/bashkiakucove.gov.al\/#website","url":"https:\/\/bashkiakucove.gov.al\/","name":"Bashkia Kucove","description":"Bashkia Kucove","potentialAction":[{"@type":"SearchAction","target":{"@type":"EntryPoint","urlTemplate":"https:\/\/bashkiakucove.gov.al\/?s={search_term_string}"},"query-input":{"@type":"PropertyValueSpecification","valueRequired":true,"valueName":"search_term_string"}}],"inLanguage":"en-US"}]}},"_links":{"self":[{"href":"https:\/\/bashkiakucove.gov.al\/index.php?rest_route=\/wp\/v2\/pages\/682","targetHints":{"allow":["GET"]}}],"collection":[{"href":"https:\/\/bashkiakucove.gov.al\/index.php?rest_route=\/wp\/v2\/pages"}],"about":[{"href":"https:\/\/bashkiakucove.gov.al\/index.php?rest_route=\/wp\/v2\/types\/page"}],"author":[{"embeddable":true,"href":"https:\/\/bashkiakucove.gov.al\/index.php?rest_route=\/wp\/v2\/users\/1"}],"replies":[{"embeddable":true,"href":"https:\/\/bashkiakucove.gov.al\/index.php?rest_route=%2Fwp%2Fv2%2Fcomments&post=682"}],"version-history":[{"count":1,"href":"https:\/\/bashkiakucove.gov.al\/index.php?rest_route=\/wp\/v2\/pages\/682\/revisions"}],"predecessor-version":[{"id":1293,"href":"https:\/\/bashkiakucove.gov.al\/index.php?rest_route=\/wp\/v2\/pages\/682\/revisions\/1293"}],"up":[{"embeddable":true,"href":"https:\/\/bashkiakucove.gov.al\/index.php?rest_route=\/wp\/v2\/pages\/680"}],"wp:attachment":[{"href":"https:\/\/bashkiakucove.gov.al\/index.php?rest_route=%2Fwp%2Fv2%2Fmedia&parent=682"}],"curies":[{"name":"wp","href":"https:\/\/api.w.org\/{rel}","templated":true}]}}