{"id":694,"date":"2021-09-09T13:23:37","date_gmt":"2021-09-09T13:23:37","guid":{"rendered":"https:\/\/bashkia.said.al\/?page_id=694"},"modified":"2022-01-21T15:14:55","modified_gmt":"2022-01-21T14:14:55","slug":"sherbimi-social","status":"publish","type":"page","link":"https:\/\/bashkiakucove.gov.al\/?page_id=694","title":{"rendered":"Sherbimi Social"},"content":{"rendered":"\n<p><strong>Ndihma ekonomike shp\u00ebrndahet nj\u00eb her\u00eb n\u00eb muaj me vendim t\u00eb K\u00ebshillit t\u00eb Nj\u00ebsis\u00eb t\u00eb Qeverisjes Vendore.K\u00ebrkesa p\u00ebr t\u00eb p\u00ebrfituar ndihm\u00eb ekonomike b\u00ebhet me shkrim nga&nbsp; Kryetari i familjes dhe n\u00ebnshkruhet nga t\u00eb gjith\u00eb an\u00ebtar\u00ebt madhor t\u00eb saj.Aplikant\u00ebt paraqesin dokumentacionin tek administratori shoq\u00ebror pran\u00eb nj\u00ebsis\u00eb s\u00eb pushtetit vendor.<\/strong><\/p>\n\n\n\n<p><strong>Dokumentacioni <\/strong><\/p>\n\n\n\n<p><strong>1<\/strong>. Kryetari i familjes, qe k\u00ebrkon ndihm\u00eb ekonomike, duhet t\u00eb paraqes, pran\u00eb administratorit shoq\u00ebror t\u00eb seksioneve t\u00eb ndihm\u00ebs dhe sh\u00ebrbimeve shoq\u00ebrore ne bashki\/komune, ku ka vendbanimin nga data 1-15 t\u00eb cdo muaji, dokumentat e m\u00ebposhtme, s\u00eb bashku me k\u00ebrkesen e n\u00ebnshkruar nga t\u00eb gjith\u00eb an\u00ebtar\u00ebt madhor\u00eb t\u00eb familjes:<\/p>\n\n\n\n<ul class=\"wp-block-list\"><li>Deklarat\u00ebn p\u00ebr gjendjen social-ekonomike t\u00eb familjes, sipas modelit t\u00eb p\u00ebrcaktuar, e cila plot\u00ebsohet, nga kryefamilari, nj\u00eb her\u00eb n\u00eb vit, si dhe n\u00eb rastet kur familja p\u00ebrfituese rikthehet ne skem\u00ebn e ndihm\u00ebs ekonomike.<\/li><li>Deklarat\u00ebn tip mujore qe plot\u00ebsohet detyrimisht cdo muaj dhe firmoset nga t\u00eb gjithe personat madhor\u00eb t\u00eb familjes q\u00eb aplikon p\u00ebr ndihm\u00eb ekonomike.<\/li><li>\u00c7ertifikat\u00ebn e gjendjes familjare, ku sh\u00ebnohet data e regjistrimit n\u00eb regjistrin themeltar, vendbanimi i m\u00ebparsh\u00ebm dhe ndryshime t\u00eb tjera t\u00eb familjes.<\/li><li>\u00c7ertifikat\u00ebn e pron\u00ebsis\u00eb,t\u00eb l\u00ebshuar nga Zyra e Regjistrimit t\u00eb Pasurive t\u00eb Paluajtshme.<\/li><li>Aktin e marrjes n\u00eb pron\u00ebsi ose n\u00eb p\u00ebrdorim t\u00eb tok\u00ebs (tapin\u00eb e tok\u00ebs) p\u00ebr zonat, ku regjistrimi i pron\u00ebsis\u00eb nuk ka p\u00ebrfunduar ende.Pas p\u00ebrfundimit t\u00eb regjistrimit t\u00eb tok\u00ebs dhe p\u00ebr k\u00ebto&nbsp; zona do t\u00eb jet\u00eb e vlefshme certefikata e pron\u00ebsis\u00eb mbi tok\u00ebn sipas pik\u00ebs \u00e7.<\/li><li>V\u00ebrtetimin si pun\u00ebk\u00ebrkues t\u00eb papun\u00eb, p\u00ebr t\u00eb gjith\u00eb an\u00ebtar\u00ebt e familjes, t\u00eb aft\u00eb p\u00ebr pun\u00eb, q\u00eb aplikojn\u00eb p\u00ebr ndihm\u00eb ekonomike.Ky v\u00ebrtetim l\u00ebshohet nga zyra e pun\u00ebs cdo tre muaj.<\/li><\/ul>\n\n\n\n<p><strong>2.<\/strong> Familjet q\u00eb kan\u00eb vendbanimin n\u00eb qytet ,t\u00eb regjistruara n\u00eb zyrat e gjendjes civile pas dat\u00ebs 1 gusht 1991, t\u00eb cilat vendbanimin e m\u00ebparshem e kan\u00eb patur n\u00eb fshat, duhet t\u00eb paraqesin, p\u00ebr t\u00eb k\u00ebrkuar ndihm\u00eb ekonomike p\u00ebrve\u00e7 dokumentave t\u00eb m\u00ebsip\u00ebrme dhe k\u00ebto dokumenta:<\/p>\n\n\n\n<ul class=\"wp-block-list\"><li>V\u00ebrtetimin e n\u00ebnshkruar dhe t\u00eb vulosur nga kryetari i komun\u00ebs a bashkis\u00eb (q\u00eb n\u00eb p\u00ebrb\u00ebrje kan\u00eb fshatrat, banor\u00ebt e t\u00eb cilave jan\u00eb trajtuar me tok\u00eb), nga kryetari i fshatit dhe p\u00ebrgjegj\u00ebsi i zyr\u00ebs s\u00eb kadastr\u00ebs, ku t\u00eb thuhet se k\u00ebto familje nuk disponojn\u00eb tok\u00eb n\u00eb pron\u00ebsi, sipas vendimit t\u00eb komisionit t\u00eb ndarjes s\u00eb tok\u00ebs,meqen\u00ebse jan\u00eb larguar nga vendbanimi, para dat\u00ebs 1 gusht 1991, p\u00ebr arsye pune.<\/li><li>Kopjet e librez\u00ebs s\u00eb pun\u00ebs, t\u00eb noterizuara, q\u00eb v\u00ebrtetojn\u00eb s\u00eb pjes\u00ebtar\u00eb t\u00eb tyre kan\u00eb qen\u00eb t\u00eb pun\u00ebsuar nga casti i largimit nga vendbanimi n\u00eb fshat.<\/li><li>\u00c7ertifikat\u00ebn e pron\u00ebsis\u00eb s\u00eb tok\u00ebs, kur kan\u00eb p\u00ebrfituar tok\u00eb.<\/li><\/ul>\n\n\n\n<p><strong>3<\/strong>. Kur k\u00ebto familje e ndryshojn\u00eb vendbanimin, ato duhet t\u00eb paraqesin, brenda 30 dit\u00ebve, n\u00eb vendbanimin e ri, nj\u00eb dokument, ku v\u00ebrtetohet se kan\u00eb p\u00ebrfituar ndihm\u00eb ekonomike n\u00eb vendbanimin e m\u00ebparsh\u00ebm.<\/p>\n\n\n\n<p><strong>4.<\/strong> Jetim\u00ebt q\u00eb jan\u00eb t\u00eb papun\u00eb, p\u00ebrvec dokumenteve t\u00eb p\u00ebrcaktuara m\u00eb sip\u00ebr duhet t\u00eb paraqesin edhe kopjen e noterizuar p\u00ebr statusin e jetimit.<\/p>\n\n\n\n<p><strong>5<\/strong>. Familjet e invalid\u00ebve t\u00eb pun\u00ebs, p\u00ebrve\u00e7 dokumentave t\u00eb p\u00ebrcaktuara m\u00eb sip\u00ebr duhet t\u00eb paraqesin edhe kopjen e noterizuar t\u00eb v\u00ebrtetimit KMCAP-it.<\/p>\n\n\n\n<p><strong>6<\/strong>. P\u00ebrjashtohen nga p\u00ebrfitimi i ndihm\u00ebs ekonomike familjet, q\u00eb kan\u00eb n\u00eb p\u00ebrb\u00ebrje edhe nj\u00eb antar t\u00eb vet\u00ebm, q\u00eb plot\u00ebson kushtet e m\u00ebposhtme, i cili:<\/p>\n\n\n\n<ul class=\"wp-block-list\"><li>\u00ebsht\u00eb pronar i \u00e7do kapitali, me p\u00ebrjashtim t\u00eb sht\u00ebpis\u00eb s\u00eb banimit dhe t\u00eb tok\u00ebs bujq\u00ebsore.<\/li><li>\u00ebsht\u00eb ekonomikisht aktiv (pun\u00ebdh\u00ebn\u00ebs, i pun\u00ebsuar ose i vetpun\u00ebsuar).<\/li><li>\u00ebsht\u00eb jasht\u00eb shtetit p\u00ebr \u00e7do arsye me p\u00ebrjashtim t\u00eb personave q\u00eb kryejn\u00eb studime ose jan\u00eb me kurim.<\/li><li>nuk \u00ebsht\u00eb i regjistruar si pun\u00ebk\u00ebrkues i papun\u00eb.<\/li><li>refuzon pun\u00ebn e ofruar nga zyra e pun\u00ebsimit.<\/li><li>ka refuzuar t\u00eb marr\u00eb tok\u00ebn&nbsp; e dh\u00ebn\u00eb sipas ligjit nr.7501.<\/li><li>nuk t\u00ebrheq ndihm\u00ebn ekonomike brenda afatit.<\/li><li>nd\u00ebrmerr veprime t\u00eb q\u00ebllimshme p\u00ebr t\u00eb p\u00ebrfituar ndihm\u00eb ekonomike<\/li><\/ul>\n\n\n\n<p>I<strong>nvalidet e Pun\u00ebs<\/strong><\/p>\n\n\n\n<ul class=\"wp-block-list\"><li>Invalid\u00ebt e pun\u00ebs, t\u00eb cil\u00ebt kan\u00eb qen\u00eb t\u00eb pun\u00ebsuar n\u00eb nd\u00ebrmarrjet, n\u00eb institucionet shtet\u00ebrore, ish-kooperativat bujq\u00ebsore, repartet ushtarake, si dhe ushtar\u00ebt e sh\u00ebrbimit t\u00eb detyruesh\u00ebm, q\u00eb vuajn\u00eb nga s\u00ebmundje profesionale a jan\u00eb aksidentuar n\u00eb pun\u00eb apo kan\u00eb s\u00ebmundje t\u00eb ndryshme, e q\u00eb marrin pension invaliditeti, n\u00eb mb\u00ebshtetje t\u00eb ligjit nr.7703, dat\u00eb 11.5.1993 \u201cP\u00ebr sigurimet shoq\u00ebrore n\u00eb Republik\u00ebn e Shqip\u00ebris\u00eb\u201d, t\u00eb ndryshuar, ose t\u00eb ligjit nr.4976, dat\u00eb 29.6.1972 \u201cP\u00ebr pensionin e ish-an\u00ebtar\u00ebve t\u00eb kooperativave bujq\u00ebsore\u201d, t\u00eb ndryshuar, p\u00ebrfitojn\u00eb nj\u00eb shtes\u00eb mujore mbi pensionin e invaliditetit, si p\u00ebrfitim paaft\u00ebsie, nga fondi i pages\u00ebs s\u00eb personave me aft\u00ebsi t\u00eb kufizuar<\/li><li>Invalid\u00ebt, t\u00eb cil\u00ebt p\u00ebrfitojn\u00eb sipas shkronjave \u201ca\u201d, \u201cb\u201d e \u201cc\u201d t\u00eb pik\u00ebs 2 t\u00eb vendimit nr.381, dat\u00eb 20.5.1996, t\u00eb K\u00ebshillit t\u00eb Ministrave \u201cP\u00ebr zbatimin e ligjit nr.7889, dat\u00eb 14.12.1994 \u201cP\u00ebr statusin e invalidit\u201d, t\u00eb ndryshuar, p\u00ebrfitojn\u00eb nj\u00eb shtes\u00eb mujore t\u00eb barabart\u00eb me diferenc\u00ebn nd\u00ebrmjet mas\u00ebs s\u00eb p\u00ebrcaktuar n\u00eb pik\u00ebn 1 t\u00eb k\u00ebtij vendimi si p\u00ebrfitim paaft\u00ebsie dhe t\u00eb p\u00ebrfitimit t\u00eb p\u00ebrcaktuar n\u00eb vendimin nr.381, dat\u00eb 20.5.1996 t\u00eb K\u00ebshillit t\u00eb Ministrave.<\/li><li>Kjo shtes\u00eb u jepet invalid\u00ebve t\u00eb pun\u00ebs pavar\u00ebsisht nga t\u00eb ardhurat e tjera q\u00eb p\u00ebrfitojn\u00eb nga programet e mbrojtjes sociale dhe nuk llogaritet n\u00eb t\u00eb ardhurat e familjes. Ajo p\u00ebrfitohet edhe pas mbushjes s\u00eb mosh\u00ebs p\u00ebr pension pleq\u00ebrie.<\/li><li>Organet e sigurimeve shoq\u00ebrore d\u00ebrgojn\u00eb zyrtarisht kopje t\u00eb v\u00ebrtetimeve t\u00eb KMCAP-it p\u00ebr paaft\u00ebsin\u00eb n\u00eb pun\u00eb, list\u00ebn e p\u00ebrfituesve dhe mas\u00ebn e p\u00ebrfitimit, sipas vendimit nr.381, dat\u00eb 20.5.1996 t\u00eb K\u00ebshillit t\u00eb Ministrave, pran\u00eb zyrave rajonale t\u00eb Sh\u00ebrbimit Social Shtet\u00ebror. K\u00ebto zyra p\u00ebrgatisin list\u00ebn e p\u00ebrfituesve dhe urdh\u00ebrpages\u00ebn, t\u00eb cilat i d\u00ebrgojn\u00eb n\u00eb zyrat e nj\u00ebsive t\u00eb pushtetit vendor ku invalid\u00ebt kan\u00eb vendbanimin.<\/li><li>Instituti i Sigurimeve Shoq\u00ebrore p\u00ebrgatit v\u00ebrtetimin tip t\u00eb KMCAP-it p\u00ebr paaft\u00ebsin\u00eb n\u00eb pun\u00eb, t\u00eb parashikuar n\u00eb pik\u00ebn 4 t\u00eb k\u00ebtij vendimi.<\/li><li>Pagesa t\u00ebrhiqet nga invalidi \u00e7do muaj pran\u00eb zyrave t\u00eb nj\u00ebsive t\u00eb pushtetit vendor, duke paraqitur dokumentin e identifikimit.<\/li><li>Personat qe kerkojne te komisionohen per vleresimin e aftesise se kufizuar, duhet te paraqesin ne seksionet e ndihmes dhe te perkujdesjes shoqerore te bashkise\/komunes, dokumentacionin e meposhtem:a)&nbsp;&nbsp; &nbsp;Certifikaten e gjendjes familjare;b)&nbsp;&nbsp; &nbsp;Certifikaten personale me fotografi;c)&nbsp;&nbsp; &nbsp;Vendimin e meparshem te KMCAP-it, i cili verteton shkallen e aftesise se kufizuar te personit;\u00e7)&nbsp;&nbsp; &nbsp;Fletedrejtimin per ne KMCAP, kur personi komisionohet per here te pare,d)&nbsp;&nbsp; &nbsp;Epikrizen percjellese, sa here rikomisionohet.<\/li><li>Kur personi me aftesi te kufizuara, i cili me vendim te komisionit mjekesor, percaktohet se ka nevoje per perkujdesje, perve\u00e7 dokumentacionit te percaktuar ne piken 19, duhet te paraqese edhe keto dokumente shtese:a)&nbsp;&nbsp; &nbsp;Certifikaten personale, me fotografi, te personit kujdestar;b)&nbsp;&nbsp; &nbsp;Deklaraten\/vendimin gjyqesor, per kujdestarin e zgjedhur nga personi me aftesi te kufizuara;c)&nbsp;&nbsp; &nbsp;Raportin mjekoligjor, qe verteton se kujdestari eshte i afte, fizikisht dhe menderisht.<\/li><li>Personat me aftesi te kufizuara, te cilet ndjekin shkollen e mesme apo shkollen e larte, me apo pa shkeputje nga puna, perve\u00e7; dokumentacionit te percaktuar ne piken 19, duhet te paraqesin edhe dokumentet e meposhtme:a)&nbsp;&nbsp; &nbsp;Vertetimin e nenshkruar nga titullari dhe sekretari i shkolles, ku te shenohen:i.&nbsp;&nbsp; &nbsp;Emri i personit, qe ndjek shkollen;ii.&nbsp;&nbsp; &nbsp;Lloji i arsimit qe ndjek, ku percaktohet, nese eshte cikel shkollor normal ose i perseritur;iii.&nbsp;&nbsp; &nbsp;Vitin shkollor.b)&nbsp;&nbsp; &nbsp;Vertetimin e nenshkruar nga titullari dhe sekretari i shkolles per frekuentimin e shkolles nga personi perfitues (\u00e7do tre muaj);c)&nbsp;&nbsp; &nbsp;Kopjen e noterizuar te defteses shkollore te \u00e7do viti dhe kopjen e noterizuar te diplomes ne mbarim te shkolles se mesme apo te larte, si dhe kopje te deshmive te kurseve te kualifikimit;<\/li><\/ul>\n\n\n\n<p>&nbsp;&nbsp; &nbsp;Vertetimin se ka shlyer detyrimet per \u00e7do sezon, per shkollen e larte, pa shkeputje nga puna.<\/p>\n\n\n\n<p><strong>Personat me Aft\u00ebsi t\u00eb Kufizuar<\/strong><\/p>\n\n\n\n<ul class=\"wp-block-list\"><li>Personat, t\u00eb cil\u00ebve u \u00ebsht\u00eb kufizuar aft\u00ebsia, si pasoj\u00eb e d\u00ebmtimeve fizike, shqisore, t\u00eb intelektit, psikike\/mendore, t\u00eb lindura apo t\u00eb fituara gjat\u00eb jet\u00ebs nga aksidente, s\u00ebmundje, t\u00eb perkohshme apo t\u00eb p\u00ebrhershme, q\u00eb nuk vijn\u00eb nga shkaqe, q\u00eb lidhen me pun\u00ebsimin, e v\u00ebrtetuar kjo nga Komisioni Mjek\u00ebsor i Caktimit t\u00eb Aft\u00ebsis\u00eb p\u00ebr Pun\u00eb (KMCAP), p\u00ebrfitojn\u00eb pages\u00eb p\u00ebr shkak t\u00eb aft\u00ebsis\u00eb s\u00eb kufizuar.<\/li><li>Personat paraplegjik\u00eb e tetraplegjik\u00eb, t\u00eb cil\u00ebt deklarohen, me vendim t\u00eb Komisionit Mjek\u00ebsor t\u00eb P\u00ebrcaktimit t\u00eb Aft\u00ebsis\u00eb p\u00ebr Pun\u00eb (KMCAP), se jan\u00eb t\u00eb till\u00eb, pavar\u00ebsisht nga shkaku dhe mosha, p\u00ebrfitojn\u00eb pages\u00eb p\u00ebr shkak t\u00eb aft\u00ebsis\u00eb s\u00eb kufizuar.<\/li><li>Personat me aft\u00ebsi t\u00eb kufizuara, t\u00eb p\u00ebrcaktuar n\u00eb pikat 1 e 2, t\u00eb k\u00ebtij vendimi, t\u00eb cil\u00ebt, me vendim t\u00eb komisioneve mjek\u00ebsore t\u00eb caktimit t\u00eb aft\u00ebsis\u00eb p\u00ebr pun\u00eb, p\u00ebrcaktohen se kan\u00eb nevoj\u00eb p\u00ebr p\u00ebrkujdesje, p\u00ebrfitojn\u00eb edhe nj\u00eb kujdestar me pages\u00eb.<\/li><li>Vler\u00ebsimi i gjendjes mjek\u00ebsore t\u00eb personave me aft\u00ebsi t\u00eb kufizuara, t\u00eb p\u00ebrcaktuar n\u00eb pikat 1 dhe 2, t\u00eb k\u00ebtij vendimi, b\u00ebhet nga KMCAP-i, i cili \u00ebsht\u00eb i ngritur dhe funksionon pran\u00eb Institutit t\u00eb Sigurimeve Shoq\u00ebrore, ku merr pjes\u00eb, si an\u00ebtar me te drejt\u00eb vote, edhe mjeku, punonj\u00ebs i Sh\u00ebrbimit Social Shtet\u00ebror.<\/li><li>Invalid\u00ebd paraplegjik\u00eb dhe tetraplegjik\u00eb pajisen me d\u00ebshmi zyrtare identifikimi. Kriteret e dh\u00ebnies s\u00eb d\u00ebshmis\u00eb dhe forma e saj p\u00ebrcaktohen ne rregulloren e Institutit te Sigurimeve Shoq\u00ebrore dhe t\u00eb Sh\u00ebrbimit Social Shtet\u00ebror.<\/li><li>Kriteret mjekesore p\u00ebr vler\u00ebsimin e aft\u00ebsis\u00eb s\u00eb kufizuar p\u00ebrcaktohen n\u00eb rregulloren e miratuar nga ministri i Sh\u00ebndet\u00ebsis\u00eb dhe Ministri i Mir\u00ebq\u00ebni\u00ebs Social\u00eb dh\u00eb Rinis\u00eb.<\/li><\/ul>\n\n\n<a href=\"https:\/\/bashkiakucove.gov.al\/wp-content\/uploads\/2022\/01\/Ligj-nr.9355-dt-10.03.2005.pdf\" class=\"pdfemb-viewer\" style=\"\" data-width=\"max\" data-height=\"max\" data-toolbar=\"top\" data-toolbar-fixed=\"on\">Ligj-nr.9355-dt-10.03.2005<\/a>\n<p class=\"wp-block-pdfemb-pdf-embedder-viewer\"><\/p>\n","protected":false},"excerpt":{"rendered":"<p>Ndihma ekonomike shp\u00ebrndahet nj\u00eb her\u00eb n\u00eb muaj me vendim t\u00eb K\u00ebshillit t\u00eb Nj\u00ebsis\u00eb t\u00eb Qeverisjes Vendore.K\u00ebrkesa p\u00ebr t\u00eb p\u00ebrfituar ndihm\u00eb ekonomike b\u00ebhet me shkrim nga&nbsp; Kryetari i familjes dhe n\u00ebnshkruhet nga t\u00eb gjith\u00eb an\u00ebtar\u00ebt madhor t\u00eb saj.Aplikant\u00ebt paraqesin dokumentacionin tek administratori shoq\u00ebror pran\u00eb nj\u00ebsis\u00eb s\u00eb pushtetit vendor. Dokumentacioni 1. Kryetari i familjes, qe k\u00ebrkon ndihm\u00eb [&hellip;]<\/p>\n","protected":false},"author":1,"featured_media":0,"parent":666,"menu_order":0,"comment_status":"closed","ping_status":"closed","template":"","meta":{"footnotes":""},"class_list":["post-694","page","type-page","status-publish","hentry"],"yoast_head":"<!-- This site is optimized with the Yoast SEO plugin v27.3 - https:\/\/yoast.com\/product\/yoast-seo-wordpress\/ -->\n<title>Sherbimi Social - Bashkia Kucove<\/title>\n<meta name=\"robots\" content=\"index, follow, max-snippet:-1, max-image-preview:large, max-video-preview:-1\" \/>\n<link rel=\"canonical\" href=\"https:\/\/bashkiakucove.gov.al\/?page_id=694\" \/>\n<meta property=\"og:locale\" content=\"en_US\" \/>\n<meta property=\"og:type\" content=\"article\" \/>\n<meta property=\"og:title\" content=\"Sherbimi Social - Bashkia Kucove\" \/>\n<meta property=\"og:description\" content=\"Ndihma ekonomike shp\u00ebrndahet nj\u00eb her\u00eb n\u00eb muaj me vendim t\u00eb K\u00ebshillit t\u00eb Nj\u00ebsis\u00eb t\u00eb Qeverisjes Vendore.K\u00ebrkesa p\u00ebr t\u00eb p\u00ebrfituar ndihm\u00eb ekonomike b\u00ebhet me shkrim nga&nbsp; Kryetari i familjes dhe n\u00ebnshkruhet nga t\u00eb gjith\u00eb an\u00ebtar\u00ebt madhor t\u00eb saj.Aplikant\u00ebt paraqesin dokumentacionin tek administratori shoq\u00ebror pran\u00eb nj\u00ebsis\u00eb s\u00eb pushtetit vendor. Dokumentacioni 1. Kryetari i familjes, qe k\u00ebrkon ndihm\u00eb [&hellip;]\" \/>\n<meta property=\"og:url\" content=\"https:\/\/bashkiakucove.gov.al\/?page_id=694\" \/>\n<meta property=\"og:site_name\" content=\"Bashkia Kucove\" \/>\n<meta property=\"article:modified_time\" content=\"2022-01-21T14:14:55+00:00\" \/>\n<meta name=\"twitter:card\" content=\"summary_large_image\" \/>\n<meta name=\"twitter:label1\" content=\"Est. reading time\" \/>\n\t<meta name=\"twitter:data1\" content=\"7 minutes\" \/>\n<script type=\"application\/ld+json\" class=\"yoast-schema-graph\">{\"@context\":\"https:\\\/\\\/schema.org\",\"@graph\":[{\"@type\":\"WebPage\",\"@id\":\"https:\\\/\\\/bashkiakucove.gov.al\\\/?page_id=694\",\"url\":\"https:\\\/\\\/bashkiakucove.gov.al\\\/?page_id=694\",\"name\":\"Sherbimi Social - Bashkia Kucove\",\"isPartOf\":{\"@id\":\"https:\\\/\\\/bashkiakucove.gov.al\\\/#website\"},\"datePublished\":\"2021-09-09T13:23:37+00:00\",\"dateModified\":\"2022-01-21T14:14:55+00:00\",\"breadcrumb\":{\"@id\":\"https:\\\/\\\/bashkiakucove.gov.al\\\/?page_id=694#breadcrumb\"},\"inLanguage\":\"en-US\",\"potentialAction\":[{\"@type\":\"ReadAction\",\"target\":[\"https:\\\/\\\/bashkiakucove.gov.al\\\/?page_id=694\"]}]},{\"@type\":\"BreadcrumbList\",\"@id\":\"https:\\\/\\\/bashkiakucove.gov.al\\\/?page_id=694#breadcrumb\",\"itemListElement\":[{\"@type\":\"ListItem\",\"position\":1,\"name\":\"Home\",\"item\":\"https:\\\/\\\/bashkiakucove.gov.al\\\/\"},{\"@type\":\"ListItem\",\"position\":2,\"name\":\"Sherbimet\",\"item\":\"https:\\\/\\\/bashkiakucove.gov.al\\\/?page_id=666\"},{\"@type\":\"ListItem\",\"position\":3,\"name\":\"Sherbimi Social\"}]},{\"@type\":\"WebSite\",\"@id\":\"https:\\\/\\\/bashkiakucove.gov.al\\\/#website\",\"url\":\"https:\\\/\\\/bashkiakucove.gov.al\\\/\",\"name\":\"Bashkia Kucove\",\"description\":\"Bashkia Kucove\",\"potentialAction\":[{\"@type\":\"SearchAction\",\"target\":{\"@type\":\"EntryPoint\",\"urlTemplate\":\"https:\\\/\\\/bashkiakucove.gov.al\\\/?s={search_term_string}\"},\"query-input\":{\"@type\":\"PropertyValueSpecification\",\"valueRequired\":true,\"valueName\":\"search_term_string\"}}],\"inLanguage\":\"en-US\"}]}<\/script>\n<!-- \/ Yoast SEO plugin. -->","yoast_head_json":{"title":"Sherbimi Social - Bashkia Kucove","robots":{"index":"index","follow":"follow","max-snippet":"max-snippet:-1","max-image-preview":"max-image-preview:large","max-video-preview":"max-video-preview:-1"},"canonical":"https:\/\/bashkiakucove.gov.al\/?page_id=694","og_locale":"en_US","og_type":"article","og_title":"Sherbimi Social - Bashkia Kucove","og_description":"Ndihma ekonomike shp\u00ebrndahet nj\u00eb her\u00eb n\u00eb muaj me vendim t\u00eb K\u00ebshillit t\u00eb Nj\u00ebsis\u00eb t\u00eb Qeverisjes Vendore.K\u00ebrkesa p\u00ebr t\u00eb p\u00ebrfituar ndihm\u00eb ekonomike b\u00ebhet me shkrim nga&nbsp; Kryetari i familjes dhe n\u00ebnshkruhet nga t\u00eb gjith\u00eb an\u00ebtar\u00ebt madhor t\u00eb saj.Aplikant\u00ebt paraqesin dokumentacionin tek administratori shoq\u00ebror pran\u00eb nj\u00ebsis\u00eb s\u00eb pushtetit vendor. Dokumentacioni 1. Kryetari i familjes, qe k\u00ebrkon ndihm\u00eb [&hellip;]","og_url":"https:\/\/bashkiakucove.gov.al\/?page_id=694","og_site_name":"Bashkia Kucove","article_modified_time":"2022-01-21T14:14:55+00:00","twitter_card":"summary_large_image","twitter_misc":{"Est. reading time":"7 minutes"},"schema":{"@context":"https:\/\/schema.org","@graph":[{"@type":"WebPage","@id":"https:\/\/bashkiakucove.gov.al\/?page_id=694","url":"https:\/\/bashkiakucove.gov.al\/?page_id=694","name":"Sherbimi Social - Bashkia Kucove","isPartOf":{"@id":"https:\/\/bashkiakucove.gov.al\/#website"},"datePublished":"2021-09-09T13:23:37+00:00","dateModified":"2022-01-21T14:14:55+00:00","breadcrumb":{"@id":"https:\/\/bashkiakucove.gov.al\/?page_id=694#breadcrumb"},"inLanguage":"en-US","potentialAction":[{"@type":"ReadAction","target":["https:\/\/bashkiakucove.gov.al\/?page_id=694"]}]},{"@type":"BreadcrumbList","@id":"https:\/\/bashkiakucove.gov.al\/?page_id=694#breadcrumb","itemListElement":[{"@type":"ListItem","position":1,"name":"Home","item":"https:\/\/bashkiakucove.gov.al\/"},{"@type":"ListItem","position":2,"name":"Sherbimet","item":"https:\/\/bashkiakucove.gov.al\/?page_id=666"},{"@type":"ListItem","position":3,"name":"Sherbimi Social"}]},{"@type":"WebSite","@id":"https:\/\/bashkiakucove.gov.al\/#website","url":"https:\/\/bashkiakucove.gov.al\/","name":"Bashkia Kucove","description":"Bashkia Kucove","potentialAction":[{"@type":"SearchAction","target":{"@type":"EntryPoint","urlTemplate":"https:\/\/bashkiakucove.gov.al\/?s={search_term_string}"},"query-input":{"@type":"PropertyValueSpecification","valueRequired":true,"valueName":"search_term_string"}}],"inLanguage":"en-US"}]}},"_links":{"self":[{"href":"https:\/\/bashkiakucove.gov.al\/index.php?rest_route=\/wp\/v2\/pages\/694","targetHints":{"allow":["GET"]}}],"collection":[{"href":"https:\/\/bashkiakucove.gov.al\/index.php?rest_route=\/wp\/v2\/pages"}],"about":[{"href":"https:\/\/bashkiakucove.gov.al\/index.php?rest_route=\/wp\/v2\/types\/page"}],"author":[{"embeddable":true,"href":"https:\/\/bashkiakucove.gov.al\/index.php?rest_route=\/wp\/v2\/users\/1"}],"replies":[{"embeddable":true,"href":"https:\/\/bashkiakucove.gov.al\/index.php?rest_route=%2Fwp%2Fv2%2Fcomments&post=694"}],"version-history":[{"count":2,"href":"https:\/\/bashkiakucove.gov.al\/index.php?rest_route=\/wp\/v2\/pages\/694\/revisions"}],"predecessor-version":[{"id":2069,"href":"https:\/\/bashkiakucove.gov.al\/index.php?rest_route=\/wp\/v2\/pages\/694\/revisions\/2069"}],"up":[{"embeddable":true,"href":"https:\/\/bashkiakucove.gov.al\/index.php?rest_route=\/wp\/v2\/pages\/666"}],"wp:attachment":[{"href":"https:\/\/bashkiakucove.gov.al\/index.php?rest_route=%2Fwp%2Fv2%2Fmedia&parent=694"}],"curies":[{"name":"wp","href":"https:\/\/api.w.org\/{rel}","templated":true}]}}