{"id":732,"date":"2021-09-09T13:33:20","date_gmt":"2021-09-09T13:33:20","guid":{"rendered":"https:\/\/bashkia.said.al\/?page_id=732"},"modified":"2026-04-21T11:47:46","modified_gmt":"2026-04-21T09:47:46","slug":"forumi-i-keshillit","status":"publish","type":"page","link":"https:\/\/bashkiakucove.gov.al\/?page_id=732","title":{"rendered":"Forumi i Keshillit"},"content":{"rendered":"\n<!DOCTYPE html>\n<html lang=\"sq\">\n<head>\n  <meta charset=\"UTF-8\">\n  <title>Forumi i K\u00ebshillit Bashkiak<\/title>\n  <style>\n    body { font-family: Arial, sans-serif; background:#f4f6f9; padding:20px; }\n    .card {\n      max-width: 700px;\n      margin: auto;\n      background: #fff;\n      border-radius: 12px;\n      padding: 25px;\n      box-shadow: 0 6px 18px rgba(0,0,0,0.08);\n      border-top: 4px solid #1e5aa8;\n    }\n    h2 { color:#1e5aa8; }\n    p { line-height:1.6; color:#444; }\n    a {\n      display:inline-block;\n      margin-top:15px;\n      padding:10px 14px;\n      background:#1e5aa8;\n      color:#fff;\n      text-decoration:none;\n      border-radius:8px;\n    }\n  <\/style>\n<\/head>\n<body>\n\n<div class=\"card\">\n  <h2>Forumi i K\u00ebshillit Bashkiak Ku\u00e7ov\u00eb<\/h2>\n  <p>\n    Ky forum sh\u00ebrben si mekaniz\u00ebm konsultimi p\u00ebr K\u00ebshillin Bashkiak Ku\u00e7ov\u00eb, duke ndihmuar n\u00eb shqyrtimin e vendimeve dhe koordinimin e q\u00ebndrimeve p\u00ebr \u00e7\u00ebshtjet e qytetit.\n  <\/p>\n  <a href=\"https:\/\/bashkiakucove.gov.al\/?cat=160\" target=\"_blank\">Lexo m\u00eb shum\u00eb<\/a>\n<\/div>\n\n<\/body>\n<\/html>\n","protected":false},"excerpt":{"rendered":"<p>Forumi i K\u00ebshillit Bashkiak Forumi i K\u00ebshillit Bashkiak Ku\u00e7ov\u00eb Ky forum sh\u00ebrben si mekaniz\u00ebm konsultimi p\u00ebr K\u00ebshillin Bashkiak Ku\u00e7ov\u00eb, duke ndihmuar n\u00eb shqyrtimin e vendimeve dhe koordinimin e q\u00ebndrimeve p\u00ebr \u00e7\u00ebshtjet e qytetit. Lexo m\u00eb shum\u00eb<\/p>\n","protected":false},"author":1,"featured_media":0,"parent":726,"menu_order":0,"comment_status":"closed","ping_status":"closed","template":"","meta":{"_acf_changed":false,"footnotes":""},"class_list":["post-732","page","type-page","status-publish","hentry"],"acf":[],"yoast_head":"<!-- This site is optimized with the Yoast SEO plugin v27.3 - https:\/\/yoast.com\/product\/yoast-seo-wordpress\/ -->\n<title>Forumi i Keshillit - Bashkia Kucove<\/title>\n<meta name=\"robots\" content=\"index, follow, max-snippet:-1, max-image-preview:large, max-video-preview:-1\" \/>\n<link rel=\"canonical\" href=\"https:\/\/bashkiakucove.gov.al\/?page_id=732\" \/>\n<meta property=\"og:locale\" content=\"en_US\" \/>\n<meta property=\"og:type\" content=\"article\" \/>\n<meta property=\"og:title\" content=\"Forumi i Keshillit - Bashkia Kucove\" \/>\n<meta property=\"og:description\" content=\"Forumi i K\u00ebshillit Bashkiak Forumi i K\u00ebshillit Bashkiak Ku\u00e7ov\u00eb Ky forum sh\u00ebrben si mekaniz\u00ebm konsultimi p\u00ebr K\u00ebshillin Bashkiak Ku\u00e7ov\u00eb, duke ndihmuar n\u00eb shqyrtimin e vendimeve dhe koordinimin e q\u00ebndrimeve p\u00ebr \u00e7\u00ebshtjet e qytetit. Lexo m\u00eb shum\u00eb\" \/>\n<meta property=\"og:url\" content=\"https:\/\/bashkiakucove.gov.al\/?page_id=732\" \/>\n<meta property=\"og:site_name\" content=\"Bashkia Kucove\" \/>\n<meta property=\"article:modified_time\" content=\"2026-04-21T09:47:46+00:00\" \/>\n<meta name=\"twitter:card\" content=\"summary_large_image\" \/>\n<script type=\"application\/ld+json\" class=\"yoast-schema-graph\">{\"@context\":\"https:\\\/\\\/schema.org\",\"@graph\":[{\"@type\":\"WebPage\",\"@id\":\"https:\\\/\\\/bashkiakucove.gov.al\\\/?page_id=732\",\"url\":\"https:\\\/\\\/bashkiakucove.gov.al\\\/?page_id=732\",\"name\":\"Forumi i Keshillit - Bashkia Kucove\",\"isPartOf\":{\"@id\":\"https:\\\/\\\/bashkiakucove.gov.al\\\/#website\"},\"datePublished\":\"2021-09-09T13:33:20+00:00\",\"dateModified\":\"2026-04-21T09:47:46+00:00\",\"breadcrumb\":{\"@id\":\"https:\\\/\\\/bashkiakucove.gov.al\\\/?page_id=732#breadcrumb\"},\"inLanguage\":\"en-US\",\"potentialAction\":[{\"@type\":\"ReadAction\",\"target\":[\"https:\\\/\\\/bashkiakucove.gov.al\\\/?page_id=732\"]}]},{\"@type\":\"BreadcrumbList\",\"@id\":\"https:\\\/\\\/bashkiakucove.gov.al\\\/?page_id=732#breadcrumb\",\"itemListElement\":[{\"@type\":\"ListItem\",\"position\":1,\"name\":\"Home\",\"item\":\"https:\\\/\\\/bashkiakucove.gov.al\\\/\"},{\"@type\":\"ListItem\",\"position\":2,\"name\":\"Komunitet\",\"item\":\"https:\\\/\\\/bashkiakucove.gov.al\\\/?page_id=726\"},{\"@type\":\"ListItem\",\"position\":3,\"name\":\"Forumi i Keshillit\"}]},{\"@type\":\"WebSite\",\"@id\":\"https:\\\/\\\/bashkiakucove.gov.al\\\/#website\",\"url\":\"https:\\\/\\\/bashkiakucove.gov.al\\\/\",\"name\":\"Bashkia Kucove\",\"description\":\"Bashkia Kucove\",\"potentialAction\":[{\"@type\":\"SearchAction\",\"target\":{\"@type\":\"EntryPoint\",\"urlTemplate\":\"https:\\\/\\\/bashkiakucove.gov.al\\\/?s={search_term_string}\"},\"query-input\":{\"@type\":\"PropertyValueSpecification\",\"valueRequired\":true,\"valueName\":\"search_term_string\"}}],\"inLanguage\":\"en-US\"}]}<\/script>\n<!-- \/ Yoast SEO plugin. -->","yoast_head_json":{"title":"Forumi i Keshillit - Bashkia Kucove","robots":{"index":"index","follow":"follow","max-snippet":"max-snippet:-1","max-image-preview":"max-image-preview:large","max-video-preview":"max-video-preview:-1"},"canonical":"https:\/\/bashkiakucove.gov.al\/?page_id=732","og_locale":"en_US","og_type":"article","og_title":"Forumi i Keshillit - Bashkia Kucove","og_description":"Forumi i K\u00ebshillit Bashkiak Forumi i K\u00ebshillit Bashkiak Ku\u00e7ov\u00eb Ky forum sh\u00ebrben si mekaniz\u00ebm konsultimi p\u00ebr K\u00ebshillin Bashkiak Ku\u00e7ov\u00eb, duke ndihmuar n\u00eb shqyrtimin e vendimeve dhe koordinimin e q\u00ebndrimeve p\u00ebr \u00e7\u00ebshtjet e qytetit. Lexo m\u00eb shum\u00eb","og_url":"https:\/\/bashkiakucove.gov.al\/?page_id=732","og_site_name":"Bashkia Kucove","article_modified_time":"2026-04-21T09:47:46+00:00","twitter_card":"summary_large_image","schema":{"@context":"https:\/\/schema.org","@graph":[{"@type":"WebPage","@id":"https:\/\/bashkiakucove.gov.al\/?page_id=732","url":"https:\/\/bashkiakucove.gov.al\/?page_id=732","name":"Forumi i Keshillit - Bashkia Kucove","isPartOf":{"@id":"https:\/\/bashkiakucove.gov.al\/#website"},"datePublished":"2021-09-09T13:33:20+00:00","dateModified":"2026-04-21T09:47:46+00:00","breadcrumb":{"@id":"https:\/\/bashkiakucove.gov.al\/?page_id=732#breadcrumb"},"inLanguage":"en-US","potentialAction":[{"@type":"ReadAction","target":["https:\/\/bashkiakucove.gov.al\/?page_id=732"]}]},{"@type":"BreadcrumbList","@id":"https:\/\/bashkiakucove.gov.al\/?page_id=732#breadcrumb","itemListElement":[{"@type":"ListItem","position":1,"name":"Home","item":"https:\/\/bashkiakucove.gov.al\/"},{"@type":"ListItem","position":2,"name":"Komunitet","item":"https:\/\/bashkiakucove.gov.al\/?page_id=726"},{"@type":"ListItem","position":3,"name":"Forumi i Keshillit"}]},{"@type":"WebSite","@id":"https:\/\/bashkiakucove.gov.al\/#website","url":"https:\/\/bashkiakucove.gov.al\/","name":"Bashkia Kucove","description":"Bashkia Kucove","potentialAction":[{"@type":"SearchAction","target":{"@type":"EntryPoint","urlTemplate":"https:\/\/bashkiakucove.gov.al\/?s={search_term_string}"},"query-input":{"@type":"PropertyValueSpecification","valueRequired":true,"valueName":"search_term_string"}}],"inLanguage":"en-US"}]}},"_links":{"self":[{"href":"https:\/\/bashkiakucove.gov.al\/index.php?rest_route=\/wp\/v2\/pages\/732","targetHints":{"allow":["GET"]}}],"collection":[{"href":"https:\/\/bashkiakucove.gov.al\/index.php?rest_route=\/wp\/v2\/pages"}],"about":[{"href":"https:\/\/bashkiakucove.gov.al\/index.php?rest_route=\/wp\/v2\/types\/page"}],"author":[{"embeddable":true,"href":"https:\/\/bashkiakucove.gov.al\/index.php?rest_route=\/wp\/v2\/users\/1"}],"replies":[{"embeddable":true,"href":"https:\/\/bashkiakucove.gov.al\/index.php?rest_route=%2Fwp%2Fv2%2Fcomments&post=732"}],"version-history":[{"count":1,"href":"https:\/\/bashkiakucove.gov.al\/index.php?rest_route=\/wp\/v2\/pages\/732\/revisions"}],"predecessor-version":[{"id":4347,"href":"https:\/\/bashkiakucove.gov.al\/index.php?rest_route=\/wp\/v2\/pages\/732\/revisions\/4347"}],"up":[{"embeddable":true,"href":"https:\/\/bashkiakucove.gov.al\/index.php?rest_route=\/wp\/v2\/pages\/726"}],"wp:attachment":[{"href":"https:\/\/bashkiakucove.gov.al\/index.php?rest_route=%2Fwp%2Fv2%2Fmedia&parent=732"}],"curies":[{"name":"wp","href":"https:\/\/api.w.org\/{rel}","templated":true}]}}