{"id":819,"date":"2021-09-21T08:07:38","date_gmt":"2021-09-21T08:07:38","guid":{"rendered":"https:\/\/bashkia.said.al\/?page_id=804"},"modified":"2021-10-26T10:02:30","modified_gmt":"2021-10-26T10:02:30","slug":"politikat-e-privatesise","status":"publish","type":"page","link":"https:\/\/bashkiakucove.gov.al\/?page_id=819","title":{"rendered":"Politikat e Privat\u00ebsis\u00eb"},"content":{"rendered":"\n<p><strong>Si i perdorim ne te dhenat tuaja personale!<\/strong><\/p>\n\n\n\n<p>Ne websit-in e Bashkise Kucove, <a href=\"http:\/\/www.bashkiakucove.gov.al\/\">www.bashkiakucove.gov.al<\/a>, ne disa rubrika si kerkese\/ankese, qytetaret, komuniteti, kontakto kryetarin, kerkohet nga perdoruesi qe te plotesohen disa te dhena personale. Bashkia Kucove ne kete kuader mbledh te dhenat tuaja personale. Kjo vlen per te dhenat e qytetareve te cilet paraqesin kerkesat e tyre per marrjen e informacionit dhe sqarime te nevojshme.<\/p>\n\n\n\n<p>Bashkia Kucove garanton sistem te larte sigurie per ruajtjen dhe perpunimin e metejshem te ketyre te dhenave ne perputhje te plote me ligjin nr. 9887, date &#8220;Per Mbrojtjen e te Dhenave Personale&#8221; i ndryshuar. Perdoruesi konfirmon plotesimin e te dhenave personale dhe vertetesin e informacionit te dhene dhe deklaron se ka plotesuar ne menyre korrekte kete kategori informacioni. Te dhenat jepen per faqen e web-it te Bashkise Kucove dhe nuk mund te jene te aksesueshme per faqe te tjera nepermjet lidhjeve. Pala pergjegjese per trajtimin e te dhenave personale eshte Bashkia Kucove, me adrese: Lagjia nr. 1, Blloku &#8220;Tafil Skendo&#8221;, Kucove, Shqiperi.<\/p>\n\n\n\n<p><strong>Perpunimi i te dhenave personale<\/strong><\/p>\n\n\n\n<p>Perpunimi i te dhenave personale ne lidhje me sherbimet qe ofrohen nepermjet internetit nga kjo faqe menaxhohet nga stafi i Sektorit te Informacionit dhe Marredhenieve me Publikun.&nbsp; Asnje informacion qe merret nga sherbimi i internetit nuk perhapet, ai perdoret per te dhena statistikore nga po kjo zyre dhe me qellim dhenien e nje sherbimi te caktuar. Ky informacion mund tu jepet institucioneve te tjera vetem ne rastet kur e parashikon ligji i posacem. Punonjesit e kesaj zyre dhe punonjesit e institucionit tone jane te detyruar te respektojne konfidencialitetin e plote ne lidhje me keto te dhena. Bashkia Kucove monitoron gjithe kete proces.<\/p>\n\n\n\n<p><strong>Kategorite e subjekteve qe perpunohen<\/strong><\/p>\n\n\n\n<p>Ne si institucion Bashkia Kucove marrim te dhena per subjekte ( qytetare, aplikues per pune, punonjesve te institucionit etj) dhe i mbajm ato me qellim ofrimin e nje sherbimi te caktuar, shqyrtimin e kerkesave dhe ankesave te tyre, si edhe keto te dhena mund te perdoren me qellim perpunimin e te dhenave statistikore. Te dhenat jepen me deshire nga perdoruesi, nepermjet webit apo adreses zyrtare te email-it te Bashkise Kucove dhe te dhenave personale mund te perdoren vetem me pelqimin e personit ne fjale. Ne rastin e aplikimeve per pune qe mund te vijne edhe nepermjet adreses se email-it, i perdorim vetem per fazen e aplikimin dhe ruhen deri ne perfundimin e procesit. Per sa i takon te dhenave personale te punonjesve te Bashkise Kucove ato publikohen duke informuar dhe marre miratimin e tyre, kur ligji i posacem parashikon ndryshe veprohet ne perputhje me ligjislacionin ne fuqi.<\/p>\n\n\n\n<p><strong>Menyra e perpunimit te te dhenave personale<\/strong><\/p>\n\n\n\n<p>Te dhenat personale te subjekteve perpunohen ne menyre elektronike dhe manuale dhe perdoren masa te larta sigurie per ruajtje e tyre, perdorimin e paligjshem apo edhe nderhyrjet e paautorizuara.<\/p>\n\n\n\n<p><strong>Aksesi i te dhenave personale<\/strong><\/p>\n\n\n\n<p>Institucioni i Bashkise Kucove perpiqet qe te jete i hapur per te dhenat personale qe posedon persubjektet (qytetaret, ish-punonjesit, punonjesit etj).&nbsp; Cdo subjekt mund te paraqitetet personalisht ne instutucionin tone per te kerkuar informacionet e nevojshme ne lidhje me te dhenat e tij. Por per te dhenat personale qe ne mbajme ne perputhje me ligjin nr.9887, date 10.03.2008 &#8221; Per mbrojtjen e te dhenave personale&#8221;, i ndryshuar eshte e nevojshme te beni nje kerkese me shkrim prane institucionit tone.<\/p>\n\n\n\n<p><strong>Te drejtat e subjektit te te dhenave personale<\/strong><\/p>\n\n\n\n<p>Individet, te dhenat e te cileve perpunohen nga institucioni yne, kane te drejte ne baze te ligjit nr.9887, date 10.03.2008 &#8221; Per mbrojtjen e te dhenave personale&#8221;, i ndryshuar, te kerkojne ne cdo kohe konfirmimin e ekzistences se ketij informacioni, ta poseidojne ate, te kerkojne informacion mbi burimet e marra, mbi menyren se si perpunohet dhe ruhet ky informacion.<\/p>\n\n\n\n<p><strong>Polikika e sigurise e te dhenave qe perpunohen<\/strong><\/p>\n\n\n\n<p>Ne zbatim dhe respektim te ligjit nr.9887, date 10.03.2008 &#8221; Per mbrojtjen e te dhenave personale&#8221;, i ndryshuar dhe ruajtjen e integritetit personal, eshte i nevojshem hartimi i politikave te privatesise dhe respektimi i te dhenave personale. Institucioni Bashkia Kucove perpiqet qe keto te dhena te jene konfidenciale dhe te perdoren me qellime pune, te mos lejohet perdorimi i padrejte i tyre apo nderhyrje e autorizuara. Punonjesit e Bashkise Kucove jane te detyruar te respektojne ligjin dhe politiken e privatesise te institucionin tone.<\/p>\n\n\n\n<p><strong>Si te na kontaktoni<\/strong><\/p>\n\n\n\n<p>Kerkesat per informacion ne lidhje me politikat e privatesise mund te dergohen me email ne adresen <a href=\"mailto:bashkiakucove@yahoo.com\">bashkiakucove@yahoo.com<\/a>, ose mun te paraqiteni personalisht prane institucionit tone.\u200b<\/p>\n\n\n\n<p>Kjo rregullore ka p\u00ebr objekt krijimin e nj\u00eb kuadri rregullator p\u00ebr funksionimin me efikasitet dhe efi\u00e7enc\u00eb t\u00eb veprimtaris\u00eb s\u00eb administrat\u00ebs s\u00eb Bashkis\u00eb s\u00eb Ku\u00e7ov\u00ebs, p\u00ebr realizimin e funksioneve dhe kompetencave t\u00eb saj t\u00eb p\u00ebrcaktuara n\u00eb aktet ligjore dhe n\u00ebnligjore n\u00eb fuqi n\u00eb Republik\u00ebn e Shqip\u00ebris\u00eb.&nbsp;<\/p>\n\n\n\n<p>Kjo rregullore mb\u00ebshtetet n\u00eb ligjin nr. 115\/2014 Per ndarjen Administrativo-Territoriale te njesive te qeverisjes vendore ne Republiken e Shqiperise, i ndryshuar;\u00a0 ligjin 139\/2015 &#8220;Per Veteqeverisjen Vendore&#8221;; \u00a0ligjin nr. 44\/2015 &#8220;Kodi i procedurave administrative ne Republiken e Shqiperise&#8221;; ligjin nr. 7961, dat\u00eb 12.07.1995 &#8220;Kodi i Pun\u00ebs i Republik\u00ebs s\u00eb Shqip\u00ebris\u00eb (i ndryshuar); ligjin 152\/2013 &#8220;Per nepunesin civil&#8221; i ndryshuar; ligjin nr. 9131, dat\u00eb 08.09.2003 &#8220;P\u00ebr rregullat e etik\u00ebs n\u00eb Administrat\u00ebn Publike&#8221;; ligjin nr. 119\/2014 &#8220;Per te drejten e informimit&#8221;; ligjin nr.9887, dat\u00eb 10.3.2008 &#8220;P\u00ebr mbrojtjen e t\u00eb dh\u00ebnave personale&#8221;; ligjin nr.9367, dat\u00eb 07.04.2005 &#8220;P\u00ebr parandalimin e konfliktit t\u00eb interesave n\u00eb ushtrimin e funksioneve publike&#8221;, i ndryshuar; ligjin nr\u00a0 107\/2014&#8243;Per planifikimin e territorit&#8221; i ndryshuar; ligjin nr 9632 &#8220;Per sistemin e taksave vendore&#8221;i ndryshuar; ligjin nr. 9936, dat\u00eb 26.6.2008 &#8220;Per menaxhimin e sistemit buxhetor ne Republiken e Shqiperise&#8221; i ndryshuar; ligj nr.9920, dat\u00eb 19.5.2008 &#8220;Per procedurat tatimore ne Republiken e Shqiperise&#8221; i ndryshuar; ligjin nr. 8224, date 15.5.1997 &#8220;Per organizimin dhe funksionimin e policise bashkiake dhe te komunes&#8221; i ndryshuar; ligjin nr. 8927, dat\u00eb 25.7.2002 &#8220;P\u00ebr Prefektin&#8221;, si dhe aktve te tjera ligjore dhe nenligjore qe rregullojne marrdheniet institucionale, nderinstitucionale dhe veprimtarine administrative te Bashkise Ku\u00e7ov\u00eb.\u00a0\u200b \u00a0 <\/p>\n\n\n\n<p>\u00a0lexo me shume:<\/p>\n\n\n\n<div class=\"wp-block-file\"><a href=\"https:\/\/bashkiakucove.gov.al\/wp-content\/uploads\/2021\/10\/RREGULLORE-E-BRENDSHME-pdf.pdf\">RREGULLORE-E-BRENDSHME-pdf<\/a><a href=\"https:\/\/bashkiakucove.gov.al\/wp-content\/uploads\/2021\/10\/RREGULLORE-E-BRENDSHME-pdf.pdf\" class=\"wp-block-file__button\" download>Download<\/a><\/div>\n\n\n\n<p><\/p>\n","protected":false},"excerpt":{"rendered":"<p>Si i perdorim ne te dhenat tuaja personale! Ne websit-in e Bashkise Kucove, www.bashkiakucove.gov.al, ne disa rubrika si kerkese\/ankese, qytetaret, komuniteti, kontakto kryetarin, kerkohet nga perdoruesi qe te plotesohen disa te dhena personale. Bashkia Kucove ne kete kuader mbledh te dhenat tuaja personale. Kjo vlen per te dhenat e qytetareve te cilet paraqesin kerkesat e [&hellip;]<\/p>\n","protected":false},"author":1,"featured_media":0,"parent":815,"menu_order":0,"comment_status":"closed","ping_status":"closed","template":"","meta":{"_acf_changed":false,"footnotes":""},"class_list":["post-819","page","type-page","status-publish","hentry"],"acf":[],"yoast_head":"<!-- This site is optimized with the Yoast SEO plugin v27.3 - https:\/\/yoast.com\/product\/yoast-seo-wordpress\/ -->\n<title>Politikat e Privat\u00ebsis\u00eb - Bashkia Kucove<\/title>\n<meta name=\"description\" content=\"Politikat e Privat\u00ebsis\u00eb Bashkia Kucove\" \/>\n<meta name=\"robots\" content=\"index, follow, max-snippet:-1, max-image-preview:large, max-video-preview:-1\" \/>\n<link rel=\"canonical\" href=\"https:\/\/bashkiakucove.gov.al\/?page_id=819\" \/>\n<meta property=\"og:locale\" content=\"en_US\" \/>\n<meta property=\"og:type\" content=\"article\" \/>\n<meta property=\"og:title\" content=\"Politikat e Privat\u00ebsis\u00eb - Bashkia Kucove\" \/>\n<meta property=\"og:description\" content=\"Politikat e Privat\u00ebsis\u00eb Bashkia Kucove\" \/>\n<meta property=\"og:url\" content=\"https:\/\/bashkiakucove.gov.al\/?page_id=819\" \/>\n<meta property=\"og:site_name\" content=\"Bashkia Kucove\" \/>\n<meta property=\"article:modified_time\" content=\"2021-10-26T10:02:30+00:00\" \/>\n<meta name=\"twitter:card\" content=\"summary_large_image\" \/>\n<meta name=\"twitter:label1\" content=\"Est. reading time\" \/>\n\t<meta name=\"twitter:data1\" content=\"5 minutes\" \/>\n<script type=\"application\/ld+json\" class=\"yoast-schema-graph\">{\"@context\":\"https:\\\/\\\/schema.org\",\"@graph\":[{\"@type\":\"WebPage\",\"@id\":\"https:\\\/\\\/bashkiakucove.gov.al\\\/?page_id=819\",\"url\":\"https:\\\/\\\/bashkiakucove.gov.al\\\/?page_id=819\",\"name\":\"Politikat e Privat\u00ebsis\u00eb - Bashkia Kucove\",\"isPartOf\":{\"@id\":\"https:\\\/\\\/bashkiakucove.gov.al\\\/#website\"},\"datePublished\":\"2021-09-21T08:07:38+00:00\",\"dateModified\":\"2021-10-26T10:02:30+00:00\",\"description\":\"Politikat e Privat\u00ebsis\u00eb Bashkia Kucove\",\"breadcrumb\":{\"@id\":\"https:\\\/\\\/bashkiakucove.gov.al\\\/?page_id=819#breadcrumb\"},\"inLanguage\":\"en-US\",\"potentialAction\":[{\"@type\":\"ReadAction\",\"target\":[\"https:\\\/\\\/bashkiakucove.gov.al\\\/?page_id=819\"]}]},{\"@type\":\"BreadcrumbList\",\"@id\":\"https:\\\/\\\/bashkiakucove.gov.al\\\/?page_id=819#breadcrumb\",\"itemListElement\":[{\"@type\":\"ListItem\",\"position\":1,\"name\":\"Home\",\"item\":\"https:\\\/\\\/bashkiakucove.gov.al\\\/\"},{\"@type\":\"ListItem\",\"position\":2,\"name\":\"Programi i Transparenc\u00ebs!\",\"item\":\"https:\\\/\\\/bashkiakucove.gov.al\\\/?page_id=815\"},{\"@type\":\"ListItem\",\"position\":3,\"name\":\"Politikat e Privat\u00ebsis\u00eb\"}]},{\"@type\":\"WebSite\",\"@id\":\"https:\\\/\\\/bashkiakucove.gov.al\\\/#website\",\"url\":\"https:\\\/\\\/bashkiakucove.gov.al\\\/\",\"name\":\"Bashkia Kucove\",\"description\":\"Bashkia Kucove\",\"potentialAction\":[{\"@type\":\"SearchAction\",\"target\":{\"@type\":\"EntryPoint\",\"urlTemplate\":\"https:\\\/\\\/bashkiakucove.gov.al\\\/?s={search_term_string}\"},\"query-input\":{\"@type\":\"PropertyValueSpecification\",\"valueRequired\":true,\"valueName\":\"search_term_string\"}}],\"inLanguage\":\"en-US\"}]}<\/script>\n<!-- \/ Yoast SEO plugin. -->","yoast_head_json":{"title":"Politikat e Privat\u00ebsis\u00eb - Bashkia Kucove","description":"Politikat e Privat\u00ebsis\u00eb Bashkia Kucove","robots":{"index":"index","follow":"follow","max-snippet":"max-snippet:-1","max-image-preview":"max-image-preview:large","max-video-preview":"max-video-preview:-1"},"canonical":"https:\/\/bashkiakucove.gov.al\/?page_id=819","og_locale":"en_US","og_type":"article","og_title":"Politikat e Privat\u00ebsis\u00eb - Bashkia Kucove","og_description":"Politikat e Privat\u00ebsis\u00eb Bashkia Kucove","og_url":"https:\/\/bashkiakucove.gov.al\/?page_id=819","og_site_name":"Bashkia Kucove","article_modified_time":"2021-10-26T10:02:30+00:00","twitter_card":"summary_large_image","twitter_misc":{"Est. reading time":"5 minutes"},"schema":{"@context":"https:\/\/schema.org","@graph":[{"@type":"WebPage","@id":"https:\/\/bashkiakucove.gov.al\/?page_id=819","url":"https:\/\/bashkiakucove.gov.al\/?page_id=819","name":"Politikat e Privat\u00ebsis\u00eb - Bashkia Kucove","isPartOf":{"@id":"https:\/\/bashkiakucove.gov.al\/#website"},"datePublished":"2021-09-21T08:07:38+00:00","dateModified":"2021-10-26T10:02:30+00:00","description":"Politikat e Privat\u00ebsis\u00eb Bashkia Kucove","breadcrumb":{"@id":"https:\/\/bashkiakucove.gov.al\/?page_id=819#breadcrumb"},"inLanguage":"en-US","potentialAction":[{"@type":"ReadAction","target":["https:\/\/bashkiakucove.gov.al\/?page_id=819"]}]},{"@type":"BreadcrumbList","@id":"https:\/\/bashkiakucove.gov.al\/?page_id=819#breadcrumb","itemListElement":[{"@type":"ListItem","position":1,"name":"Home","item":"https:\/\/bashkiakucove.gov.al\/"},{"@type":"ListItem","position":2,"name":"Programi i Transparenc\u00ebs!","item":"https:\/\/bashkiakucove.gov.al\/?page_id=815"},{"@type":"ListItem","position":3,"name":"Politikat e Privat\u00ebsis\u00eb"}]},{"@type":"WebSite","@id":"https:\/\/bashkiakucove.gov.al\/#website","url":"https:\/\/bashkiakucove.gov.al\/","name":"Bashkia Kucove","description":"Bashkia Kucove","potentialAction":[{"@type":"SearchAction","target":{"@type":"EntryPoint","urlTemplate":"https:\/\/bashkiakucove.gov.al\/?s={search_term_string}"},"query-input":{"@type":"PropertyValueSpecification","valueRequired":true,"valueName":"search_term_string"}}],"inLanguage":"en-US"}]}},"_links":{"self":[{"href":"https:\/\/bashkiakucove.gov.al\/index.php?rest_route=\/wp\/v2\/pages\/819","targetHints":{"allow":["GET"]}}],"collection":[{"href":"https:\/\/bashkiakucove.gov.al\/index.php?rest_route=\/wp\/v2\/pages"}],"about":[{"href":"https:\/\/bashkiakucove.gov.al\/index.php?rest_route=\/wp\/v2\/types\/page"}],"author":[{"embeddable":true,"href":"https:\/\/bashkiakucove.gov.al\/index.php?rest_route=\/wp\/v2\/users\/1"}],"replies":[{"embeddable":true,"href":"https:\/\/bashkiakucove.gov.al\/index.php?rest_route=%2Fwp%2Fv2%2Fcomments&post=819"}],"version-history":[{"count":1,"href":"https:\/\/bashkiakucove.gov.al\/index.php?rest_route=\/wp\/v2\/pages\/819\/revisions"}],"predecessor-version":[{"id":966,"href":"https:\/\/bashkiakucove.gov.al\/index.php?rest_route=\/wp\/v2\/pages\/819\/revisions\/966"}],"up":[{"embeddable":true,"href":"https:\/\/bashkiakucove.gov.al\/index.php?rest_route=\/wp\/v2\/pages\/815"}],"wp:attachment":[{"href":"https:\/\/bashkiakucove.gov.al\/index.php?rest_route=%2Fwp%2Fv2%2Fmedia&parent=819"}],"curies":[{"name":"wp","href":"https:\/\/api.w.org\/{rel}","templated":true}]}}